{"id":14161,"date":"2022-10-31T19:31:39","date_gmt":"2022-10-31T22:31:39","guid":{"rendered":"https:\/\/universomola.com\/?page_id=14161"},"modified":"2022-10-31T19:59:08","modified_gmt":"2022-10-31T22:59:08","slug":"taller-mola","status":"publish","type":"page","link":"https:\/\/universomola.com\/en\/taller-mola\/","title":{"rendered":"Taller MOLA"},"content":{"rendered":"<div class=\"fusion-fullwidth fullwidth-box fusion-builder-row-1 fusion-flex-container nonhundred-percent-fullwidth non-hundred-percent-height-scrolling\" style=\"--awb-border-radius-top-left:0px;--awb-border-radius-top-right:0px;--awb-border-radius-bottom-right:0px;--awb-border-radius-bottom-left:0px;--awb-flex-wrap:wrap;\" ><div class=\"fusion-builder-row fusion-row fusion-flex-align-items-flex-start fusion-flex-content-wrap\" style=\"max-width:1248px;margin-left: calc(-4% \/ 2 );margin-right: calc(-4% \/ 2 );\"><div class=\"fusion-layout-column fusion_builder_column fusion-builder-column-0 fusion_builder_column_1_4 1_4 fusion-flex-column\" style=\"--awb-bg-size:cover;--awb-width-large:25%;--awb-margin-top-large:25px;--awb-spacing-right-large:7.68%;--awb-margin-bottom-large:25px;--awb-spacing-left-large:7.68%;--awb-width-medium:100%;--awb-order-medium:0;--awb-spacing-right-medium:1.92%;--awb-spacing-left-medium:1.92%;--awb-width-small:100%;--awb-order-small:0;--awb-spacing-right-small:1.92%;--awb-spacing-left-small:1.92%;\"><div class=\"fusion-column-wrapper fusion-column-has-shadow fusion-flex-justify-content-flex-start fusion-content-layout-column\"><div class=\"fusion-separator fusion-full-width-sep\" style=\"align-self: center;margin-left: auto;margin-right: auto;width:100%;\"><\/div><div class=\"fusion-image-element\" style=\"--awb-caption-title-font-family:var(--h2_typography-font-family);--awb-caption-title-font-weight:var(--h2_typography-font-weight);--awb-caption-title-font-style:var(--h2_typography-font-style);--awb-caption-title-size:var(--h2_typography-font-size);--awb-caption-title-transform:var(--h2_typography-text-transform);--awb-caption-title-line-height:var(--h2_typography-line-height);--awb-caption-title-letter-spacing:var(--h2_typography-letter-spacing);\"><span class=\"fusion-imageframe imageframe-none imageframe-1 hover-type-zoomin\"><a class=\"fusion-no-lightbox\" href=\"https:\/\/forms.gle\/n3BNMeVNQrwnPoSg9\" target=\"_self\" aria-label=\"photo_2022-10-31_12-41-56\"><img decoding=\"async\" width=\"400\" height=\"515\" data-src=\"https:\/\/universomola.com\/wp-content\/uploads\/2022\/10\/photo_2022-10-31_12-41-56-400x515.jpg\" alt class=\"img-responsive wp-image-14159 lazyload\" data-srcset=\"https:\/\/universomola.com\/wp-content\/uploads\/2022\/10\/photo_2022-10-31_12-41-56-200x258.jpg 200w, https:\/\/universomola.com\/wp-content\/uploads\/2022\/10\/photo_2022-10-31_12-41-56-400x515.jpg 400w, https:\/\/universomola.com\/wp-content\/uploads\/2022\/10\/photo_2022-10-31_12-41-56-600x773.jpg 600w, https:\/\/universomola.com\/wp-content\/uploads\/2022\/10\/photo_2022-10-31_12-41-56-800x1030.jpg 800w, https:\/\/universomola.com\/wp-content\/uploads\/2022\/10\/photo_2022-10-31_12-41-56.jpg 994w\" data-sizes=\"(max-width: 875px) 100vw, (max-width: 620px) 100vw, 400px\" src=\"data:image\/svg+xml;base64,PHN2ZyB3aWR0aD0iMSIgaGVpZ2h0PSIxIiB4bWxucz0iaHR0cDovL3d3dy53My5vcmcvMjAwMC9zdmciPjwvc3ZnPg==\" style=\"--smush-placeholder-width: 400px; --smush-placeholder-aspect-ratio: 400\/515;\" \/><\/a><\/span><\/div><\/div><\/div><div class=\"fusion-layout-column fusion_builder_column fusion-builder-column-1 fusion-flex-column\" style=\"--awb-bg-size:cover;--awb-width-large:70.39%;--awb-margin-top-large:25px;--awb-spacing-right-large:2.7276601790027%;--awb-margin-bottom-large:25px;--awb-spacing-left-large:2.7276601790027%;--awb-width-medium:100%;--awb-order-medium:0;--awb-spacing-right-medium:1.92%;--awb-spacing-left-medium:1.92%;--awb-width-small:100%;--awb-order-small:0;--awb-spacing-right-small:1.92%;--awb-spacing-left-small:1.92%;\"><div class=\"fusion-column-wrapper fusion-column-has-shadow fusion-flex-justify-content-flex-start fusion-content-layout-column\"><div class=\"fusion-text fusion-text-1\" style=\"--awb-text-font-family:Arial, Helvetica, sans-serif;--awb-text-font-style:normal;--awb-text-font-weight:400;\"><h3 class=\"style-scope ytd-watch-metadata\" style=\"text-align: center; --fontsize: 28; line-height: 1.26;\" data-fontsize=\"28\" data-lineheight=\"35.28px\"><span style=\"color: #603c63;\"><b>Taller MOLA<\/b><\/span><\/h3>\n<\/div><div class=\"fusion-text fusion-text-2\" style=\"--awb-text-font-family:Arial, Helvetica, sans-serif;--awb-text-font-style:normal;--awb-text-font-weight:400;\"><h3 class=\"style-scope ytd-watch-metadata\" style=\"text-align: center; --fontsize: 28; line-height: 1.26;\" data-fontsize=\"28\" data-lineheight=\"35.28px\"><span style=\"color: #603c63;\"><b style=\"font-size: 17px;\" data-fusion-font=\"true\">Evento Abierto de Charlas y networking en torno a moda sostenible latinoamericana<\/b><\/span><\/h3>\n<\/div><div class=\"fusion-text fusion-text-3\"><p style=\"color: rgb(0, 0, 0);\">\u00a1Atenci\u00f3n Venezuela! \u00a1Finalmente! Artesanxs Marcas y dise\u00f1adores venezolanas no se pierdan esta gran oportunidad de aprendizaje que ofrece Universo Mola programa de la Fundaci\u00f3n entre Soles y Lunas con el apoyo de Fashion Revolution Venezuela y Viable Latam. <\/p>\n<\/div><div class=\"fusion-title title fusion-title-1 fusion-sep-none fusion-title-center fusion-title-rotating fusion-loop-off fusion-title-flipInX fusion-title-size-one\" style=\"--awb-text-color:#603c63;--awb-font-size:30PX;\"><h1 class=\"fusion-title-heading title-heading-center fusion-responsive-typography-calculated\" style=\"margin:0;font-size:1em;--fontSize:16;--minFontSize:16;line-height:1.2;\"><span class=\"fusion-animated-text-prefix\">CRONOGRAMA<\/span>  <span class=\"fusion-animated-text-postfix\"><\/span><\/h1><\/div><div class=\"fusion-text fusion-text-4\"><p style=\"text-align: center; font-size: 17px; color: #000000;\" data-fusion-font=\"true\"><b> <\/b><\/p>\n<p style=\"text-align: center; font-size: 17px; color: #000000;\" data-fusion-font=\"true\">\n<p style=\"text-align: center; color: #000000;\"><b>10:00<\/b> am<\/p>\n<p style=\"text-align: center; color: #000000;\">Acreditaciones y Caf\u00e9 de la ma\u00f1ana<\/p>\n<p style=\"text-align: center; color: #000000;\"><b>10:15<\/b> Apertura del Taller por parte de Doris Helena Rojas Directora de Fundaci\u00f3n Entre Soles y Lunas.<\/p>\n<p style=\"text-align: center; color: #000000;\"><b>10:30<\/b> Karla Tovar directora de Fashion Revolution Venezuela expone sobre el movimiento en el pa\u00eds y el Upcycling como tejido del futuro.<\/p>\n<p style=\"text-align: center; color: #000000;\"><b>11:15<\/b> Cdra. Lic. Guillermina M. Castro B\u00e9duchaud directora de Viable Latam expone sobre planificaci\u00f3n estrat\u00e9gica para la sostenibilidad.<\/p>\n<p style=\"text-align: center; color: #000000;\"><b>12:00<\/b> Valentina Suarez directora de Universo Mola expone sobre negocio de modelo de moda sostenible.<\/p>\n<p style=\"text-align: center; color: #000000;\"><b>12:45<\/b> Espacio de Networking<\/p>\n<p style=\"text-align: center; color: #000000;\"><b>Entrada libre<\/b><\/p>\n<\/div><div style=\"text-align:center;\"><a class=\"fusion-button button-3d button-xlarge button-custom fusion-button-default button-1 fusion-button-default-span\" style=\"--button_bevel_color:#603c63;--button_accent_color:#ffffff;--button_accent_hover_color:#ffffff;--button_border_hover_color:var(--awb-custom_color_5);--button-border-radius-top-left:0;--button-border-radius-top-right:0;--button-border-radius-bottom-right:0;--button-border-radius-bottom-left:0;--button_gradient_top_color:#603c63;--button_gradient_bottom_color:#603c63;--button_gradient_top_color_hover:#603c63;--button_gradient_bottom_color_hover:#603c63;--button_margin-top:10px;\" target=\"_self\" href=\"https:\/\/forms.gle\/n3BNMeVNQrwnPoSg9\"><span class=\"fusion-button-text\">\u00a1Inscribete Aqu\u00ed!<\/span><\/a><\/div><div class=\"fusion-separator fusion-full-width-sep\" style=\"align-self: center;margin-left: auto;margin-right: auto;width:100%;\"><div class=\"fusion-separator-border sep-single sep-solid\" style=\"--awb-height:20px;--awb-amount:20px;border-color:rgba(40,45,51,0.1);border-top-width:1px;\"><\/div><\/div><div class=\"fusion-separator fusion-full-width-sep\" style=\"align-self: center;margin-left: auto;margin-right: auto;margin-bottom:35px;width:100%;\"><\/div><\/div><\/div><\/div><\/div>","protected":false},"excerpt":{"rendered":"","protected":false},"author":9,"featured_media":0,"parent":0,"menu_order":0,"comment_status":"closed","ping_status":"closed","template":"","meta":{"_monsterinsights_skip_tracking":false,"_monsterinsights_sitenote_active":false,"_monsterinsights_sitenote_note":"","_monsterinsights_sitenote_category":0,"footnotes":""},"class_list":["post-14161","page","type-page","status-publish","hentry"],"_links":{"self":[{"href":"https:\/\/universomola.com\/en\/wp-json\/wp\/v2\/pages\/14161","targetHints":{"allow":["GET"]}}],"collection":[{"href":"https:\/\/universomola.com\/en\/wp-json\/wp\/v2\/pages"}],"about":[{"href":"https:\/\/universomola.com\/en\/wp-json\/wp\/v2\/types\/page"}],"author":[{"embeddable":true,"href":"https:\/\/universomola.com\/en\/wp-json\/wp\/v2\/users\/9"}],"replies":[{"embeddable":true,"href":"https:\/\/universomola.com\/en\/wp-json\/wp\/v2\/comments?post=14161"}],"version-history":[{"count":4,"href":"https:\/\/universomola.com\/en\/wp-json\/wp\/v2\/pages\/14161\/revisions"}],"predecessor-version":[{"id":14169,"href":"https:\/\/universomola.com\/en\/wp-json\/wp\/v2\/pages\/14161\/revisions\/14169"}],"wp:attachment":[{"href":"https:\/\/universomola.com\/en\/wp-json\/wp\/v2\/media?parent=14161"}],"curies":[{"name":"wp","href":"https:\/\/api.w.org\/{rel}","templated":true}]}}