{"id":33046,"date":"2023-09-22T00:14:57","date_gmt":"2023-09-22T03:14:57","guid":{"rendered":"https:\/\/universomola.com\/?page_id=33046"},"modified":"2024-02-20T14:30:50","modified_gmt":"2024-02-20T19:30:50","slug":"juana-montoya","status":"publish","type":"page","link":"https:\/\/universomola.com\/en\/juana-montoya\/","title":{"rendered":"Juana Montoya"},"content":{"rendered":"<div class=\"fusion-fullwidth fullwidth-box fusion-builder-row-1 fusion-flex-container has-pattern-background has-mask-background hundred-percent-fullwidth non-hundred-percent-height-scrolling\" style=\"--awb-border-radius-top-left:0px;--awb-border-radius-top-right:0px;--awb-border-radius-bottom-right:0px;--awb-border-radius-bottom-left:0px;--awb-flex-wrap:wrap;\" ><div class=\"fusion-builder-row fusion-row fusion-flex-align-items-center fusion-flex-justify-content-center fusion-flex-content-wrap\" style=\"width:104% !important;max-width:104% !important;margin-left: calc(-4% \/ 2 );margin-right: calc(-4% \/ 2 );\"><div class=\"fusion-layout-column fusion_builder_column fusion-builder-column-0 fusion_builder_column_1_5 1_5 fusion-flex-column fusion-flex-align-self-flex-start\" style=\"--awb-bg-size:cover;--awb-width-large:20%;--awb-margin-top-large:25px;--awb-spacing-right-large:9.6%;--awb-margin-bottom-large:25px;--awb-spacing-left-large:9.6%;--awb-width-medium:100%;--awb-order-medium:0;--awb-spacing-right-medium:1.92%;--awb-spacing-left-medium:1.92%;--awb-width-small:100%;--awb-order-small:0;--awb-spacing-right-small:1.92%;--awb-spacing-left-small:1.92%;\" data-motion-effects=\"[{&quot;type&quot;:&quot;&quot;,&quot;scroll_type&quot;:&quot;transition&quot;,&quot;scroll_direction&quot;:&quot;up&quot;,&quot;transition_speed&quot;:&quot;1&quot;,&quot;fade_type&quot;:&quot;in&quot;,&quot;scale_type&quot;:&quot;up&quot;,&quot;initial_scale&quot;:&quot;1&quot;,&quot;max_scale&quot;:&quot;1.5&quot;,&quot;min_scale&quot;:&quot;0.5&quot;,&quot;initial_rotate&quot;:&quot;0&quot;,&quot;end_rotate&quot;:&quot;30&quot;,&quot;initial_blur&quot;:&quot;0&quot;,&quot;end_blur&quot;:&quot;3&quot;,&quot;start_element&quot;:&quot;top&quot;,&quot;start_viewport&quot;:&quot;bottom&quot;,&quot;end_element&quot;:&quot;bottom&quot;,&quot;end_viewport&quot;:&quot;top&quot;,&quot;mouse_effect&quot;:&quot;track&quot;,&quot;mouse_effect_direction&quot;:&quot;opposite&quot;,&quot;mouse_effect_speed&quot;:&quot;2&quot;,&quot;infinite_animation&quot;:&quot;float&quot;,&quot;infinite_animation_speed&quot;:&quot;2&quot;}]\" data-scroll-devices=\"small-visibility,medium-visibility,large-visibility\"><div class=\"fusion-column-wrapper fusion-column-has-shadow fusion-flex-justify-content-center fusion-content-layout-column\"><div class=\"fusion-text fusion-text-1\"><h4 style=\"text-align: center;\"><strong>Informaci\u00f3n de la Marca<\/strong><\/h4>\n<p style=\"text-align: center;\"><a href=\"https:\/\/www.instagram.com\/juanamontoya.diseno\/\">Instagram<\/a><\/p>\n<p style=\"text-align: center;\"><a href=\"https:\/\/pe.fashionnetwork.com\/news\/La-textil-santista-realiza-una-colaboracion-con-la-artista-emergente-juana-montoya,1558584.html#max-mara\">Prensa<\/a><\/p>\n<\/div><\/div><\/div><div class=\"fusion-layout-column fusion_builder_column fusion-builder-column-1 fusion_builder_column_4_5 4_5 fusion-flex-column\" style=\"--awb-bg-size:cover;--awb-width-large:80%;--awb-margin-top-large:25px;--awb-spacing-right-large:2.4%;--awb-margin-bottom-large:25px;--awb-spacing-left-large:2.4%;--awb-width-medium:100%;--awb-order-medium:0;--awb-spacing-right-medium:1.92%;--awb-spacing-left-medium:1.92%;--awb-width-small:100%;--awb-order-small:0;--awb-spacing-right-small:1.92%;--awb-spacing-left-small:1.92%;\"><div class=\"fusion-column-wrapper fusion-column-has-shadow fusion-flex-justify-content-center fusion-content-layout-column\"><div class=\"fusion-text fusion-text-2\"><p>Esta marca se caracteriza por producir localmente y fusionar t\u00e9cnicas ancestrales con tejidos industriales.\u00a0 Surgi\u00f3 de la b\u00fasqueda de productores locales con procesos de elaboraci\u00f3n responsables y un fuerte enfoque en la sostenibilidad. Su colecci\u00f3n involucra a artesanas j\u00f3venes de entre 20 y 30 a\u00f1os, con el objetivo de fomentar la manufactura y brindarles la oportunidad de comprender que pueden vivir de su oficio. Esta iniciativa no solo impulsa la creatividad y el trabajo artesanal, sino que tambi\u00e9n aporta al compromiso social de Juana Montoya.<\/p>\n<\/div><div class=\"awb-gallery-wrapper awb-gallery-wrapper-1 button-span-no\" style=\"--more-btn-alignment:center;\"><div style=\"margin:-2px;--awb-bordersize:5px;--awb-bordercolor:var(--awb-custom_color_2);\" class=\"fusion-gallery fusion-gallery-container fusion-grid-2 fusion-columns-total-4 fusion-gallery-layout-masonry fusion-gallery-1\"><div class=\"fusion-grid-column fusion-gallery-column fusion-gallery-column-2 hover-type-none fusion-grid-sizer\"><\/div><div style=\"padding:2.5px;\" class=\"fusion-grid-column fusion-gallery-column fusion-gallery-column-2 hover-type-none fusion-element-portrait\"><div class=\"fusion-gallery-image\"><div style=\"background-image:inherit;padding-top:calc((100% + 4px) * 1.6);background-position:;\" class=\"fusion-masonry-element-container lazyload\" data-bg-image=\"url(https:\/\/universomola.com\/wp-content\/uploads\/2023\/12\/IMG_0887-1.jpg)\"><img decoding=\"async\" data-src=\"https:\/\/universomola.com\/wp-content\/uploads\/2023\/12\/IMG_0887-1.jpg\" width=\"1333\" height=\"2000\" alt=\"\" title=\"IMG_0887 (1)\" aria-label=\"IMG_0887 (1)\" class=\"img-responsive wp-image-50790 lazyload\" data-srcset=\"https:\/\/universomola.com\/wp-content\/uploads\/2023\/12\/IMG_0887-1-200x300.jpg 200w, https:\/\/universomola.com\/wp-content\/uploads\/2023\/12\/IMG_0887-1-400x600.jpg 400w, https:\/\/universomola.com\/wp-content\/uploads\/2023\/12\/IMG_0887-1-600x900.jpg 600w, https:\/\/universomola.com\/wp-content\/uploads\/2023\/12\/IMG_0887-1-800x1200.jpg 800w, https:\/\/universomola.com\/wp-content\/uploads\/2023\/12\/IMG_0887-1-1200x1800.jpg 1200w, https:\/\/universomola.com\/wp-content\/uploads\/2023\/12\/IMG_0887-1.jpg 1333w\" data-sizes=\"(min-width: 2200px) 100vw, (min-width: 756px) 599px, (min-width: 640px) 756px,\" src=\"data:image\/svg+xml;base64,PHN2ZyB3aWR0aD0iMSIgaGVpZ2h0PSIxIiB4bWxucz0iaHR0cDovL3d3dy53My5vcmcvMjAwMC9zdmciPjwvc3ZnPg==\" style=\"--smush-placeholder-width: 1333px; --smush-placeholder-aspect-ratio: 1333\/2000;\" \/><\/div><\/div><\/div><div style=\"padding:2.5px;\" class=\"fusion-grid-column fusion-gallery-column fusion-gallery-column-2 hover-type-none fusion-element-portrait\"><div class=\"fusion-gallery-image\"><div style=\"background-image:inherit;padding-top:calc((100% + 4px) * 1.6);background-position:;\" class=\"fusion-masonry-element-container lazyload\" data-bg-image=\"url(https:\/\/universomola.com\/wp-content\/uploads\/2023\/12\/IMG_0805-1.jpg)\"><img decoding=\"async\" data-src=\"https:\/\/universomola.com\/wp-content\/uploads\/2023\/12\/IMG_0805-1.jpg\" width=\"1333\" height=\"2000\" alt=\"\" title=\"IMG_0805 (1)\" aria-label=\"IMG_0805 (1)\" class=\"img-responsive wp-image-50791 lazyload\" data-srcset=\"https:\/\/universomola.com\/wp-content\/uploads\/2023\/12\/IMG_0805-1-200x300.jpg 200w, https:\/\/universomola.com\/wp-content\/uploads\/2023\/12\/IMG_0805-1-400x600.jpg 400w, https:\/\/universomola.com\/wp-content\/uploads\/2023\/12\/IMG_0805-1-600x900.jpg 600w, https:\/\/universomola.com\/wp-content\/uploads\/2023\/12\/IMG_0805-1-800x1200.jpg 800w, https:\/\/universomola.com\/wp-content\/uploads\/2023\/12\/IMG_0805-1-1200x1800.jpg 1200w, https:\/\/universomola.com\/wp-content\/uploads\/2023\/12\/IMG_0805-1.jpg 1333w\" data-sizes=\"(min-width: 2200px) 100vw, (min-width: 756px) 599px, (min-width: 640px) 756px,\" src=\"data:image\/svg+xml;base64,PHN2ZyB3aWR0aD0iMSIgaGVpZ2h0PSIxIiB4bWxucz0iaHR0cDovL3d3dy53My5vcmcvMjAwMC9zdmciPjwvc3ZnPg==\" style=\"--smush-placeholder-width: 1333px; --smush-placeholder-aspect-ratio: 1333\/2000;\" \/><\/div><\/div><\/div><div style=\"padding:2.5px;\" class=\"fusion-grid-column fusion-gallery-column fusion-gallery-column-2 hover-type-none fusion-element-portrait\"><div class=\"fusion-gallery-image\"><div style=\"background-image:inherit;padding-top:calc((100% + 4px) * 1.6);background-position:;\" class=\"fusion-masonry-element-container lazyload\" data-bg-image=\"url(https:\/\/universomola.com\/wp-content\/uploads\/2023\/12\/IMG_0766.jpg)\"><img decoding=\"async\" data-src=\"https:\/\/universomola.com\/wp-content\/uploads\/2023\/12\/IMG_0766.jpg\" width=\"1333\" height=\"2000\" alt=\"\" title=\"IMG_0766\" aria-label=\"IMG_0766\" class=\"img-responsive wp-image-50792 lazyload\" data-srcset=\"https:\/\/universomola.com\/wp-content\/uploads\/2023\/12\/IMG_0766-200x300.jpg 200w, https:\/\/universomola.com\/wp-content\/uploads\/2023\/12\/IMG_0766-400x600.jpg 400w, https:\/\/universomola.com\/wp-content\/uploads\/2023\/12\/IMG_0766-600x900.jpg 600w, https:\/\/universomola.com\/wp-content\/uploads\/2023\/12\/IMG_0766-800x1200.jpg 800w, https:\/\/universomola.com\/wp-content\/uploads\/2023\/12\/IMG_0766-1200x1800.jpg 1200w, https:\/\/universomola.com\/wp-content\/uploads\/2023\/12\/IMG_0766.jpg 1333w\" data-sizes=\"(min-width: 2200px) 100vw, (min-width: 756px) 599px, (min-width: 640px) 756px,\" src=\"data:image\/svg+xml;base64,PHN2ZyB3aWR0aD0iMSIgaGVpZ2h0PSIxIiB4bWxucz0iaHR0cDovL3d3dy53My5vcmcvMjAwMC9zdmciPjwvc3ZnPg==\" style=\"--smush-placeholder-width: 1333px; --smush-placeholder-aspect-ratio: 1333\/2000;\" \/><\/div><\/div><\/div><div style=\"padding:2.5px;\" class=\"fusion-grid-column fusion-gallery-column fusion-gallery-column-2 hover-type-none fusion-element-portrait\"><div class=\"fusion-gallery-image\"><div style=\"background-image:inherit;padding-top:calc((100% + 4px) * 1.6);background-position:;\" class=\"fusion-masonry-element-container lazyload\" data-bg-image=\"url(https:\/\/universomola.com\/wp-content\/uploads\/2023\/12\/IMG_0578-1.jpg)\"><img decoding=\"async\" data-src=\"https:\/\/universomola.com\/wp-content\/uploads\/2023\/12\/IMG_0578-1.jpg\" width=\"1333\" height=\"2000\" alt=\"\" title=\"IMG_0578 (1)\" aria-label=\"IMG_0578 (1)\" class=\"img-responsive wp-image-50793 lazyload\" data-srcset=\"https:\/\/universomola.com\/wp-content\/uploads\/2023\/12\/IMG_0578-1-200x300.jpg 200w, https:\/\/universomola.com\/wp-content\/uploads\/2023\/12\/IMG_0578-1-400x600.jpg 400w, https:\/\/universomola.com\/wp-content\/uploads\/2023\/12\/IMG_0578-1-600x900.jpg 600w, https:\/\/universomola.com\/wp-content\/uploads\/2023\/12\/IMG_0578-1-800x1200.jpg 800w, https:\/\/universomola.com\/wp-content\/uploads\/2023\/12\/IMG_0578-1-1200x1800.jpg 1200w, https:\/\/universomola.com\/wp-content\/uploads\/2023\/12\/IMG_0578-1.jpg 1333w\" data-sizes=\"(min-width: 2200px) 100vw, (min-width: 756px) 599px, (min-width: 640px) 756px,\" src=\"data:image\/svg+xml;base64,PHN2ZyB3aWR0aD0iMSIgaGVpZ2h0PSIxIiB4bWxucz0iaHR0cDovL3d3dy53My5vcmcvMjAwMC9zdmciPjwvc3ZnPg==\" style=\"--smush-placeholder-width: 1333px; --smush-placeholder-aspect-ratio: 1333\/2000;\" \/><\/div><\/div><\/div><\/div><\/div><\/div><\/div><\/div><\/div>","protected":false},"excerpt":{"rendered":"","protected":false},"author":9,"featured_media":0,"parent":0,"menu_order":0,"comment_status":"closed","ping_status":"closed","template":"100-width.php","meta":{"_monsterinsights_skip_tracking":false,"_monsterinsights_sitenote_active":false,"_monsterinsights_sitenote_note":"","_monsterinsights_sitenote_category":0,"footnotes":""},"class_list":["post-33046","page","type-page","status-publish","hentry"],"_links":{"self":[{"href":"https:\/\/universomola.com\/en\/wp-json\/wp\/v2\/pages\/33046","targetHints":{"allow":["GET"]}}],"collection":[{"href":"https:\/\/universomola.com\/en\/wp-json\/wp\/v2\/pages"}],"about":[{"href":"https:\/\/universomola.com\/en\/wp-json\/wp\/v2\/types\/page"}],"author":[{"embeddable":true,"href":"https:\/\/universomola.com\/en\/wp-json\/wp\/v2\/users\/9"}],"replies":[{"embeddable":true,"href":"https:\/\/universomola.com\/en\/wp-json\/wp\/v2\/comments?post=33046"}],"version-history":[{"count":5,"href":"https:\/\/universomola.com\/en\/wp-json\/wp\/v2\/pages\/33046\/revisions"}],"predecessor-version":[{"id":62806,"href":"https:\/\/universomola.com\/en\/wp-json\/wp\/v2\/pages\/33046\/revisions\/62806"}],"wp:attachment":[{"href":"https:\/\/universomola.com\/en\/wp-json\/wp\/v2\/media?parent=33046"}],"curies":[{"name":"wp","href":"https:\/\/api.w.org\/{rel}","templated":true}]}}