{"id":33065,"date":"2023-09-22T19:10:19","date_gmt":"2023-09-22T22:10:19","guid":{"rendered":"https:\/\/universomola.com\/?page_id=33065"},"modified":"2024-02-20T14:18:48","modified_gmt":"2024-02-20T19:18:48","slug":"la-vestiduria","status":"publish","type":"page","link":"https:\/\/universomola.com\/en\/la-vestiduria\/","title":{"rendered":"La Vestidur\u00eda"},"content":{"rendered":"<div class=\"fusion-fullwidth fullwidth-box fusion-builder-row-1 fusion-flex-container has-pattern-background has-mask-background hundred-percent-fullwidth non-hundred-percent-height-scrolling\" style=\"--awb-border-radius-top-left:0px;--awb-border-radius-top-right:0px;--awb-border-radius-bottom-right:0px;--awb-border-radius-bottom-left:0px;--awb-flex-wrap:wrap;\" ><div class=\"fusion-builder-row fusion-row fusion-flex-align-items-center fusion-flex-justify-content-center fusion-flex-content-wrap\" style=\"width:104% !important;max-width:104% !important;margin-left: calc(-4% \/ 2 );margin-right: calc(-4% \/ 2 );\"><div class=\"fusion-layout-column fusion_builder_column fusion-builder-column-0 fusion_builder_column_1_5 1_5 fusion-flex-column fusion-flex-align-self-flex-start\" style=\"--awb-bg-size:cover;--awb-width-large:20%;--awb-margin-top-large:25px;--awb-spacing-right-large:9.6%;--awb-margin-bottom-large:25px;--awb-spacing-left-large:9.6%;--awb-width-medium:100%;--awb-order-medium:0;--awb-spacing-right-medium:1.92%;--awb-spacing-left-medium:1.92%;--awb-width-small:100%;--awb-order-small:0;--awb-spacing-right-small:1.92%;--awb-spacing-left-small:1.92%;\" data-motion-effects=\"[{&quot;type&quot;:&quot;&quot;,&quot;scroll_type&quot;:&quot;transition&quot;,&quot;scroll_direction&quot;:&quot;up&quot;,&quot;transition_speed&quot;:&quot;1&quot;,&quot;fade_type&quot;:&quot;in&quot;,&quot;scale_type&quot;:&quot;up&quot;,&quot;initial_scale&quot;:&quot;1&quot;,&quot;max_scale&quot;:&quot;1.5&quot;,&quot;min_scale&quot;:&quot;0.5&quot;,&quot;initial_rotate&quot;:&quot;0&quot;,&quot;end_rotate&quot;:&quot;30&quot;,&quot;initial_blur&quot;:&quot;0&quot;,&quot;end_blur&quot;:&quot;3&quot;,&quot;start_element&quot;:&quot;top&quot;,&quot;start_viewport&quot;:&quot;bottom&quot;,&quot;end_element&quot;:&quot;bottom&quot;,&quot;end_viewport&quot;:&quot;top&quot;,&quot;mouse_effect&quot;:&quot;track&quot;,&quot;mouse_effect_direction&quot;:&quot;opposite&quot;,&quot;mouse_effect_speed&quot;:&quot;2&quot;,&quot;infinite_animation&quot;:&quot;float&quot;,&quot;infinite_animation_speed&quot;:&quot;2&quot;}]\" data-scroll-devices=\"small-visibility,medium-visibility,large-visibility\"><div class=\"fusion-column-wrapper fusion-column-has-shadow fusion-flex-justify-content-flex-start fusion-content-layout-column\"><div class=\"fusion-text fusion-text-1\"><h4 style=\"text-align: center;\"><strong>Informaci\u00f3n de la Marca<\/strong><\/h4>\n<p style=\"text-align: center;\"><a href=\"mailto:hola@lavestiduriauy.com\">Contacto<\/a><\/p>\n<p style=\"text-align: center;\"><a href=\"https:\/\/www.lavestiduriauy.com\/\">Web<\/a><\/p>\n<p style=\"text-align: center;\"><a href=\"https:\/\/www.instagram.com\/lavestiduria.uy\/\">Instagram<\/a><\/p>\n<p style=\"text-align: center;\"><a href=\"https:\/\/co.pinterest.com\/lavestiduriauy\/\">Pinterest<\/a><\/p>\n<\/div><\/div><\/div><div class=\"fusion-layout-column fusion_builder_column fusion-builder-column-1 fusion_builder_column_4_5 4_5 fusion-flex-column\" style=\"--awb-bg-size:cover;--awb-width-large:80%;--awb-margin-top-large:25px;--awb-spacing-right-large:2.4%;--awb-margin-bottom-large:25px;--awb-spacing-left-large:2.4%;--awb-width-medium:100%;--awb-order-medium:0;--awb-spacing-right-medium:1.92%;--awb-spacing-left-medium:1.92%;--awb-width-small:100%;--awb-order-small:0;--awb-spacing-right-small:1.92%;--awb-spacing-left-small:1.92%;\"><div class=\"fusion-column-wrapper fusion-column-has-shadow fusion-flex-justify-content-flex-start fusion-content-layout-column\"><div class=\"fusion-text fusion-text-2\"><p class=\"font_8 wixui-rich-text__text\"><span class=\"wixui-rich-text__text\">La Vestidur\u00eda es una peque\u00f1a marca uruguaya de Slow Fashion fundada en el 2020. Nace de la combinaci\u00f3n entre el amor por la moda y el impulso hacia el cambio. Con estos conceptos en mente, nos esforzamos por crear piezas po\u00e9ticas, funcionales y comprometidas con el medio ambiente, fabricadas de forma \u00e9tica en Uruguay, incitando a una forma m\u00e1s responsable de vestirnos y relacionarnos con nuestra ropa<\/span><\/p>\n<p class=\"font_8 wixui-rich-text__text\"><span class=\"wixui-rich-text__text\">No es solamente una marca, es un concepto y un estilo de vida consciente y responsable que intentamos transmitir cada d\u00eda y en cada prenda que te hacen ver bien y sentirte bien.<\/span><\/p>\n<p class=\"font_8 wixui-rich-text__text\"><span class=\"wixui-rich-text__text\">A medida que nos adentramos en el mundo de la moda sostenible, nos damos cuenta de que siempre hay m\u00e1s por descubrir y aprender. En nuestro camino hacia la sustentabilidad, vemos una oportunidad para crecer y evolucionar, dedicando tiempo, investigaci\u00f3n y recursos a este prop\u00f3sito. Como defensores de la transparencia y la responsabilidad, queremos compartir nuestro trabajo y nuestro compromiso con estos valores, as\u00ed como tambi\u00e9n el camino que nos queda por recorrer. \u00a1Estamos ansiosos por que te unas a nosotros en este viaje!<\/span><\/p>\n<\/div><div class=\"awb-gallery-wrapper awb-gallery-wrapper-1 button-span-no\" style=\"--more-btn-alignment:center;\"><div style=\"margin:-10px;--awb-bordersize:5px;\" class=\"fusion-gallery fusion-gallery-container fusion-grid-2 fusion-columns-total-2 fusion-gallery-layout-masonry fusion-gallery-1\"><div class=\"fusion-grid-column fusion-gallery-column fusion-gallery-column-2 hover-type-none fusion-grid-sizer\"><\/div><div style=\"padding:10px;\" class=\"fusion-grid-column fusion-gallery-column fusion-gallery-column-2 hover-type-none fusion-element-portrait\"><div class=\"fusion-gallery-image\"><div style=\"background-image:inherit;padding-top:calc((100% + 20px) * 1.6);background-position:;\" class=\"fusion-masonry-element-container lazyload\" data-bg-image=\"url(https:\/\/universomola.com\/wp-content\/uploads\/2023\/11\/Copia-de-DSC_1800.jpg)\"><img decoding=\"async\" data-src=\"https:\/\/universomola.com\/wp-content\/uploads\/2023\/11\/Copia-de-DSC_1800.jpg\" width=\"1367\" height=\"2048\" alt=\"\" title=\"Copia de DSC_1800\" aria-label=\"Copia de DSC_1800\" class=\"img-responsive wp-image-45360 lazyload\" data-srcset=\"https:\/\/universomola.com\/wp-content\/uploads\/2023\/11\/Copia-de-DSC_1800-200x300.jpg 200w, https:\/\/universomola.com\/wp-content\/uploads\/2023\/11\/Copia-de-DSC_1800-400x599.jpg 400w, https:\/\/universomola.com\/wp-content\/uploads\/2023\/11\/Copia-de-DSC_1800-600x899.jpg 600w, https:\/\/universomola.com\/wp-content\/uploads\/2023\/11\/Copia-de-DSC_1800-800x1199.jpg 800w, https:\/\/universomola.com\/wp-content\/uploads\/2023\/11\/Copia-de-DSC_1800-1200x1798.jpg 1200w, https:\/\/universomola.com\/wp-content\/uploads\/2023\/11\/Copia-de-DSC_1800.jpg 1367w\" data-sizes=\"(min-width: 2200px) 100vw, (min-width: 756px) 595px, (min-width: 640px) 756px,\" src=\"data:image\/svg+xml;base64,PHN2ZyB3aWR0aD0iMSIgaGVpZ2h0PSIxIiB4bWxucz0iaHR0cDovL3d3dy53My5vcmcvMjAwMC9zdmciPjwvc3ZnPg==\" style=\"--smush-placeholder-width: 1367px; --smush-placeholder-aspect-ratio: 1367\/2048;\" \/><\/div><\/div><\/div><div style=\"padding:10px;\" class=\"fusion-grid-column fusion-gallery-column fusion-gallery-column-2 hover-type-none fusion-element-portrait\"><div class=\"fusion-gallery-image\"><div style=\"background-image:inherit;padding-top:calc((100% + 20px) * 1.6);background-position:;\" class=\"fusion-masonry-element-container lazyload\" data-bg-image=\"url(https:\/\/universomola.com\/wp-content\/uploads\/2023\/11\/Copia-de-24-rojo.png)\"><img decoding=\"async\" data-src=\"https:\/\/universomola.com\/wp-content\/uploads\/2023\/11\/Copia-de-24-rojo.png\" width=\"1367\" height=\"2048\" alt=\"\" title=\"Copia de 24 rojo\" aria-label=\"Copia de 24 rojo\" class=\"img-responsive wp-image-45361 lazyload\" data-srcset=\"https:\/\/universomola.com\/wp-content\/uploads\/2023\/11\/Copia-de-24-rojo-200x300.png 200w, https:\/\/universomola.com\/wp-content\/uploads\/2023\/11\/Copia-de-24-rojo-400x599.png 400w, https:\/\/universomola.com\/wp-content\/uploads\/2023\/11\/Copia-de-24-rojo-600x899.png 600w, https:\/\/universomola.com\/wp-content\/uploads\/2023\/11\/Copia-de-24-rojo-800x1199.png 800w, https:\/\/universomola.com\/wp-content\/uploads\/2023\/11\/Copia-de-24-rojo-1200x1798.png 1200w, https:\/\/universomola.com\/wp-content\/uploads\/2023\/11\/Copia-de-24-rojo.png 1367w\" data-sizes=\"(min-width: 2200px) 100vw, (min-width: 756px) 595px, (min-width: 640px) 756px,\" src=\"data:image\/svg+xml;base64,PHN2ZyB3aWR0aD0iMSIgaGVpZ2h0PSIxIiB4bWxucz0iaHR0cDovL3d3dy53My5vcmcvMjAwMC9zdmciPjwvc3ZnPg==\" style=\"--smush-placeholder-width: 1367px; --smush-placeholder-aspect-ratio: 1367\/2048;\" \/><\/div><\/div><\/div><\/div><\/div><\/div><\/div><\/div><\/div>","protected":false},"excerpt":{"rendered":"","protected":false},"author":9,"featured_media":0,"parent":0,"menu_order":0,"comment_status":"closed","ping_status":"closed","template":"100-width.php","meta":{"_monsterinsights_skip_tracking":false,"_monsterinsights_sitenote_active":false,"_monsterinsights_sitenote_note":"","_monsterinsights_sitenote_category":0,"footnotes":""},"class_list":["post-33065","page","type-page","status-publish","hentry"],"_links":{"self":[{"href":"https:\/\/universomola.com\/en\/wp-json\/wp\/v2\/pages\/33065","targetHints":{"allow":["GET"]}}],"collection":[{"href":"https:\/\/universomola.com\/en\/wp-json\/wp\/v2\/pages"}],"about":[{"href":"https:\/\/universomola.com\/en\/wp-json\/wp\/v2\/types\/page"}],"author":[{"embeddable":true,"href":"https:\/\/universomola.com\/en\/wp-json\/wp\/v2\/users\/9"}],"replies":[{"embeddable":true,"href":"https:\/\/universomola.com\/en\/wp-json\/wp\/v2\/comments?post=33065"}],"version-history":[{"count":6,"href":"https:\/\/universomola.com\/en\/wp-json\/wp\/v2\/pages\/33065\/revisions"}],"predecessor-version":[{"id":62928,"href":"https:\/\/universomola.com\/en\/wp-json\/wp\/v2\/pages\/33065\/revisions\/62928"}],"wp:attachment":[{"href":"https:\/\/universomola.com\/en\/wp-json\/wp\/v2\/media?parent=33065"}],"curies":[{"name":"wp","href":"https:\/\/api.w.org\/{rel}","templated":true}]}}