{"id":33090,"date":"2023-09-23T15:28:37","date_gmt":"2023-09-23T18:28:37","guid":{"rendered":"https:\/\/universomola.com\/?page_id=33090"},"modified":"2024-02-20T14:38:17","modified_gmt":"2024-02-20T19:38:17","slug":"arami","status":"publish","type":"page","link":"https:\/\/universomola.com\/en\/arami\/","title":{"rendered":"Arami"},"content":{"rendered":"<div class=\"fusion-fullwidth fullwidth-box fusion-builder-row-1 fusion-flex-container has-pattern-background has-mask-background hundred-percent-fullwidth non-hundred-percent-height-scrolling\" style=\"--awb-border-radius-top-left:0px;--awb-border-radius-top-right:0px;--awb-border-radius-bottom-right:0px;--awb-border-radius-bottom-left:0px;--awb-padding-top:4%;--awb-flex-wrap:wrap;\" ><div class=\"fusion-builder-row fusion-row fusion-flex-align-items-flex-start fusion-flex-justify-content-center fusion-flex-content-wrap\" style=\"width:104% !important;max-width:104% !important;margin-left: calc(-4% \/ 2 );margin-right: calc(-4% \/ 2 );\"><div class=\"fusion-layout-column fusion_builder_column fusion-builder-column-0 fusion_builder_column_1_5 1_5 fusion-flex-column fusion-flex-align-self-flex-start\" style=\"--awb-bg-size:cover;--awb-width-large:20%;--awb-margin-top-large:25px;--awb-spacing-right-large:9.6%;--awb-margin-bottom-large:25px;--awb-spacing-left-large:9.6%;--awb-width-medium:100%;--awb-order-medium:0;--awb-spacing-right-medium:1.92%;--awb-spacing-left-medium:1.92%;--awb-width-small:100%;--awb-order-small:0;--awb-spacing-right-small:1.92%;--awb-spacing-left-small:1.92%;\"><div class=\"fusion-column-wrapper fusion-column-has-shadow fusion-flex-justify-content-flex-start fusion-content-layout-column\"><div class=\"fusion-text fusion-text-1\"><h4 style=\"text-align: center;\"><strong>Informaci\u00f3n de la Marca<\/strong><\/h4>\n<p style=\"text-align: center;\"><a href=\"https:\/\/ar.linkedin.com\/in\/isabel-rodriguez-69b6ba7a?trk=public_profile_samename-profile\">Contacto<\/a><\/p>\n<p style=\"text-align: center;\"><a href=\"https:\/\/www.instagram.com\/arami_design_knitted\/\">Instagram<\/a><\/p>\n<\/div><\/div><\/div><div class=\"fusion-layout-column fusion_builder_column fusion-builder-column-1 fusion_builder_column_4_5 4_5 fusion-flex-column\" style=\"--awb-bg-size:cover;--awb-width-large:80%;--awb-margin-top-large:25px;--awb-spacing-right-large:2.4%;--awb-margin-bottom-large:25px;--awb-spacing-left-large:2.4%;--awb-width-medium:100%;--awb-order-medium:0;--awb-spacing-right-medium:1.92%;--awb-spacing-left-medium:1.92%;--awb-width-small:100%;--awb-order-small:0;--awb-spacing-right-small:1.92%;--awb-spacing-left-small:1.92%;\"><div class=\"fusion-column-wrapper fusion-column-has-shadow fusion-flex-justify-content-flex-start fusion-content-layout-column\"><div class=\"fusion-text fusion-text-2\"><div class=\"flex-1 overflow-hidden\">\n<div class=\"react-scroll-to-bottom--css-eucwo-79elbk h-full dark:bg-gray-800\">\n<div class=\"react-scroll-to-bottom--css-eucwo-1n7m0yu\">\n<div class=\"flex flex-col text-sm dark:bg-gray-800\">\n<div class=\"group final-completion w-full text-token-text-primary border-b border-black\/10 gizmo:border-0 dark:border-gray-900\/50 gizmo:dark:border-0 bg-gray-50 gizmo:bg-transparent dark:bg-&#091;#444654&#093; gizmo:dark:bg-transparent\" data-testid=\"conversation-turn-3\">\n<div class=\"p-4 justify-center text-base md:gap-6 md:py-6 m-auto\">\n<div class=\"flex flex-1 gap-4 text-base mx-auto md:gap-6 gizmo:gap-3 gizmo:md:px-5 gizmo:lg:px-1 gizmo:xl:px-5 md:max-w-2xl lg:max-w-&#091;38rem&#093; gizmo:md:max-w-3xl gizmo:lg:max-w-&#091;40rem&#093; gizmo:xl:max-w-&#091;48rem&#093; xl:max-w-3xl }\">\n<div class=\"relative flex w-&#091;calc(100%-50px)&#093; flex-col gizmo:w-full lg:w-&#091;calc(100%-115px)&#093; agent-turn\">\n<div class=\"flex-col gap-1 md:gap-3\">\n<div class=\"flex flex-grow flex-col gap-3 max-w-full\">\n<div class=\"min-h-&#091;20px&#093; flex flex-col items-start gap-3 whitespace-pre-wrap break-words overflow-x-auto\">\n<div class=\"markdown prose w-full break-words dark:prose-invert light\">\n<p>ARAMI Tejidos de Dise\u00f1o es una marca que produce prendas tejidas con dise\u00f1os \u00fanicos elaborados artesanalmente con t\u00e9cnicas ancestrales, innovando con diferentes texturas cada producto elaborado, utilizamos como materia prima la lana natural de llama 100% hilada a mano, que se encuentra en el Norte Argentino. Nuestra filosof\u00eda es la producci\u00f3n responsable y \u00e9tica con una b\u00fasqueda constante de volver a lo esencial. Ponemos en valor la sostenibilidad y lo artesanal. Empoderando as\u00ed al Slow Fashion.<\/p>\n<\/div>\n<\/div>\n<\/div>\n<\/div>\n<\/div>\n<\/div>\n<\/div>\n<\/div>\n<\/div>\n<\/div>\n<\/div>\n<\/div>\n<\/div><div class=\"awb-gallery-wrapper awb-gallery-wrapper-1 button-span-no\" style=\"--more-btn-alignment:center;\"><div style=\"margin:-17px;--awb-bordersize:5px;--awb-bordercolor:var(--awb-custom_color_2);\" class=\"fusion-gallery fusion-gallery-container fusion-grid-4 fusion-columns-total-7 fusion-gallery-layout-masonry fusion-gallery-1\"><div class=\"fusion-grid-column fusion-gallery-column fusion-gallery-column-4 hover-type-none fusion-grid-sizer\"><\/div><div style=\"padding:17.5px;\" class=\"fusion-grid-column fusion-gallery-column fusion-gallery-column-4 hover-type-none fusion-element-portrait\"><div class=\"fusion-gallery-image\"><div style=\"background-image:inherit;padding-top:calc((100% + 34px) * 1.6);background-position:;\" class=\"fusion-masonry-element-container lazyload\" data-bg-image=\"url(https:\/\/universomola.com\/wp-content\/uploads\/2023\/11\/FOTOA-ARAMI-5.jpeg)\"><img decoding=\"async\" data-src=\"https:\/\/universomola.com\/wp-content\/uploads\/2023\/11\/FOTOA-ARAMI-5.jpeg\" width=\"900\" height=\"1600\" alt=\"\" title=\"FOTOA ARAMI 5\" aria-label=\"FOTOA ARAMI 5\" class=\"img-responsive wp-image-45340 lazyload\" data-srcset=\"https:\/\/universomola.com\/wp-content\/uploads\/2023\/11\/FOTOA-ARAMI-5-200x356.jpeg 200w, https:\/\/universomola.com\/wp-content\/uploads\/2023\/11\/FOTOA-ARAMI-5-400x711.jpeg 400w, https:\/\/universomola.com\/wp-content\/uploads\/2023\/11\/FOTOA-ARAMI-5-600x1067.jpeg 600w, https:\/\/universomola.com\/wp-content\/uploads\/2023\/11\/FOTOA-ARAMI-5-800x1422.jpeg 800w, https:\/\/universomola.com\/wp-content\/uploads\/2023\/11\/FOTOA-ARAMI-5.jpeg 900w\" data-sizes=\"(min-width: 2200px) 100vw, (min-width: 987px) 287px, (min-width: 872px) 383px, (min-width: 756px) 575px, (min-width: 640px) 756px,\" src=\"data:image\/svg+xml;base64,PHN2ZyB3aWR0aD0iMSIgaGVpZ2h0PSIxIiB4bWxucz0iaHR0cDovL3d3dy53My5vcmcvMjAwMC9zdmciPjwvc3ZnPg==\" style=\"--smush-placeholder-width: 900px; --smush-placeholder-aspect-ratio: 900\/1600;\" \/><\/div><\/div><\/div><div style=\"padding:17.5px;\" class=\"fusion-grid-column fusion-gallery-column fusion-gallery-column-4 hover-type-none fusion-element-portrait\"><div class=\"fusion-gallery-image\"><div style=\"background-image:inherit;padding-top:calc((100% + 34px) * 1.6);background-position:;\" class=\"fusion-masonry-element-container lazyload\" data-bg-image=\"url(https:\/\/universomola.com\/wp-content\/uploads\/2023\/11\/FOTO-ARAMI-10.jpeg)\"><img decoding=\"async\" data-src=\"https:\/\/universomola.com\/wp-content\/uploads\/2023\/11\/FOTO-ARAMI-10.jpeg\" width=\"900\" height=\"1600\" alt=\"\" title=\"FOTO ARAMI 10\" aria-label=\"FOTO ARAMI 10\" class=\"img-responsive wp-image-45341 lazyload\" data-srcset=\"https:\/\/universomola.com\/wp-content\/uploads\/2023\/11\/FOTO-ARAMI-10-200x356.jpeg 200w, https:\/\/universomola.com\/wp-content\/uploads\/2023\/11\/FOTO-ARAMI-10-400x711.jpeg 400w, https:\/\/universomola.com\/wp-content\/uploads\/2023\/11\/FOTO-ARAMI-10-600x1067.jpeg 600w, https:\/\/universomola.com\/wp-content\/uploads\/2023\/11\/FOTO-ARAMI-10-800x1422.jpeg 800w, https:\/\/universomola.com\/wp-content\/uploads\/2023\/11\/FOTO-ARAMI-10.jpeg 900w\" data-sizes=\"(min-width: 2200px) 100vw, (min-width: 987px) 287px, (min-width: 872px) 383px, (min-width: 756px) 575px, (min-width: 640px) 756px,\" src=\"data:image\/svg+xml;base64,PHN2ZyB3aWR0aD0iMSIgaGVpZ2h0PSIxIiB4bWxucz0iaHR0cDovL3d3dy53My5vcmcvMjAwMC9zdmciPjwvc3ZnPg==\" style=\"--smush-placeholder-width: 900px; --smush-placeholder-aspect-ratio: 900\/1600;\" \/><\/div><\/div><\/div><div style=\"padding:17.5px;\" class=\"fusion-grid-column fusion-gallery-column fusion-gallery-column-4 hover-type-none fusion-element-portrait\"><div class=\"fusion-gallery-image\"><div style=\"background-image:inherit;padding-top:calc((100% + 34px) * 1.6);background-position:;\" class=\"fusion-masonry-element-container lazyload\" data-bg-image=\"url(https:\/\/universomola.com\/wp-content\/uploads\/2023\/11\/FOTO-ARAMI-9.jpeg)\"><img decoding=\"async\" data-src=\"https:\/\/universomola.com\/wp-content\/uploads\/2023\/11\/FOTO-ARAMI-9.jpeg\" width=\"900\" height=\"1600\" alt=\"\" title=\"FOTO ARAMI 9\" aria-label=\"FOTO ARAMI 9\" class=\"img-responsive wp-image-45342 lazyload\" data-srcset=\"https:\/\/universomola.com\/wp-content\/uploads\/2023\/11\/FOTO-ARAMI-9-200x356.jpeg 200w, https:\/\/universomola.com\/wp-content\/uploads\/2023\/11\/FOTO-ARAMI-9-400x711.jpeg 400w, https:\/\/universomola.com\/wp-content\/uploads\/2023\/11\/FOTO-ARAMI-9-600x1067.jpeg 600w, https:\/\/universomola.com\/wp-content\/uploads\/2023\/11\/FOTO-ARAMI-9-800x1422.jpeg 800w, https:\/\/universomola.com\/wp-content\/uploads\/2023\/11\/FOTO-ARAMI-9.jpeg 900w\" data-sizes=\"(min-width: 2200px) 100vw, (min-width: 987px) 287px, (min-width: 872px) 383px, (min-width: 756px) 575px, (min-width: 640px) 756px,\" src=\"data:image\/svg+xml;base64,PHN2ZyB3aWR0aD0iMSIgaGVpZ2h0PSIxIiB4bWxucz0iaHR0cDovL3d3dy53My5vcmcvMjAwMC9zdmciPjwvc3ZnPg==\" style=\"--smush-placeholder-width: 900px; --smush-placeholder-aspect-ratio: 900\/1600;\" \/><\/div><\/div><\/div><div style=\"padding:17.5px;\" class=\"fusion-grid-column fusion-gallery-column fusion-gallery-column-4 hover-type-none fusion-element-portrait\"><div class=\"fusion-gallery-image\"><div style=\"background-image:inherit;padding-top:calc((100% + 34px) * 1.6);background-position:;\" class=\"fusion-masonry-element-container lazyload\" data-bg-image=\"url(https:\/\/universomola.com\/wp-content\/uploads\/2023\/11\/FOTO-ARAMI-8.jpeg)\"><img decoding=\"async\" data-src=\"https:\/\/universomola.com\/wp-content\/uploads\/2023\/11\/FOTO-ARAMI-8.jpeg\" width=\"899\" height=\"1600\" alt=\"\" title=\"FOTO ARAMI 8\" aria-label=\"FOTO ARAMI 8\" class=\"img-responsive wp-image-45343 lazyload\" data-srcset=\"https:\/\/universomola.com\/wp-content\/uploads\/2023\/11\/FOTO-ARAMI-8-200x356.jpeg 200w, https:\/\/universomola.com\/wp-content\/uploads\/2023\/11\/FOTO-ARAMI-8-400x712.jpeg 400w, https:\/\/universomola.com\/wp-content\/uploads\/2023\/11\/FOTO-ARAMI-8-600x1068.jpeg 600w, https:\/\/universomola.com\/wp-content\/uploads\/2023\/11\/FOTO-ARAMI-8-800x1424.jpeg 800w, https:\/\/universomola.com\/wp-content\/uploads\/2023\/11\/FOTO-ARAMI-8.jpeg 899w\" data-sizes=\"(min-width: 2200px) 100vw, (min-width: 987px) 287px, (min-width: 872px) 383px, (min-width: 756px) 575px, (min-width: 640px) 756px,\" src=\"data:image\/svg+xml;base64,PHN2ZyB3aWR0aD0iMSIgaGVpZ2h0PSIxIiB4bWxucz0iaHR0cDovL3d3dy53My5vcmcvMjAwMC9zdmciPjwvc3ZnPg==\" style=\"--smush-placeholder-width: 899px; --smush-placeholder-aspect-ratio: 899\/1600;\" \/><\/div><\/div><\/div><div style=\"padding:17.5px;\" class=\"fusion-grid-column fusion-gallery-column fusion-gallery-column-4 hover-type-none fusion-element-portrait\"><div class=\"fusion-gallery-image\"><div style=\"background-image:inherit;padding-top:calc((100% + 34px) * 1.6);background-position:;\" class=\"fusion-masonry-element-container lazyload\" data-bg-image=\"url(https:\/\/universomola.com\/wp-content\/uploads\/2023\/11\/FOTO-ARAMI-7.jpeg)\"><img decoding=\"async\" data-src=\"https:\/\/universomola.com\/wp-content\/uploads\/2023\/11\/FOTO-ARAMI-7.jpeg\" width=\"900\" height=\"1600\" alt=\"\" title=\"FOTO ARAMI 7\" aria-label=\"FOTO ARAMI 7\" class=\"img-responsive wp-image-45344 lazyload\" data-srcset=\"https:\/\/universomola.com\/wp-content\/uploads\/2023\/11\/FOTO-ARAMI-7-200x356.jpeg 200w, https:\/\/universomola.com\/wp-content\/uploads\/2023\/11\/FOTO-ARAMI-7-400x711.jpeg 400w, https:\/\/universomola.com\/wp-content\/uploads\/2023\/11\/FOTO-ARAMI-7-600x1067.jpeg 600w, https:\/\/universomola.com\/wp-content\/uploads\/2023\/11\/FOTO-ARAMI-7-800x1422.jpeg 800w, https:\/\/universomola.com\/wp-content\/uploads\/2023\/11\/FOTO-ARAMI-7.jpeg 900w\" data-sizes=\"(min-width: 2200px) 100vw, (min-width: 987px) 287px, (min-width: 872px) 383px, (min-width: 756px) 575px, (min-width: 640px) 756px,\" src=\"data:image\/svg+xml;base64,PHN2ZyB3aWR0aD0iMSIgaGVpZ2h0PSIxIiB4bWxucz0iaHR0cDovL3d3dy53My5vcmcvMjAwMC9zdmciPjwvc3ZnPg==\" style=\"--smush-placeholder-width: 900px; --smush-placeholder-aspect-ratio: 900\/1600;\" \/><\/div><\/div><\/div><div style=\"padding:17.5px;\" class=\"fusion-grid-column fusion-gallery-column fusion-gallery-column-4 hover-type-none fusion-element-portrait\"><div class=\"fusion-gallery-image\"><div style=\"background-image:inherit;padding-top:calc((100% + 34px) * 1.6);background-position:;\" class=\"fusion-masonry-element-container lazyload\" data-bg-image=\"url(https:\/\/universomola.com\/wp-content\/uploads\/2023\/11\/FOTO-ARAMI-6.jpeg)\"><img decoding=\"async\" data-src=\"https:\/\/universomola.com\/wp-content\/uploads\/2023\/11\/FOTO-ARAMI-6.jpeg\" width=\"900\" height=\"1600\" alt=\"\" title=\"FOTO ARAMI 6\" aria-label=\"FOTO ARAMI 6\" class=\"img-responsive wp-image-45346 lazyload\" data-srcset=\"https:\/\/universomola.com\/wp-content\/uploads\/2023\/11\/FOTO-ARAMI-6-200x356.jpeg 200w, https:\/\/universomola.com\/wp-content\/uploads\/2023\/11\/FOTO-ARAMI-6-400x711.jpeg 400w, https:\/\/universomola.com\/wp-content\/uploads\/2023\/11\/FOTO-ARAMI-6-600x1067.jpeg 600w, https:\/\/universomola.com\/wp-content\/uploads\/2023\/11\/FOTO-ARAMI-6-800x1422.jpeg 800w, https:\/\/universomola.com\/wp-content\/uploads\/2023\/11\/FOTO-ARAMI-6.jpeg 900w\" data-sizes=\"(min-width: 2200px) 100vw, (min-width: 987px) 287px, (min-width: 872px) 383px, (min-width: 756px) 575px, (min-width: 640px) 756px,\" src=\"data:image\/svg+xml;base64,PHN2ZyB3aWR0aD0iMSIgaGVpZ2h0PSIxIiB4bWxucz0iaHR0cDovL3d3dy53My5vcmcvMjAwMC9zdmciPjwvc3ZnPg==\" style=\"--smush-placeholder-width: 900px; --smush-placeholder-aspect-ratio: 900\/1600;\" \/><\/div><\/div><\/div><div style=\"padding:17.5px;\" class=\"fusion-grid-column fusion-gallery-column fusion-gallery-column-4 hover-type-none fusion-element-portrait\"><div class=\"fusion-gallery-image\"><div style=\"background-image:inherit;padding-top:calc((100% + 34px) * 1.6);background-position:;\" class=\"fusion-masonry-element-container lazyload\" data-bg-image=\"url(https:\/\/universomola.com\/wp-content\/uploads\/2023\/12\/FOTO-ARAMI-1.jpeg)\"><img decoding=\"async\" data-src=\"https:\/\/universomola.com\/wp-content\/uploads\/2023\/12\/FOTO-ARAMI-1.jpeg\" width=\"394\" height=\"826\" alt=\"\" title=\"FOTO ARAMI 1\" aria-label=\"FOTO ARAMI 1\" class=\"img-responsive wp-image-50830 lazyload\" data-srcset=\"https:\/\/universomola.com\/wp-content\/uploads\/2023\/12\/FOTO-ARAMI-1-200x419.jpeg 200w, https:\/\/universomola.com\/wp-content\/uploads\/2023\/12\/FOTO-ARAMI-1.jpeg 394w\" data-sizes=\"(min-width: 2200px) 100vw, (min-width: 987px) 287px, (min-width: 872px) 383px, (min-width: 756px) 575px, (min-width: 640px) 756px,\" src=\"data:image\/svg+xml;base64,PHN2ZyB3aWR0aD0iMSIgaGVpZ2h0PSIxIiB4bWxucz0iaHR0cDovL3d3dy53My5vcmcvMjAwMC9zdmciPjwvc3ZnPg==\" style=\"--smush-placeholder-width: 394px; --smush-placeholder-aspect-ratio: 394\/826;\" \/><\/div><\/div><\/div><\/div><\/div><\/div><\/div><\/div><\/div>","protected":false},"excerpt":{"rendered":"","protected":false},"author":9,"featured_media":0,"parent":0,"menu_order":0,"comment_status":"closed","ping_status":"closed","template":"100-width.php","meta":{"_monsterinsights_skip_tracking":false,"_monsterinsights_sitenote_active":false,"_monsterinsights_sitenote_note":"","_monsterinsights_sitenote_category":0,"footnotes":""},"class_list":["post-33090","page","type-page","status-publish","hentry"],"_links":{"self":[{"href":"https:\/\/universomola.com\/en\/wp-json\/wp\/v2\/pages\/33090","targetHints":{"allow":["GET"]}}],"collection":[{"href":"https:\/\/universomola.com\/en\/wp-json\/wp\/v2\/pages"}],"about":[{"href":"https:\/\/universomola.com\/en\/wp-json\/wp\/v2\/types\/page"}],"author":[{"embeddable":true,"href":"https:\/\/universomola.com\/en\/wp-json\/wp\/v2\/users\/9"}],"replies":[{"embeddable":true,"href":"https:\/\/universomola.com\/en\/wp-json\/wp\/v2\/comments?post=33090"}],"version-history":[{"count":6,"href":"https:\/\/universomola.com\/en\/wp-json\/wp\/v2\/pages\/33090\/revisions"}],"predecessor-version":[{"id":62749,"href":"https:\/\/universomola.com\/en\/wp-json\/wp\/v2\/pages\/33090\/revisions\/62749"}],"wp:attachment":[{"href":"https:\/\/universomola.com\/en\/wp-json\/wp\/v2\/media?parent=33090"}],"curies":[{"name":"wp","href":"https:\/\/api.w.org\/{rel}","templated":true}]}}