{"id":33099,"date":"2023-09-23T15:33:47","date_gmt":"2023-09-23T18:33:47","guid":{"rendered":"https:\/\/universomola.com\/?page_id=33099"},"modified":"2024-02-20T14:37:41","modified_gmt":"2024-02-20T19:37:41","slug":"silvana-sutar","status":"publish","type":"page","link":"https:\/\/universomola.com\/en\/silvana-sutar\/","title":{"rendered":"Silvana Sutar"},"content":{"rendered":"<div class=\"fusion-fullwidth fullwidth-box fusion-builder-row-1 fusion-flex-container has-pattern-background has-mask-background hundred-percent-fullwidth non-hundred-percent-height-scrolling\" style=\"--awb-border-radius-top-left:0px;--awb-border-radius-top-right:0px;--awb-border-radius-bottom-right:0px;--awb-border-radius-bottom-left:0px;--awb-flex-wrap:wrap;\" ><div class=\"fusion-builder-row fusion-row fusion-flex-align-items-center fusion-flex-justify-content-center fusion-flex-content-wrap\" style=\"width:104% !important;max-width:104% !important;margin-left: calc(-4% \/ 2 );margin-right: calc(-4% \/ 2 );\"><div class=\"fusion-layout-column fusion_builder_column fusion-builder-column-0 fusion_builder_column_1_5 1_5 fusion-flex-column fusion-flex-align-self-flex-start\" style=\"--awb-bg-size:cover;--awb-width-large:20%;--awb-margin-top-large:25px;--awb-spacing-right-large:9.6%;--awb-margin-bottom-large:25px;--awb-spacing-left-large:9.6%;--awb-width-medium:100%;--awb-order-medium:0;--awb-spacing-right-medium:1.92%;--awb-spacing-left-medium:1.92%;--awb-width-small:100%;--awb-order-small:0;--awb-spacing-right-small:1.92%;--awb-spacing-left-small:1.92%;\" data-motion-effects=\"[{&quot;type&quot;:&quot;&quot;,&quot;scroll_type&quot;:&quot;transition&quot;,&quot;scroll_direction&quot;:&quot;up&quot;,&quot;transition_speed&quot;:&quot;1&quot;,&quot;fade_type&quot;:&quot;in&quot;,&quot;scale_type&quot;:&quot;up&quot;,&quot;initial_scale&quot;:&quot;1&quot;,&quot;max_scale&quot;:&quot;1.5&quot;,&quot;min_scale&quot;:&quot;0.5&quot;,&quot;initial_rotate&quot;:&quot;0&quot;,&quot;end_rotate&quot;:&quot;30&quot;,&quot;initial_blur&quot;:&quot;0&quot;,&quot;end_blur&quot;:&quot;3&quot;,&quot;start_element&quot;:&quot;top&quot;,&quot;start_viewport&quot;:&quot;bottom&quot;,&quot;end_element&quot;:&quot;bottom&quot;,&quot;end_viewport&quot;:&quot;top&quot;,&quot;mouse_effect&quot;:&quot;track&quot;,&quot;mouse_effect_direction&quot;:&quot;opposite&quot;,&quot;mouse_effect_speed&quot;:&quot;2&quot;,&quot;infinite_animation&quot;:&quot;float&quot;,&quot;infinite_animation_speed&quot;:&quot;2&quot;}]\" data-scroll-devices=\"small-visibility,medium-visibility,large-visibility\"><div class=\"fusion-column-wrapper fusion-column-has-shadow fusion-flex-justify-content-flex-start fusion-content-layout-column\"><div class=\"fusion-text fusion-text-1\"><p style=\"text-align: center;\"><strong>Informaci\u00f3n de la Marca<\/strong><\/p>\n<p style=\"text-align: center;\"><a href=\"https:\/\/silvanasutar.com\/pages\/contacto\">Contacto<\/a><\/p>\n<p style=\"text-align: center;\"><a href=\"https:\/\/silvanasutar.com\/\">Web<\/a><\/p>\n<p style=\"text-align: center;\"><a href=\"https:\/\/www.instagram.com\/silvanasutar\/\">Instagram<\/a><\/p>\n<p style=\"text-align: center;\"><a href=\"https:\/\/www.quintatrends.com\/2021\/02\/silvana-sutar-joyas-e-indumentaria.html\">Prensa<\/a><\/p>\n<\/div><\/div><\/div><div class=\"fusion-layout-column fusion_builder_column fusion-builder-column-1 fusion_builder_column_4_5 4_5 fusion-flex-column\" style=\"--awb-bg-size:cover;--awb-width-large:80%;--awb-margin-top-large:25px;--awb-spacing-right-large:2.4%;--awb-margin-bottom-large:25px;--awb-spacing-left-large:2.4%;--awb-width-medium:100%;--awb-order-medium:0;--awb-spacing-right-medium:1.92%;--awb-spacing-left-medium:1.92%;--awb-width-small:100%;--awb-order-small:0;--awb-spacing-right-small:1.92%;--awb-spacing-left-small:1.92%;\"><div class=\"fusion-column-wrapper fusion-column-has-shadow fusion-flex-justify-content-flex-start fusion-content-layout-column\"><div class=\"fusion-text fusion-text-2\"><p>El regreso a San Pedro de Atacama y el descubrimiento de sus ra\u00edces lickanantay inspiraron a Silvana Sutar a fundar su marca de joyas e indumentaria, Silvana Sutar, con un enfoque en la naturaleza y la herencia ancestral andina. Como mestiza lickanantay, su objetivo es rescatar materiales, tradiciones y oficios ancestrales de los Andes, ofreciendo dise\u00f1os con significado que pueden ser usados en cualquier entorno. Adem\u00e1s, la marca se dedica a revitalizar oficios locales perdidos, como la cera p\u00e9rdida y la forja tradicional precolombina, enriqueciendo as\u00ed su trabajo.<\/p>\n<\/div><div class=\"awb-gallery-wrapper awb-gallery-wrapper-1 button-span-no\" style=\"--more-btn-alignment:center;\"><div style=\"margin:-8px;--awb-bordersize:5px;\" class=\"fusion-gallery fusion-gallery-container fusion-grid-4 fusion-columns-total-4 fusion-gallery-layout-masonry fusion-gallery-1\"><div class=\"fusion-grid-column fusion-gallery-column fusion-gallery-column-4 hover-type-none fusion-grid-sizer\"><\/div><div style=\"padding:8px;\" class=\"fusion-grid-column fusion-gallery-column fusion-gallery-column-4 hover-type-none fusion-element-portrait\"><div class=\"fusion-gallery-image\"><div style=\"background-image:inherit;padding-top:calc((100% + 16px) * 1.6);background-position:;\" class=\"fusion-masonry-element-container lazyload\" data-bg-image=\"url(https:\/\/universomola.com\/wp-content\/uploads\/2024\/02\/sutar1.jpg)\"><img decoding=\"async\" data-src=\"https:\/\/universomola.com\/wp-content\/uploads\/2024\/02\/sutar1.jpg\" width=\"522\" height=\"758\" alt=\"\" title=\"\" aria-label=\"\" class=\"img-responsive wp-image-62876 lazyload\" data-srcset=\"https:\/\/universomola.com\/wp-content\/uploads\/2024\/02\/sutar1-200x290.jpg 200w, https:\/\/universomola.com\/wp-content\/uploads\/2024\/02\/sutar1-400x581.jpg 400w, https:\/\/universomola.com\/wp-content\/uploads\/2024\/02\/sutar1.jpg 522w\" data-sizes=\"(min-width: 2200px) 100vw, (min-width: 987px) 294px, (min-width: 872px) 392px, (min-width: 756px) 588px, (min-width: 640px) 756px,\" src=\"data:image\/svg+xml;base64,PHN2ZyB3aWR0aD0iMSIgaGVpZ2h0PSIxIiB4bWxucz0iaHR0cDovL3d3dy53My5vcmcvMjAwMC9zdmciPjwvc3ZnPg==\" style=\"--smush-placeholder-width: 522px; --smush-placeholder-aspect-ratio: 522\/758;\" \/><\/div><\/div><\/div><div style=\"padding:8px;\" class=\"fusion-grid-column fusion-gallery-column fusion-gallery-column-4 hover-type-none fusion-element-portrait\"><div class=\"fusion-gallery-image\"><div style=\"background-image:inherit;padding-top:calc((100% + 16px) * 1.6);background-position:;\" class=\"fusion-masonry-element-container lazyload\" data-bg-image=\"url(https:\/\/universomola.com\/wp-content\/uploads\/2024\/02\/sutar2.jpg)\"><img decoding=\"async\" data-src=\"https:\/\/universomola.com\/wp-content\/uploads\/2024\/02\/sutar2.jpg\" width=\"522\" height=\"758\" alt=\"\" title=\"\" aria-label=\"\" class=\"img-responsive wp-image-62879 lazyload\" data-srcset=\"https:\/\/universomola.com\/wp-content\/uploads\/2024\/02\/sutar2-200x290.jpg 200w, https:\/\/universomola.com\/wp-content\/uploads\/2024\/02\/sutar2-400x581.jpg 400w, https:\/\/universomola.com\/wp-content\/uploads\/2024\/02\/sutar2.jpg 522w\" data-sizes=\"(min-width: 2200px) 100vw, (min-width: 987px) 294px, (min-width: 872px) 392px, (min-width: 756px) 588px, (min-width: 640px) 756px,\" src=\"data:image\/svg+xml;base64,PHN2ZyB3aWR0aD0iMSIgaGVpZ2h0PSIxIiB4bWxucz0iaHR0cDovL3d3dy53My5vcmcvMjAwMC9zdmciPjwvc3ZnPg==\" style=\"--smush-placeholder-width: 522px; --smush-placeholder-aspect-ratio: 522\/758;\" \/><\/div><\/div><\/div><div style=\"padding:8px;\" class=\"fusion-grid-column fusion-gallery-column fusion-gallery-column-4 hover-type-none fusion-element-portrait\"><div class=\"fusion-gallery-image\"><div style=\"background-image:inherit;padding-top:calc((100% + 16px) * 1.6);background-position:;\" class=\"fusion-masonry-element-container lazyload\" data-bg-image=\"url(https:\/\/universomola.com\/wp-content\/uploads\/2024\/02\/sutar3.jpg)\"><img decoding=\"async\" data-src=\"https:\/\/universomola.com\/wp-content\/uploads\/2024\/02\/sutar3.jpg\" width=\"522\" height=\"758\" alt=\"\" title=\"\" aria-label=\"\" class=\"img-responsive wp-image-62878 lazyload\" data-srcset=\"https:\/\/universomola.com\/wp-content\/uploads\/2024\/02\/sutar3-200x290.jpg 200w, https:\/\/universomola.com\/wp-content\/uploads\/2024\/02\/sutar3-400x581.jpg 400w, https:\/\/universomola.com\/wp-content\/uploads\/2024\/02\/sutar3.jpg 522w\" data-sizes=\"(min-width: 2200px) 100vw, (min-width: 987px) 294px, (min-width: 872px) 392px, (min-width: 756px) 588px, (min-width: 640px) 756px,\" src=\"data:image\/svg+xml;base64,PHN2ZyB3aWR0aD0iMSIgaGVpZ2h0PSIxIiB4bWxucz0iaHR0cDovL3d3dy53My5vcmcvMjAwMC9zdmciPjwvc3ZnPg==\" style=\"--smush-placeholder-width: 522px; --smush-placeholder-aspect-ratio: 522\/758;\" \/><\/div><\/div><\/div><div style=\"padding:8px;\" class=\"fusion-grid-column fusion-gallery-column fusion-gallery-column-4 hover-type-none fusion-element-portrait\"><div class=\"fusion-gallery-image\"><div style=\"background-image:inherit;padding-top:calc((100% + 16px) * 1.6);background-position:;\" class=\"fusion-masonry-element-container lazyload\" data-bg-image=\"url(https:\/\/universomola.com\/wp-content\/uploads\/2024\/02\/sutar4.jpg)\"><img decoding=\"async\" data-src=\"https:\/\/universomola.com\/wp-content\/uploads\/2024\/02\/sutar4.jpg\" width=\"522\" height=\"758\" alt=\"\" title=\"\" aria-label=\"\" class=\"img-responsive wp-image-62877 lazyload\" data-srcset=\"https:\/\/universomola.com\/wp-content\/uploads\/2024\/02\/sutar4-200x290.jpg 200w, https:\/\/universomola.com\/wp-content\/uploads\/2024\/02\/sutar4-400x581.jpg 400w, https:\/\/universomola.com\/wp-content\/uploads\/2024\/02\/sutar4.jpg 522w\" data-sizes=\"(min-width: 2200px) 100vw, (min-width: 987px) 294px, (min-width: 872px) 392px, (min-width: 756px) 588px, (min-width: 640px) 756px,\" src=\"data:image\/svg+xml;base64,PHN2ZyB3aWR0aD0iMSIgaGVpZ2h0PSIxIiB4bWxucz0iaHR0cDovL3d3dy53My5vcmcvMjAwMC9zdmciPjwvc3ZnPg==\" style=\"--smush-placeholder-width: 522px; --smush-placeholder-aspect-ratio: 522\/758;\" \/><\/div><\/div><\/div><\/div><\/div><\/div><\/div><\/div><\/div>","protected":false},"excerpt":{"rendered":"","protected":false},"author":9,"featured_media":0,"parent":0,"menu_order":0,"comment_status":"closed","ping_status":"closed","template":"100-width.php","meta":{"_monsterinsights_skip_tracking":false,"_monsterinsights_sitenote_active":false,"_monsterinsights_sitenote_note":"","_monsterinsights_sitenote_category":0,"footnotes":""},"class_list":["post-33099","page","type-page","status-publish","hentry"],"_links":{"self":[{"href":"https:\/\/universomola.com\/en\/wp-json\/wp\/v2\/pages\/33099","targetHints":{"allow":["GET"]}}],"collection":[{"href":"https:\/\/universomola.com\/en\/wp-json\/wp\/v2\/pages"}],"about":[{"href":"https:\/\/universomola.com\/en\/wp-json\/wp\/v2\/types\/page"}],"author":[{"embeddable":true,"href":"https:\/\/universomola.com\/en\/wp-json\/wp\/v2\/users\/9"}],"replies":[{"embeddable":true,"href":"https:\/\/universomola.com\/en\/wp-json\/wp\/v2\/comments?post=33099"}],"version-history":[{"count":5,"href":"https:\/\/universomola.com\/en\/wp-json\/wp\/v2\/pages\/33099\/revisions"}],"predecessor-version":[{"id":62880,"href":"https:\/\/universomola.com\/en\/wp-json\/wp\/v2\/pages\/33099\/revisions\/62880"}],"wp:attachment":[{"href":"https:\/\/universomola.com\/en\/wp-json\/wp\/v2\/media?parent=33099"}],"curies":[{"name":"wp","href":"https:\/\/api.w.org\/{rel}","templated":true}]}}