{"id":33116,"date":"2023-09-23T15:56:28","date_gmt":"2023-09-23T18:56:28","guid":{"rendered":"https:\/\/universomola.com\/?page_id=33116"},"modified":"2024-02-20T13:46:10","modified_gmt":"2024-02-20T18:46:10","slug":"alotana","status":"publish","type":"page","link":"https:\/\/universomola.com\/en\/alotana\/","title":{"rendered":"Alo TANA"},"content":{"rendered":"<div class=\"fusion-fullwidth fullwidth-box fusion-builder-row-1 fusion-flex-container has-pattern-background has-mask-background hundred-percent-fullwidth non-hundred-percent-height-scrolling\" style=\"--awb-border-radius-top-left:0px;--awb-border-radius-top-right:0px;--awb-border-radius-bottom-right:0px;--awb-border-radius-bottom-left:0px;--awb-flex-wrap:wrap;\" ><div class=\"fusion-builder-row fusion-row fusion-flex-align-items-center fusion-flex-justify-content-center fusion-flex-content-wrap\" style=\"width:104% !important;max-width:104% !important;margin-left: calc(-4% \/ 2 );margin-right: calc(-4% \/ 2 );\"><div class=\"fusion-layout-column fusion_builder_column fusion-builder-column-0 fusion_builder_column_1_5 1_5 fusion-flex-column fusion-flex-align-self-flex-start\" style=\"--awb-bg-size:cover;--awb-width-large:20%;--awb-margin-top-large:25px;--awb-spacing-right-large:9.6%;--awb-margin-bottom-large:25px;--awb-spacing-left-large:9.6%;--awb-width-medium:100%;--awb-order-medium:0;--awb-spacing-right-medium:1.92%;--awb-spacing-left-medium:1.92%;--awb-width-small:100%;--awb-order-small:0;--awb-spacing-right-small:1.92%;--awb-spacing-left-small:1.92%;\" data-motion-effects=\"[{&quot;type&quot;:&quot;&quot;,&quot;scroll_type&quot;:&quot;transition&quot;,&quot;scroll_direction&quot;:&quot;up&quot;,&quot;transition_speed&quot;:&quot;1&quot;,&quot;fade_type&quot;:&quot;in&quot;,&quot;scale_type&quot;:&quot;up&quot;,&quot;initial_scale&quot;:&quot;1&quot;,&quot;max_scale&quot;:&quot;1.5&quot;,&quot;min_scale&quot;:&quot;0.5&quot;,&quot;initial_rotate&quot;:&quot;0&quot;,&quot;end_rotate&quot;:&quot;30&quot;,&quot;initial_blur&quot;:&quot;0&quot;,&quot;end_blur&quot;:&quot;3&quot;,&quot;start_element&quot;:&quot;top&quot;,&quot;start_viewport&quot;:&quot;bottom&quot;,&quot;end_element&quot;:&quot;bottom&quot;,&quot;end_viewport&quot;:&quot;top&quot;,&quot;mouse_effect&quot;:&quot;track&quot;,&quot;mouse_effect_direction&quot;:&quot;opposite&quot;,&quot;mouse_effect_speed&quot;:&quot;2&quot;,&quot;infinite_animation&quot;:&quot;float&quot;,&quot;infinite_animation_speed&quot;:&quot;2&quot;}]\" data-scroll-devices=\"small-visibility,medium-visibility,large-visibility\"><div class=\"fusion-column-wrapper fusion-column-has-shadow fusion-flex-justify-content-flex-start fusion-content-layout-column\"><div class=\"fusion-text fusion-text-1\"><h4 style=\"text-align: center;\"><strong>Informaci\u00f3n de la Marca<\/strong><\/h4>\n<p style=\"text-align: center;\"><a href=\"https:\/\/www.instagram.com\/alotana_uy\/\">Instagram<\/a><\/p>\n<p style=\"text-align: center;\"><a href=\"https:\/\/m.facebook.com\/alo.tana.9\/\">Prensa<\/a><\/p>\n<\/div><\/div><\/div><div class=\"fusion-layout-column fusion_builder_column fusion-builder-column-1 fusion_builder_column_4_5 4_5 fusion-flex-column\" style=\"--awb-bg-size:cover;--awb-width-large:80%;--awb-margin-top-large:25px;--awb-spacing-right-large:2.4%;--awb-margin-bottom-large:25px;--awb-spacing-left-large:2.4%;--awb-width-medium:100%;--awb-order-medium:0;--awb-spacing-right-medium:1.92%;--awb-spacing-left-medium:1.92%;--awb-width-small:100%;--awb-order-small:0;--awb-spacing-right-small:1.92%;--awb-spacing-left-small:1.92%;\"><div class=\"fusion-column-wrapper fusion-column-has-shadow fusion-flex-justify-content-flex-start fusion-content-layout-column\"><div class=\"fusion-text fusion-text-2\"><p>Alo TANA es una marca uruguaya dedicada a crear accesorios 100% cuero, de dise\u00f1o artesanal, atemporales, funcionales, perdurables y comprometidos con el Medio Ambiente. Gran parte de nuestras piezas son realizadas en cuero vacuno de curtido vegetal, y aplicando t\u00e9cnicas cl\u00e1sicas del oficio. Producimos en baja escala y generamos nuevos peque\u00f1os productos a partir de nuestros propios descartes.<\/p>\n<\/div><div class=\"awb-gallery-wrapper awb-gallery-wrapper-1 button-span-no\" style=\"--more-btn-alignment:center;\"><div style=\"margin:-2px;--awb-aspect-ratio:2 \/ 3;--awb-bordersize:5px;--awb-bordercolor:var(--awb-custom_color_2);\" class=\"fusion-gallery fusion-gallery-container fusion-grid-3 fusion-columns-total-3 fusion-gallery-layout-grid fusion-gallery-1 has-aspect-ratio\"><div style=\"padding:2.5px;\" class=\"fusion-grid-column fusion-gallery-column fusion-gallery-column-3 hover-type-none\"><div class=\"fusion-gallery-image\"><img decoding=\"async\" data-src=\"https:\/\/universomola.com\/wp-content\/uploads\/2023\/12\/20231027_230814_0001.png\" width=\"1080\" height=\"1080\" alt=\"\" title=\"20231027_230814_0001\" aria-label=\"20231027_230814_0001\" class=\"img-responsive wp-image-50798 lazyload\" data-srcset=\"https:\/\/universomola.com\/wp-content\/uploads\/2023\/12\/20231027_230814_0001-200x200.png 200w, https:\/\/universomola.com\/wp-content\/uploads\/2023\/12\/20231027_230814_0001-400x400.png 400w, https:\/\/universomola.com\/wp-content\/uploads\/2023\/12\/20231027_230814_0001-600x600.png 600w, https:\/\/universomola.com\/wp-content\/uploads\/2023\/12\/20231027_230814_0001-800x800.png 800w, https:\/\/universomola.com\/wp-content\/uploads\/2023\/12\/20231027_230814_0001.png 1080w\" data-sizes=\"(min-width: 2200px) 100vw, (min-width: 872px) 399px, (min-width: 756px) 598px, (min-width: 640px) 756px,\" src=\"data:image\/svg+xml;base64,PHN2ZyB3aWR0aD0iMSIgaGVpZ2h0PSIxIiB4bWxucz0iaHR0cDovL3d3dy53My5vcmcvMjAwMC9zdmciPjwvc3ZnPg==\" style=\"--smush-placeholder-width: 1080px; --smush-placeholder-aspect-ratio: 1080\/1080;\" \/><\/div><\/div><div style=\"padding:2.5px;\" class=\"fusion-grid-column fusion-gallery-column fusion-gallery-column-3 hover-type-none\"><div class=\"fusion-gallery-image\"><img decoding=\"async\" data-src=\"https:\/\/universomola.com\/wp-content\/uploads\/2023\/12\/20231027_230814_0002.png\" width=\"1080\" height=\"1080\" alt=\"\" title=\"20231027_230814_0002\" aria-label=\"20231027_230814_0002\" class=\"img-responsive wp-image-50799 lazyload\" data-srcset=\"https:\/\/universomola.com\/wp-content\/uploads\/2023\/12\/20231027_230814_0002-200x200.png 200w, https:\/\/universomola.com\/wp-content\/uploads\/2023\/12\/20231027_230814_0002-400x400.png 400w, https:\/\/universomola.com\/wp-content\/uploads\/2023\/12\/20231027_230814_0002-600x600.png 600w, https:\/\/universomola.com\/wp-content\/uploads\/2023\/12\/20231027_230814_0002-800x800.png 800w, https:\/\/universomola.com\/wp-content\/uploads\/2023\/12\/20231027_230814_0002.png 1080w\" data-sizes=\"(min-width: 2200px) 100vw, (min-width: 872px) 399px, (min-width: 756px) 598px, (min-width: 640px) 756px,\" src=\"data:image\/svg+xml;base64,PHN2ZyB3aWR0aD0iMSIgaGVpZ2h0PSIxIiB4bWxucz0iaHR0cDovL3d3dy53My5vcmcvMjAwMC9zdmciPjwvc3ZnPg==\" style=\"--smush-placeholder-width: 1080px; --smush-placeholder-aspect-ratio: 1080\/1080;\" \/><\/div><\/div><div style=\"padding:2.5px;\" class=\"fusion-grid-column fusion-gallery-column fusion-gallery-column-3 hover-type-none\"><div class=\"fusion-gallery-image\"><img decoding=\"async\" data-src=\"https:\/\/universomola.com\/wp-content\/uploads\/2023\/12\/20231027_230813_0000.png\" width=\"1080\" height=\"1080\" alt=\"\" title=\"20231027_230813_0000\" aria-label=\"20231027_230813_0000\" class=\"img-responsive wp-image-50800 lazyload\" data-srcset=\"https:\/\/universomola.com\/wp-content\/uploads\/2023\/12\/20231027_230813_0000-200x200.png 200w, https:\/\/universomola.com\/wp-content\/uploads\/2023\/12\/20231027_230813_0000-400x400.png 400w, https:\/\/universomola.com\/wp-content\/uploads\/2023\/12\/20231027_230813_0000-600x600.png 600w, https:\/\/universomola.com\/wp-content\/uploads\/2023\/12\/20231027_230813_0000-800x800.png 800w, https:\/\/universomola.com\/wp-content\/uploads\/2023\/12\/20231027_230813_0000.png 1080w\" data-sizes=\"(min-width: 2200px) 100vw, (min-width: 872px) 399px, (min-width: 756px) 598px, (min-width: 640px) 756px,\" src=\"data:image\/svg+xml;base64,PHN2ZyB3aWR0aD0iMSIgaGVpZ2h0PSIxIiB4bWxucz0iaHR0cDovL3d3dy53My5vcmcvMjAwMC9zdmciPjwvc3ZnPg==\" style=\"--smush-placeholder-width: 1080px; --smush-placeholder-aspect-ratio: 1080\/1080;\" \/><\/div><\/div><div class=\"clearfix\"><\/div><\/div><\/div><\/div><\/div><\/div><\/div>","protected":false},"excerpt":{"rendered":"","protected":false},"author":9,"featured_media":0,"parent":0,"menu_order":0,"comment_status":"closed","ping_status":"closed","template":"100-width.php","meta":{"_monsterinsights_skip_tracking":false,"_monsterinsights_sitenote_active":false,"_monsterinsights_sitenote_note":"","_monsterinsights_sitenote_category":0,"footnotes":""},"class_list":["post-33116","page","type-page","status-publish","hentry"],"_links":{"self":[{"href":"https:\/\/universomola.com\/en\/wp-json\/wp\/v2\/pages\/33116","targetHints":{"allow":["GET"]}}],"collection":[{"href":"https:\/\/universomola.com\/en\/wp-json\/wp\/v2\/pages"}],"about":[{"href":"https:\/\/universomola.com\/en\/wp-json\/wp\/v2\/types\/page"}],"author":[{"embeddable":true,"href":"https:\/\/universomola.com\/en\/wp-json\/wp\/v2\/users\/9"}],"replies":[{"embeddable":true,"href":"https:\/\/universomola.com\/en\/wp-json\/wp\/v2\/comments?post=33116"}],"version-history":[{"count":6,"href":"https:\/\/universomola.com\/en\/wp-json\/wp\/v2\/pages\/33116\/revisions"}],"predecessor-version":[{"id":62856,"href":"https:\/\/universomola.com\/en\/wp-json\/wp\/v2\/pages\/33116\/revisions\/62856"}],"wp:attachment":[{"href":"https:\/\/universomola.com\/en\/wp-json\/wp\/v2\/media?parent=33116"}],"curies":[{"name":"wp","href":"https:\/\/api.w.org\/{rel}","templated":true}]}}