{"id":34758,"date":"2023-09-29T13:11:17","date_gmt":"2023-09-29T16:11:17","guid":{"rendered":"https:\/\/universomola.com\/?page_id=34758"},"modified":"2024-02-20T14:16:39","modified_gmt":"2024-02-20T19:16:39","slug":"tan-basicx","status":"publish","type":"page","link":"https:\/\/universomola.com\/en\/tan-basicx\/","title":{"rendered":"Tan Basicx"},"content":{"rendered":"<div class=\"fusion-fullwidth fullwidth-box fusion-builder-row-1 fusion-flex-container has-pattern-background has-mask-background hundred-percent-fullwidth non-hundred-percent-height-scrolling\" style=\"--awb-border-radius-top-left:0px;--awb-border-radius-top-right:0px;--awb-border-radius-bottom-right:0px;--awb-border-radius-bottom-left:0px;--awb-flex-wrap:wrap;\" ><div class=\"fusion-builder-row fusion-row fusion-flex-align-items-center fusion-flex-justify-content-center fusion-flex-content-wrap\" style=\"width:104% !important;max-width:104% !important;margin-left: calc(-4% \/ 2 );margin-right: calc(-4% \/ 2 );\"><div class=\"fusion-layout-column fusion_builder_column fusion-builder-column-0 fusion_builder_column_1_5 1_5 fusion-flex-column fusion-flex-align-self-flex-start\" style=\"--awb-bg-size:cover;--awb-width-large:20%;--awb-margin-top-large:25px;--awb-spacing-right-large:9.6%;--awb-margin-bottom-large:25px;--awb-spacing-left-large:9.6%;--awb-width-medium:100%;--awb-order-medium:0;--awb-spacing-right-medium:1.92%;--awb-spacing-left-medium:1.92%;--awb-width-small:100%;--awb-order-small:0;--awb-spacing-right-small:1.92%;--awb-spacing-left-small:1.92%;\" data-motion-effects=\"[{&quot;type&quot;:&quot;&quot;,&quot;scroll_type&quot;:&quot;transition&quot;,&quot;scroll_direction&quot;:&quot;up&quot;,&quot;transition_speed&quot;:&quot;1&quot;,&quot;fade_type&quot;:&quot;in&quot;,&quot;scale_type&quot;:&quot;up&quot;,&quot;initial_scale&quot;:&quot;1&quot;,&quot;max_scale&quot;:&quot;1.5&quot;,&quot;min_scale&quot;:&quot;0.5&quot;,&quot;initial_rotate&quot;:&quot;0&quot;,&quot;end_rotate&quot;:&quot;30&quot;,&quot;initial_blur&quot;:&quot;0&quot;,&quot;end_blur&quot;:&quot;3&quot;,&quot;start_element&quot;:&quot;top&quot;,&quot;start_viewport&quot;:&quot;bottom&quot;,&quot;end_element&quot;:&quot;bottom&quot;,&quot;end_viewport&quot;:&quot;top&quot;,&quot;mouse_effect&quot;:&quot;track&quot;,&quot;mouse_effect_direction&quot;:&quot;opposite&quot;,&quot;mouse_effect_speed&quot;:&quot;2&quot;,&quot;infinite_animation&quot;:&quot;float&quot;,&quot;infinite_animation_speed&quot;:&quot;2&quot;}]\" data-scroll-devices=\"small-visibility,medium-visibility,large-visibility\"><div class=\"fusion-column-wrapper fusion-column-has-shadow fusion-flex-justify-content-flex-start fusion-content-layout-column\"><div class=\"fusion-text fusion-text-1\"><h4 style=\"text-align: center;\"><strong>Informaci\u00f3n de la Marca<\/strong><\/h4>\n<p style=\"text-align: center;\"><a href=\"https:\/\/api.whatsapp.com\/send?phone=573016926814\">Contacto<\/a><\/p>\n<p style=\"text-align: center;\"><a href=\"https:\/\/issuu.com\/lauracruzpardo\/docs\/catalogo_tan_basicx\">Web<\/a><\/p>\n<p style=\"text-align: center;\"><a href=\"https:\/\/www.instagram.com\/tanbasicx\/\">Instagram<\/a><\/p>\n<\/div><\/div><\/div><div class=\"fusion-layout-column fusion_builder_column fusion-builder-column-1 fusion_builder_column_4_5 4_5 fusion-flex-column\" style=\"--awb-bg-size:cover;--awb-width-large:80%;--awb-margin-top-large:25px;--awb-spacing-right-large:2.4%;--awb-margin-bottom-large:25px;--awb-spacing-left-large:2.4%;--awb-width-medium:100%;--awb-order-medium:0;--awb-spacing-right-medium:1.92%;--awb-spacing-left-medium:1.92%;--awb-width-small:100%;--awb-order-small:0;--awb-spacing-right-small:1.92%;--awb-spacing-left-small:1.92%;\"><div class=\"fusion-column-wrapper fusion-column-has-shadow fusion-flex-justify-content-flex-start fusion-content-layout-column\"><div class=\"fusion-text fusion-text-2\"><p><i>\u00abBasados en el eco-dise\u00f1o, fluimos de la mano de la tierra\u00bb <\/i><\/p>\n<p>Esas son las palabras que mejor definen a Tan Basicx: una marca emergente que cultiva un estilo de vida \u00e9tico a trav\u00e9s de indumentaria verde que trasciende g\u00e9nero y tiempo.<\/p>\n<p>Regida por el ecodise\u00f1o como pilar para la creaci\u00f3n de la marca, sus piezas est\u00e1n caracterizadas por contar con siluetas vers\u00e1tiles, cortes rectos y colores b\u00e1sicos. Las prendas vistas sin caducidad, con cualidades multifuncionales y en una \u00fanica talla son parte del universo de Tan Basicx. Una propuesta que busca la atemporalidad y donde se evidencia la nulidad de apliques, la ausencia de derivados pl\u00e1sticos, el respeto hacia el material y a la naturaleza misma.<\/p>\n<p>Bajo la direcci\u00f3n creativa de Laura Cruz Pardo, Tan Basicx propone impulsar un cambio consciente y creer en los recursos que brinda la Tierra. Los materiales que emplea son 100 % naturales y tienen como protagonista al c\u00e1\u00f1amo, el material proveniente del cannabis.<\/p>\n<p>Esta fibra unifica y consolida su concepto. Con el c\u00e1\u00f1amo no s\u00f3lo contemplan el producto m\u00e1s all\u00e1 de su vida \u00fatil y disposici\u00f3n final, a la vez adoptan un discurso progresista para vencer estigmas y valorar lo natural. La concepci\u00f3n de la planta debe mutar, y pasar a ser vista como una oportunidad de reconciliaci\u00f3n y paz.<\/p>\n<p>Simplicidad, contundencia y coherencia es la f\u00f3rmula de la marca para lograr que Tan Basicx no solo sea una marca, sino un estilo de vida.<\/p>\n<\/div><div class=\"awb-gallery-wrapper awb-gallery-wrapper-1 button-span-no\" style=\"--more-btn-alignment:center;\"><div style=\"margin:-2px;--awb-aspect-ratio:2 \/ 3;--awb-bordersize:5px;\" class=\"fusion-gallery fusion-gallery-container fusion-grid-3 fusion-columns-total-3 fusion-gallery-layout-grid fusion-gallery-1 has-aspect-ratio\"><div style=\"padding:2.5px;\" class=\"fusion-grid-column fusion-gallery-column fusion-gallery-column-3 hover-type-none\"><div class=\"fusion-gallery-image\"><img decoding=\"async\" data-src=\"https:\/\/universomola.com\/wp-content\/uploads\/2023\/09\/tan1.jpeg\" width=\"647\" height=\"970\" alt=\"\" title=\"tan1\" aria-label=\"tan1\" class=\"img-responsive wp-image-34761 lazyload\" data-srcset=\"https:\/\/universomola.com\/wp-content\/uploads\/2023\/09\/tan1-200x300.jpeg 200w, https:\/\/universomola.com\/wp-content\/uploads\/2023\/09\/tan1-400x600.jpeg 400w, https:\/\/universomola.com\/wp-content\/uploads\/2023\/09\/tan1-600x900.jpeg 600w, https:\/\/universomola.com\/wp-content\/uploads\/2023\/09\/tan1.jpeg 647w\" data-sizes=\"(min-width: 2200px) 100vw, (min-width: 872px) 399px, (min-width: 756px) 598px, (min-width: 640px) 756px,\" src=\"data:image\/svg+xml;base64,PHN2ZyB3aWR0aD0iMSIgaGVpZ2h0PSIxIiB4bWxucz0iaHR0cDovL3d3dy53My5vcmcvMjAwMC9zdmciPjwvc3ZnPg==\" style=\"--smush-placeholder-width: 647px; --smush-placeholder-aspect-ratio: 647\/970;\" \/><\/div><\/div><div style=\"padding:2.5px;\" class=\"fusion-grid-column fusion-gallery-column fusion-gallery-column-3 hover-type-none\"><div class=\"fusion-gallery-image\"><img decoding=\"async\" data-src=\"https:\/\/universomola.com\/wp-content\/uploads\/2023\/10\/IMG_6101.jpg\" width=\"876\" height=\"1097\" alt=\"\" title=\"Processed with VSCO with av8 preset\" aria-label=\"Processed with VSCO with av8 preset\" class=\"img-responsive wp-image-39769 lazyload\" data-srcset=\"https:\/\/universomola.com\/wp-content\/uploads\/2023\/10\/IMG_6101-200x250.jpg 200w, https:\/\/universomola.com\/wp-content\/uploads\/2023\/10\/IMG_6101-400x501.jpg 400w, https:\/\/universomola.com\/wp-content\/uploads\/2023\/10\/IMG_6101-600x751.jpg 600w, https:\/\/universomola.com\/wp-content\/uploads\/2023\/10\/IMG_6101-800x1002.jpg 800w, https:\/\/universomola.com\/wp-content\/uploads\/2023\/10\/IMG_6101.jpg 876w\" data-sizes=\"(min-width: 2200px) 100vw, (min-width: 872px) 399px, (min-width: 756px) 598px, (min-width: 640px) 756px,\" src=\"data:image\/svg+xml;base64,PHN2ZyB3aWR0aD0iMSIgaGVpZ2h0PSIxIiB4bWxucz0iaHR0cDovL3d3dy53My5vcmcvMjAwMC9zdmciPjwvc3ZnPg==\" style=\"--smush-placeholder-width: 876px; --smush-placeholder-aspect-ratio: 876\/1097;\" \/><\/div><\/div><div style=\"padding:2.5px;\" class=\"fusion-grid-column fusion-gallery-column fusion-gallery-column-3 hover-type-none\"><div class=\"fusion-gallery-image\"><img decoding=\"async\" data-src=\"https:\/\/universomola.com\/wp-content\/uploads\/2023\/10\/IMG_6084.jpg\" width=\"627\" height=\"979\" alt=\"\" title=\"Processed with VSCO with av8 preset\" aria-label=\"Processed with VSCO with av8 preset\" class=\"img-responsive wp-image-39770 lazyload\" data-srcset=\"https:\/\/universomola.com\/wp-content\/uploads\/2023\/10\/IMG_6084-200x312.jpg 200w, https:\/\/universomola.com\/wp-content\/uploads\/2023\/10\/IMG_6084-400x625.jpg 400w, https:\/\/universomola.com\/wp-content\/uploads\/2023\/10\/IMG_6084-600x937.jpg 600w, https:\/\/universomola.com\/wp-content\/uploads\/2023\/10\/IMG_6084.jpg 627w\" data-sizes=\"(min-width: 2200px) 100vw, (min-width: 872px) 399px, (min-width: 756px) 598px, (min-width: 640px) 756px,\" src=\"data:image\/svg+xml;base64,PHN2ZyB3aWR0aD0iMSIgaGVpZ2h0PSIxIiB4bWxucz0iaHR0cDovL3d3dy53My5vcmcvMjAwMC9zdmciPjwvc3ZnPg==\" style=\"--smush-placeholder-width: 627px; --smush-placeholder-aspect-ratio: 627\/979;\" \/><\/div><\/div><div class=\"clearfix\"><\/div><\/div><\/div><\/div><\/div><\/div><\/div>","protected":false},"excerpt":{"rendered":"","protected":false},"author":9,"featured_media":0,"parent":0,"menu_order":0,"comment_status":"closed","ping_status":"closed","template":"100-width.php","meta":{"_monsterinsights_skip_tracking":false,"_monsterinsights_sitenote_active":false,"_monsterinsights_sitenote_note":"","_monsterinsights_sitenote_category":0,"footnotes":""},"class_list":["post-34758","page","type-page","status-publish","hentry"],"_links":{"self":[{"href":"https:\/\/universomola.com\/en\/wp-json\/wp\/v2\/pages\/34758","targetHints":{"allow":["GET"]}}],"collection":[{"href":"https:\/\/universomola.com\/en\/wp-json\/wp\/v2\/pages"}],"about":[{"href":"https:\/\/universomola.com\/en\/wp-json\/wp\/v2\/types\/page"}],"author":[{"embeddable":true,"href":"https:\/\/universomola.com\/en\/wp-json\/wp\/v2\/users\/9"}],"replies":[{"embeddable":true,"href":"https:\/\/universomola.com\/en\/wp-json\/wp\/v2\/comments?post=34758"}],"version-history":[{"count":5,"href":"https:\/\/universomola.com\/en\/wp-json\/wp\/v2\/pages\/34758\/revisions"}],"predecessor-version":[{"id":62927,"href":"https:\/\/universomola.com\/en\/wp-json\/wp\/v2\/pages\/34758\/revisions\/62927"}],"wp:attachment":[{"href":"https:\/\/universomola.com\/en\/wp-json\/wp\/v2\/media?parent=34758"}],"curies":[{"name":"wp","href":"https:\/\/api.w.org\/{rel}","templated":true}]}}