{"id":34763,"date":"2023-09-29T15:51:12","date_gmt":"2023-09-29T18:51:12","guid":{"rendered":"https:\/\/universomola.com\/?page_id=34763"},"modified":"2024-02-20T11:54:33","modified_gmt":"2024-02-20T16:54:33","slug":"demisangre","status":"publish","type":"page","link":"https:\/\/universomola.com\/en\/demisangre\/","title":{"rendered":"D mi Sangre"},"content":{"rendered":"<div class=\"fusion-fullwidth fullwidth-box fusion-builder-row-1 fusion-flex-container has-pattern-background has-mask-background hundred-percent-fullwidth non-hundred-percent-height-scrolling\" style=\"--awb-border-radius-top-left:0px;--awb-border-radius-top-right:0px;--awb-border-radius-bottom-right:0px;--awb-border-radius-bottom-left:0px;--awb-flex-wrap:wrap;\" ><div class=\"fusion-builder-row fusion-row fusion-flex-align-items-center fusion-flex-justify-content-center fusion-flex-content-wrap\" style=\"width:104% !important;max-width:104% !important;margin-left: calc(-4% \/ 2 );margin-right: calc(-4% \/ 2 );\"><div class=\"fusion-layout-column fusion_builder_column fusion-builder-column-0 fusion_builder_column_1_5 1_5 fusion-flex-column fusion-flex-align-self-flex-start\" style=\"--awb-bg-size:cover;--awb-width-large:20%;--awb-margin-top-large:25px;--awb-spacing-right-large:9.6%;--awb-margin-bottom-large:25px;--awb-spacing-left-large:9.6%;--awb-width-medium:100%;--awb-order-medium:0;--awb-spacing-right-medium:1.92%;--awb-spacing-left-medium:1.92%;--awb-width-small:100%;--awb-order-small:0;--awb-spacing-right-small:1.92%;--awb-spacing-left-small:1.92%;\" data-motion-effects=\"[{&quot;type&quot;:&quot;&quot;,&quot;scroll_type&quot;:&quot;transition&quot;,&quot;scroll_direction&quot;:&quot;up&quot;,&quot;transition_speed&quot;:&quot;1&quot;,&quot;fade_type&quot;:&quot;in&quot;,&quot;scale_type&quot;:&quot;up&quot;,&quot;initial_scale&quot;:&quot;1&quot;,&quot;max_scale&quot;:&quot;1.5&quot;,&quot;min_scale&quot;:&quot;0.5&quot;,&quot;initial_rotate&quot;:&quot;0&quot;,&quot;end_rotate&quot;:&quot;30&quot;,&quot;initial_blur&quot;:&quot;0&quot;,&quot;end_blur&quot;:&quot;3&quot;,&quot;start_element&quot;:&quot;top&quot;,&quot;start_viewport&quot;:&quot;bottom&quot;,&quot;end_element&quot;:&quot;bottom&quot;,&quot;end_viewport&quot;:&quot;top&quot;,&quot;mouse_effect&quot;:&quot;track&quot;,&quot;mouse_effect_direction&quot;:&quot;opposite&quot;,&quot;mouse_effect_speed&quot;:&quot;2&quot;,&quot;infinite_animation&quot;:&quot;float&quot;,&quot;infinite_animation_speed&quot;:&quot;2&quot;}]\" data-scroll-devices=\"small-visibility,medium-visibility,large-visibility\"><div class=\"fusion-column-wrapper fusion-column-has-shadow fusion-flex-justify-content-flex-start fusion-content-layout-column\"><div class=\"fusion-text fusion-text-1\"><h4 style=\"text-align: center;\"><strong>Informaci\u00f3n de la Marca<\/strong><\/h4>\n<p style=\"text-align: center;\"><a href=\"http:\/\/+56994433820 WhatsApp\">Contacto<\/a><\/p>\n<p style=\"text-align: center;\"><a href=\"https:\/\/www.instagram.com\/dmisangre\/\">Instagram<\/a><\/p>\n<\/div><\/div><\/div><div class=\"fusion-layout-column fusion_builder_column fusion-builder-column-1 fusion_builder_column_4_5 4_5 fusion-flex-column\" style=\"--awb-bg-size:cover;--awb-width-large:80%;--awb-margin-top-large:25px;--awb-spacing-right-large:2.4%;--awb-margin-bottom-large:25px;--awb-spacing-left-large:2.4%;--awb-width-medium:100%;--awb-order-medium:0;--awb-spacing-right-medium:1.92%;--awb-spacing-left-medium:1.92%;--awb-width-small:100%;--awb-order-small:0;--awb-spacing-right-small:1.92%;--awb-spacing-left-small:1.92%;\"><div class=\"fusion-column-wrapper fusion-column-has-shadow fusion-flex-justify-content-flex-start fusion-content-layout-column\"><div class=\"fusion-text fusion-text-2\"><p><span style=\"font-weight: 400;\">Nace de la idea de dar una segunda vida u oportunidad a elementos de cuero en desuso, de esta forma tomamos prendas antiguas de cuero natural, que por alg\u00fan motivo fueron desechadas y lo transformamos en una verdadera pieza de arte, una pieza \u00fanica que contribuye a la econom\u00eda circular a prendas de vestir de cuero.<\/span><\/p>\n<p><span style=\"font-weight: 400;\">Al utilizar un accesorio D mi Sangre, estas llevando arte sobre ti, cada pieza est\u00e1 realizada a mano desde inicio a fin, por lo que jam\u00e1s existir\u00e1 una igual a otra.<\/span><\/p>\n<p><span style=\"font-weight: 400;\">Te invitamos a llevar un elemento D mi sangre y contribuir al medioambiente, con un accesorio nuevo que ha vuelto a tomar vida.<\/span><\/p>\n<\/div><div class=\"awb-gallery-wrapper awb-gallery-wrapper-1 button-span-no\" style=\"--more-btn-alignment:center;\"><div style=\"margin:-10px;--awb-aspect-ratio:1 \/ 1;--awb-bordersize:5px;\" class=\"fusion-gallery fusion-gallery-container fusion-grid-3 fusion-columns-total-3 fusion-gallery-layout-grid fusion-gallery-1 has-aspect-ratio\"><div style=\"padding:10px;\" class=\"fusion-grid-column fusion-gallery-column fusion-gallery-column-3 hover-type-none\"><div class=\"fusion-gallery-image\"><img decoding=\"async\" data-src=\"https:\/\/universomola.com\/wp-content\/uploads\/2023\/09\/demi2-460x295.jpg\" width=\"460\" height=\"295\" alt=\"\" title=\"demi2\" aria-label=\"demi2\" class=\"img-responsive wp-image-34772 fusion-gallery-image-size-fixed lazyload\" src=\"data:image\/svg+xml;base64,PHN2ZyB3aWR0aD0iMSIgaGVpZ2h0PSIxIiB4bWxucz0iaHR0cDovL3d3dy53My5vcmcvMjAwMC9zdmciPjwvc3ZnPg==\" style=\"--smush-placeholder-width: 460px; --smush-placeholder-aspect-ratio: 460\/295;\" \/><\/div><\/div><div style=\"padding:10px;\" class=\"fusion-grid-column fusion-gallery-column fusion-gallery-column-3 hover-type-none\"><div class=\"fusion-gallery-image\"><img decoding=\"async\" data-src=\"https:\/\/universomola.com\/wp-content\/uploads\/2023\/09\/demi1-460x295.jpg\" width=\"460\" height=\"295\" alt=\"\" title=\"demi1\" aria-label=\"demi1\" class=\"img-responsive wp-image-34771 fusion-gallery-image-size-fixed lazyload\" src=\"data:image\/svg+xml;base64,PHN2ZyB3aWR0aD0iMSIgaGVpZ2h0PSIxIiB4bWxucz0iaHR0cDovL3d3dy53My5vcmcvMjAwMC9zdmciPjwvc3ZnPg==\" style=\"--smush-placeholder-width: 460px; --smush-placeholder-aspect-ratio: 460\/295;\" \/><\/div><\/div><div style=\"padding:10px;\" class=\"fusion-grid-column fusion-gallery-column fusion-gallery-column-3 hover-type-none\"><div class=\"fusion-gallery-image\"><img decoding=\"async\" data-src=\"https:\/\/universomola.com\/wp-content\/uploads\/2023\/09\/demi3-460x295.jpg\" width=\"460\" height=\"295\" alt=\"\" title=\"demi3\" aria-label=\"demi3\" class=\"img-responsive wp-image-34770 fusion-gallery-image-size-fixed lazyload\" src=\"data:image\/svg+xml;base64,PHN2ZyB3aWR0aD0iMSIgaGVpZ2h0PSIxIiB4bWxucz0iaHR0cDovL3d3dy53My5vcmcvMjAwMC9zdmciPjwvc3ZnPg==\" style=\"--smush-placeholder-width: 460px; --smush-placeholder-aspect-ratio: 460\/295;\" \/><\/div><\/div><div class=\"clearfix\"><\/div><\/div><\/div><\/div><\/div><\/div><\/div>","protected":false},"excerpt":{"rendered":"","protected":false},"author":9,"featured_media":0,"parent":0,"menu_order":0,"comment_status":"closed","ping_status":"closed","template":"100-width.php","meta":{"_monsterinsights_skip_tracking":false,"_monsterinsights_sitenote_active":false,"_monsterinsights_sitenote_note":"","_monsterinsights_sitenote_category":0,"footnotes":""},"class_list":["post-34763","page","type-page","status-publish","hentry"],"_links":{"self":[{"href":"https:\/\/universomola.com\/en\/wp-json\/wp\/v2\/pages\/34763","targetHints":{"allow":["GET"]}}],"collection":[{"href":"https:\/\/universomola.com\/en\/wp-json\/wp\/v2\/pages"}],"about":[{"href":"https:\/\/universomola.com\/en\/wp-json\/wp\/v2\/types\/page"}],"author":[{"embeddable":true,"href":"https:\/\/universomola.com\/en\/wp-json\/wp\/v2\/users\/9"}],"replies":[{"embeddable":true,"href":"https:\/\/universomola.com\/en\/wp-json\/wp\/v2\/comments?post=34763"}],"version-history":[{"count":5,"href":"https:\/\/universomola.com\/en\/wp-json\/wp\/v2\/pages\/34763\/revisions"}],"predecessor-version":[{"id":62873,"href":"https:\/\/universomola.com\/en\/wp-json\/wp\/v2\/pages\/34763\/revisions\/62873"}],"wp:attachment":[{"href":"https:\/\/universomola.com\/en\/wp-json\/wp\/v2\/media?parent=34763"}],"curies":[{"name":"wp","href":"https:\/\/api.w.org\/{rel}","templated":true}]}}