{"id":34850,"date":"2023-10-01T20:30:30","date_gmt":"2023-10-01T23:30:30","guid":{"rendered":"https:\/\/universomola.com\/?page_id=34850"},"modified":"2024-04-09T10:44:27","modified_gmt":"2024-04-09T15:44:27","slug":"southwool-handbags-ecofashion","status":"publish","type":"page","link":"https:\/\/universomola.com\/en\/southwool-handbags-ecofashion\/","title":{"rendered":"SouthWool Handbags &#8211; EcoFashion"},"content":{"rendered":"<div class=\"fusion-fullwidth fullwidth-box fusion-builder-row-1 fusion-flex-container has-pattern-background has-mask-background hundred-percent-fullwidth non-hundred-percent-height-scrolling\" style=\"--awb-border-radius-top-left:0px;--awb-border-radius-top-right:0px;--awb-border-radius-bottom-right:0px;--awb-border-radius-bottom-left:0px;--awb-flex-wrap:wrap;\" ><div class=\"fusion-builder-row fusion-row fusion-flex-align-items-center fusion-flex-justify-content-center fusion-flex-content-wrap\" style=\"width:104% !important;max-width:104% !important;margin-left: calc(-4% \/ 2 );margin-right: calc(-4% \/ 2 );\"><div class=\"fusion-layout-column fusion_builder_column fusion-builder-column-0 fusion_builder_column_1_5 1_5 fusion-flex-column fusion-flex-align-self-flex-start\" style=\"--awb-bg-size:cover;--awb-width-large:20%;--awb-margin-top-large:25px;--awb-spacing-right-large:9.6%;--awb-margin-bottom-large:25px;--awb-spacing-left-large:9.6%;--awb-width-medium:100%;--awb-order-medium:0;--awb-spacing-right-medium:1.92%;--awb-spacing-left-medium:1.92%;--awb-width-small:100%;--awb-order-small:0;--awb-spacing-right-small:1.92%;--awb-spacing-left-small:1.92%;\" data-motion-effects=\"[{&quot;type&quot;:&quot;&quot;,&quot;scroll_type&quot;:&quot;transition&quot;,&quot;scroll_direction&quot;:&quot;up&quot;,&quot;transition_speed&quot;:&quot;1&quot;,&quot;fade_type&quot;:&quot;in&quot;,&quot;scale_type&quot;:&quot;up&quot;,&quot;initial_scale&quot;:&quot;1&quot;,&quot;max_scale&quot;:&quot;1.5&quot;,&quot;min_scale&quot;:&quot;0.5&quot;,&quot;initial_rotate&quot;:&quot;0&quot;,&quot;end_rotate&quot;:&quot;30&quot;,&quot;initial_blur&quot;:&quot;0&quot;,&quot;end_blur&quot;:&quot;3&quot;,&quot;start_element&quot;:&quot;top&quot;,&quot;start_viewport&quot;:&quot;bottom&quot;,&quot;end_element&quot;:&quot;bottom&quot;,&quot;end_viewport&quot;:&quot;top&quot;,&quot;mouse_effect&quot;:&quot;track&quot;,&quot;mouse_effect_direction&quot;:&quot;opposite&quot;,&quot;mouse_effect_speed&quot;:&quot;2&quot;,&quot;infinite_animation&quot;:&quot;float&quot;,&quot;infinite_animation_speed&quot;:&quot;2&quot;}]\" data-scroll-devices=\"small-visibility,medium-visibility,large-visibility\"><div class=\"fusion-column-wrapper fusion-column-has-shadow fusion-flex-justify-content-flex-start fusion-content-layout-column\"><div class=\"fusion-text fusion-text-1\"><h4 style=\"text-align: center;\"><strong>Informaci\u00f3n de la Marca<\/strong><\/h4>\n<p style=\"text-align: center;\"><a href=\"https:\/\/www.southwool.com\/\">Web<\/a><\/p>\n<p style=\"text-align: center;\"><a href=\"https:\/\/www.instagram.com\/southwool_sw\/\">Instagram<\/a><\/p>\n<\/div><\/div><\/div><div class=\"fusion-layout-column fusion_builder_column fusion-builder-column-1 fusion_builder_column_4_5 4_5 fusion-flex-column\" style=\"--awb-bg-size:cover;--awb-width-large:80%;--awb-margin-top-large:25px;--awb-spacing-right-large:2.4%;--awb-margin-bottom-large:25px;--awb-spacing-left-large:2.4%;--awb-width-medium:100%;--awb-order-medium:0;--awb-spacing-right-medium:1.92%;--awb-spacing-left-medium:1.92%;--awb-width-small:100%;--awb-order-small:0;--awb-spacing-right-small:1.92%;--awb-spacing-left-small:1.92%;\"><div class=\"fusion-column-wrapper fusion-column-has-shadow fusion-flex-justify-content-flex-start fusion-content-layout-column\"><div class=\"fusion-text fusion-text-2\"><p>En 2016, Florencia y Raquelina unieron fuerzas para crear el Proyecto SW, con la intenci\u00f3n de revalorizar las tradiciones y ra\u00edces olvidadas de la cultura gaucha en su pa\u00eds. Su vida en contacto con el entorno rural y costero les inspir\u00f3 a fabricar accesorios de moda artesanales, 100% hechos a mano en colaboraci\u00f3n con artesanos independientes de toda Argentina, lo que les brinda exclusividad y cuidado en la producci\u00f3n. SW se distingue por la influencia de las tradiciones sobre las tendencias, y cada pieza cuenta una historia y refleja una tradici\u00f3n. Utilizan materiales nobles de calidad, como lana hilada a mano y artesan\u00edas del mar, y trabajan con amor y pasi\u00f3n. En 2022, Florencia dej\u00f3 la sociedad, y Raquelina asumi\u00f3 el control de SW, trasladando el taller a Manantiales y enfoc\u00e1ndose en la sostenibilidad al a\u00f1adir productos reciclados a la marca.<\/p>\n<\/div><div class=\"awb-gallery-wrapper awb-gallery-wrapper-1 button-span-no\" style=\"--more-btn-alignment:center;\"><div style=\"margin:-8px;--awb-aspect-ratio:2 \/ 3;--awb-bordersize:0px;\" class=\"fusion-gallery fusion-gallery-container fusion-grid-3 fusion-columns-total-3 fusion-gallery-layout-masonry fusion-gallery-1 has-aspect-ratio\"><div class=\"fusion-grid-column fusion-gallery-column fusion-gallery-column-3 hover-type-none fusion-grid-sizer\"><\/div><div style=\"padding:8.5px;\" class=\"fusion-grid-column fusion-gallery-column fusion-gallery-column-3 hover-type-none fusion-element-grid\"><div class=\"fusion-gallery-image\"><a href=\"https:\/\/universomola.com\/wp-content\/uploads\/2023\/12\/3.png\" rel=\"noreferrer\" data-rel=\"iLightbox[gallery_image_1]\" class=\"fusion-lightbox\" target=\"_self\"><div style=\"background-image:inherit;padding-top:calc((100% + 16px) * 0.8 - 8.5px);background-position:;\" class=\"fusion-masonry-element-container lazyload\" data-bg-image=\"url(https:\/\/universomola.com\/wp-content\/uploads\/2023\/12\/3.png)\"><img decoding=\"async\" data-src=\"https:\/\/universomola.com\/wp-content\/uploads\/2023\/12\/3.png\" width=\"1080\" height=\"1080\" alt=\"\" title=\"3\" aria-label=\"3\" class=\"img-responsive wp-image-50835 lazyload\" data-srcset=\"https:\/\/universomola.com\/wp-content\/uploads\/2023\/12\/3-200x200.png 200w, https:\/\/universomola.com\/wp-content\/uploads\/2023\/12\/3-400x400.png 400w, https:\/\/universomola.com\/wp-content\/uploads\/2023\/12\/3-600x600.png 600w, https:\/\/universomola.com\/wp-content\/uploads\/2023\/12\/3-800x800.png 800w, https:\/\/universomola.com\/wp-content\/uploads\/2023\/12\/3.png 1080w\" data-sizes=\"(min-width: 2200px) 100vw, (min-width: 872px) 395px, (min-width: 756px) 592px, (min-width: 640px) 756px,\" src=\"data:image\/svg+xml;base64,PHN2ZyB3aWR0aD0iMSIgaGVpZ2h0PSIxIiB4bWxucz0iaHR0cDovL3d3dy53My5vcmcvMjAwMC9zdmciPjwvc3ZnPg==\" style=\"--smush-placeholder-width: 1080px; --smush-placeholder-aspect-ratio: 1080\/1080;\" \/><\/div><\/a><\/div><\/div><div style=\"padding:8.5px;\" class=\"fusion-grid-column fusion-gallery-column fusion-gallery-column-3 hover-type-none fusion-element-grid\"><div class=\"fusion-gallery-image\"><a href=\"https:\/\/universomola.com\/wp-content\/uploads\/2023\/12\/2.png\" rel=\"noreferrer\" data-rel=\"iLightbox[gallery_image_1]\" class=\"fusion-lightbox\" target=\"_self\"><div style=\"background-image:inherit;padding-top:calc((100% + 16px) * 0.8 - 8.5px);background-position:;\" class=\"fusion-masonry-element-container lazyload\" data-bg-image=\"url(https:\/\/universomola.com\/wp-content\/uploads\/2023\/12\/2.png)\"><img decoding=\"async\" data-src=\"https:\/\/universomola.com\/wp-content\/uploads\/2023\/12\/2.png\" width=\"1080\" height=\"1080\" alt=\"\" title=\"2\" aria-label=\"2\" class=\"img-responsive wp-image-50836 lazyload\" data-srcset=\"https:\/\/universomola.com\/wp-content\/uploads\/2023\/12\/2-200x200.png 200w, https:\/\/universomola.com\/wp-content\/uploads\/2023\/12\/2-400x400.png 400w, https:\/\/universomola.com\/wp-content\/uploads\/2023\/12\/2-600x600.png 600w, https:\/\/universomola.com\/wp-content\/uploads\/2023\/12\/2-800x800.png 800w, https:\/\/universomola.com\/wp-content\/uploads\/2023\/12\/2.png 1080w\" data-sizes=\"(min-width: 2200px) 100vw, (min-width: 872px) 395px, (min-width: 756px) 592px, (min-width: 640px) 756px,\" src=\"data:image\/svg+xml;base64,PHN2ZyB3aWR0aD0iMSIgaGVpZ2h0PSIxIiB4bWxucz0iaHR0cDovL3d3dy53My5vcmcvMjAwMC9zdmciPjwvc3ZnPg==\" style=\"--smush-placeholder-width: 1080px; --smush-placeholder-aspect-ratio: 1080\/1080;\" \/><\/div><\/a><\/div><\/div><div style=\"padding:8.5px;\" class=\"fusion-grid-column fusion-gallery-column fusion-gallery-column-3 hover-type-none fusion-element-grid\"><div class=\"fusion-gallery-image\"><a href=\"https:\/\/universomola.com\/wp-content\/uploads\/2023\/12\/1.png\" rel=\"noreferrer\" data-rel=\"iLightbox[gallery_image_1]\" class=\"fusion-lightbox\" target=\"_self\"><div style=\"background-image:inherit;padding-top:calc((100% + 16px) * 0.8 - 8.5px);background-position:;\" class=\"fusion-masonry-element-container lazyload\" data-bg-image=\"url(https:\/\/universomola.com\/wp-content\/uploads\/2023\/12\/1.png)\"><img decoding=\"async\" data-src=\"https:\/\/universomola.com\/wp-content\/uploads\/2023\/12\/1.png\" width=\"1080\" height=\"1080\" alt=\"\" title=\"1\" aria-label=\"1\" class=\"img-responsive wp-image-50837 lazyload\" data-srcset=\"https:\/\/universomola.com\/wp-content\/uploads\/2023\/12\/1-200x200.png 200w, https:\/\/universomola.com\/wp-content\/uploads\/2023\/12\/1-400x400.png 400w, https:\/\/universomola.com\/wp-content\/uploads\/2023\/12\/1-600x600.png 600w, https:\/\/universomola.com\/wp-content\/uploads\/2023\/12\/1-800x800.png 800w, https:\/\/universomola.com\/wp-content\/uploads\/2023\/12\/1.png 1080w\" data-sizes=\"(min-width: 2200px) 100vw, (min-width: 872px) 395px, (min-width: 756px) 592px, (min-width: 640px) 756px,\" src=\"data:image\/svg+xml;base64,PHN2ZyB3aWR0aD0iMSIgaGVpZ2h0PSIxIiB4bWxucz0iaHR0cDovL3d3dy53My5vcmcvMjAwMC9zdmciPjwvc3ZnPg==\" style=\"--smush-placeholder-width: 1080px; --smush-placeholder-aspect-ratio: 1080\/1080;\" \/><\/div><\/a><\/div><\/div><\/div><\/div><\/div><\/div><\/div><\/div>","protected":false},"excerpt":{"rendered":"","protected":false},"author":9,"featured_media":0,"parent":0,"menu_order":0,"comment_status":"closed","ping_status":"closed","template":"100-width.php","meta":{"_monsterinsights_skip_tracking":false,"_monsterinsights_sitenote_active":false,"_monsterinsights_sitenote_note":"","_monsterinsights_sitenote_category":0,"footnotes":""},"class_list":["post-34850","page","type-page","status-publish","hentry"],"_links":{"self":[{"href":"https:\/\/universomola.com\/en\/wp-json\/wp\/v2\/pages\/34850","targetHints":{"allow":["GET"]}}],"collection":[{"href":"https:\/\/universomola.com\/en\/wp-json\/wp\/v2\/pages"}],"about":[{"href":"https:\/\/universomola.com\/en\/wp-json\/wp\/v2\/types\/page"}],"author":[{"embeddable":true,"href":"https:\/\/universomola.com\/en\/wp-json\/wp\/v2\/users\/9"}],"replies":[{"embeddable":true,"href":"https:\/\/universomola.com\/en\/wp-json\/wp\/v2\/comments?post=34850"}],"version-history":[{"count":5,"href":"https:\/\/universomola.com\/en\/wp-json\/wp\/v2\/pages\/34850\/revisions"}],"predecessor-version":[{"id":62926,"href":"https:\/\/universomola.com\/en\/wp-json\/wp\/v2\/pages\/34850\/revisions\/62926"}],"wp:attachment":[{"href":"https:\/\/universomola.com\/en\/wp-json\/wp\/v2\/media?parent=34850"}],"curies":[{"name":"wp","href":"https:\/\/api.w.org\/{rel}","templated":true}]}}