{"id":34859,"date":"2023-10-04T07:12:53","date_gmt":"2023-10-04T10:12:53","guid":{"rendered":"https:\/\/universomola.com\/?page_id=34859"},"modified":"2024-02-20T14:14:59","modified_gmt":"2024-02-20T19:14:59","slug":"ananda-roman","status":"publish","type":"page","link":"https:\/\/universomola.com\/en\/ananda-roman\/","title":{"rendered":"Ananda Rom\u00e1n"},"content":{"rendered":"<div class=\"fusion-fullwidth fullwidth-box fusion-builder-row-1 fusion-flex-container has-pattern-background has-mask-background hundred-percent-fullwidth non-hundred-percent-height-scrolling\" style=\"--awb-border-radius-top-left:0px;--awb-border-radius-top-right:0px;--awb-border-radius-bottom-right:0px;--awb-border-radius-bottom-left:0px;--awb-flex-wrap:wrap;\" ><div class=\"fusion-builder-row fusion-row fusion-flex-align-items-center fusion-flex-justify-content-center fusion-flex-content-wrap\" style=\"width:104% !important;max-width:104% !important;margin-left: calc(-4% \/ 2 );margin-right: calc(-4% \/ 2 );\"><div class=\"fusion-layout-column fusion_builder_column fusion-builder-column-0 fusion_builder_column_1_5 1_5 fusion-flex-column fusion-flex-align-self-flex-start\" style=\"--awb-bg-size:cover;--awb-width-large:20%;--awb-margin-top-large:25px;--awb-spacing-right-large:9.6%;--awb-margin-bottom-large:25px;--awb-spacing-left-large:9.6%;--awb-width-medium:100%;--awb-order-medium:0;--awb-spacing-right-medium:1.92%;--awb-spacing-left-medium:1.92%;--awb-width-small:100%;--awb-order-small:0;--awb-spacing-right-small:1.92%;--awb-spacing-left-small:1.92%;\" data-motion-effects=\"[{&quot;type&quot;:&quot;&quot;,&quot;scroll_type&quot;:&quot;transition&quot;,&quot;scroll_direction&quot;:&quot;up&quot;,&quot;transition_speed&quot;:&quot;1&quot;,&quot;fade_type&quot;:&quot;in&quot;,&quot;scale_type&quot;:&quot;up&quot;,&quot;initial_scale&quot;:&quot;1&quot;,&quot;max_scale&quot;:&quot;1.5&quot;,&quot;min_scale&quot;:&quot;0.5&quot;,&quot;initial_rotate&quot;:&quot;0&quot;,&quot;end_rotate&quot;:&quot;30&quot;,&quot;initial_blur&quot;:&quot;0&quot;,&quot;end_blur&quot;:&quot;3&quot;,&quot;start_element&quot;:&quot;top&quot;,&quot;start_viewport&quot;:&quot;bottom&quot;,&quot;end_element&quot;:&quot;bottom&quot;,&quot;end_viewport&quot;:&quot;top&quot;,&quot;mouse_effect&quot;:&quot;track&quot;,&quot;mouse_effect_direction&quot;:&quot;opposite&quot;,&quot;mouse_effect_speed&quot;:&quot;2&quot;,&quot;infinite_animation&quot;:&quot;float&quot;,&quot;infinite_animation_speed&quot;:&quot;2&quot;}]\" data-scroll-devices=\"small-visibility,medium-visibility,large-visibility\"><div class=\"fusion-column-wrapper fusion-column-has-shadow fusion-flex-justify-content-flex-start fusion-content-layout-column\"><div class=\"fusion-text fusion-text-1\"><h4 style=\"text-align: center;\"><strong>Informaci\u00f3n de la Marca<\/strong><\/h4>\n<p style=\"text-align: center;\"><a href=\"https:\/\/cl.linkedin.com\/in\/ananda-rom%C3%A1n-rodr%C3%ADguez-a54a471b6\">Contacto<\/a><\/p>\n<p style=\"text-align: center;\"><a href=\"https:\/\/vistetelocal.com\/collections\/ananda-roman\">Web<\/a><\/p>\n<p style=\"text-align: center;\"><a href=\"https:\/\/www.instagram.com\/ananda_roman\/\">Instagram<\/a><\/p>\n<\/div><\/div><\/div><div class=\"fusion-layout-column fusion_builder_column fusion-builder-column-1 fusion_builder_column_4_5 4_5 fusion-flex-column\" style=\"--awb-bg-size:cover;--awb-width-large:80%;--awb-margin-top-large:25px;--awb-spacing-right-large:2.4%;--awb-margin-bottom-large:25px;--awb-spacing-left-large:2.4%;--awb-width-medium:100%;--awb-order-medium:0;--awb-spacing-right-medium:1.92%;--awb-spacing-left-medium:1.92%;--awb-width-small:100%;--awb-order-small:0;--awb-spacing-right-small:1.92%;--awb-spacing-left-small:1.92%;\"><div class=\"fusion-column-wrapper fusion-column-has-shadow fusion-flex-justify-content-flex-start fusion-content-layout-column\"><div class=\"fusion-text fusion-text-2\"><p>Ananda Rom\u00e1n es una marca de dise\u00f1o de autor basada en la fabricaci\u00f3n de prendas de vestir con telas org\u00e1nicas, reutilizadas y de saldos nacionales con historia, que conecta con las emociones de anta\u00f1o, ya que gran parte de la materia prima proviene de f\u00e1bricas textileras nacionales que son parte de la memoria chilena.<\/p>\n<p>Destaca el estilo de ropa atemporal con prendas b\u00e1sicas para combinar en diferentes ocasiones. Responde a un lenguaje y concepto propio. Una producci\u00f3n local a peque\u00f1a escala, de estilo eco-amigable y actitud verde, ofreciendo bienestar a mujeres comprometidas con el cambio necesario en nuestros h\u00e1bitos de consumo, en concordancia con los objetivos del desarrollo sostenible.<\/p>\n<\/div><div class=\"awb-gallery-wrapper awb-gallery-wrapper-1 button-span-no\" style=\"--more-btn-alignment:center;\"><div style=\"margin:-10px;--awb-aspect-ratio:2 \/ 3;--awb-bordersize:0px;\" class=\"fusion-gallery fusion-gallery-container fusion-grid-3 fusion-columns-total-3 fusion-gallery-layout-grid fusion-gallery-1 has-aspect-ratio\"><div style=\"padding:10px;\" class=\"fusion-grid-column fusion-gallery-column fusion-gallery-column-3 hover-type-none\"><div class=\"fusion-gallery-image\"><img decoding=\"async\" data-src=\"https:\/\/universomola.com\/wp-content\/uploads\/2024\/02\/ar1.jpg\" width=\"640\" height=\"800\" alt=\"\" title=\"\" aria-label=\"\" class=\"img-responsive wp-image-62824 lazyload\" style=\"--smush-placeholder-width: 640px; --smush-placeholder-aspect-ratio: 640\/800;object-position:20% 52%;\" data-srcset=\"https:\/\/universomola.com\/wp-content\/uploads\/2024\/02\/ar1-200x250.jpg 200w, https:\/\/universomola.com\/wp-content\/uploads\/2024\/02\/ar1-400x500.jpg 400w, https:\/\/universomola.com\/wp-content\/uploads\/2024\/02\/ar1-600x750.jpg 600w, https:\/\/universomola.com\/wp-content\/uploads\/2024\/02\/ar1.jpg 640w\" data-sizes=\"(min-width: 2200px) 100vw, (min-width: 872px) 393px, (min-width: 756px) 590px, (min-width: 640px) 756px,\" src=\"data:image\/svg+xml;base64,PHN2ZyB3aWR0aD0iMSIgaGVpZ2h0PSIxIiB4bWxucz0iaHR0cDovL3d3dy53My5vcmcvMjAwMC9zdmciPjwvc3ZnPg==\" \/><\/div><\/div><div style=\"padding:10px;\" class=\"fusion-grid-column fusion-gallery-column fusion-gallery-column-3 hover-type-none\"><div class=\"fusion-gallery-image\"><img decoding=\"async\" data-src=\"https:\/\/universomola.com\/wp-content\/uploads\/2024\/02\/ar3.jpg\" width=\"640\" height=\"800\" alt=\"\" title=\"\" aria-label=\"\" class=\"img-responsive wp-image-62825 lazyload\" style=\"--smush-placeholder-width: 640px; --smush-placeholder-aspect-ratio: 640\/800;object-position:21% 50%;\" data-srcset=\"https:\/\/universomola.com\/wp-content\/uploads\/2024\/02\/ar3-200x250.jpg 200w, https:\/\/universomola.com\/wp-content\/uploads\/2024\/02\/ar3-400x500.jpg 400w, https:\/\/universomola.com\/wp-content\/uploads\/2024\/02\/ar3-600x750.jpg 600w, https:\/\/universomola.com\/wp-content\/uploads\/2024\/02\/ar3.jpg 640w\" data-sizes=\"(min-width: 2200px) 100vw, (min-width: 872px) 393px, (min-width: 756px) 590px, (min-width: 640px) 756px,\" src=\"data:image\/svg+xml;base64,PHN2ZyB3aWR0aD0iMSIgaGVpZ2h0PSIxIiB4bWxucz0iaHR0cDovL3d3dy53My5vcmcvMjAwMC9zdmciPjwvc3ZnPg==\" \/><\/div><\/div><div style=\"padding:10px;\" class=\"fusion-grid-column fusion-gallery-column fusion-gallery-column-3 hover-type-none\"><div class=\"fusion-gallery-image\"><img decoding=\"async\" data-src=\"https:\/\/universomola.com\/wp-content\/uploads\/2024\/02\/ar4-1.jpg\" width=\"640\" height=\"800\" alt=\"\" title=\"\" aria-label=\"\" class=\"img-responsive wp-image-62826 lazyload\" style=\"--smush-placeholder-width: 640px; --smush-placeholder-aspect-ratio: 640\/800;object-position:19% 50%;\" data-srcset=\"https:\/\/universomola.com\/wp-content\/uploads\/2024\/02\/ar4-1-200x250.jpg 200w, https:\/\/universomola.com\/wp-content\/uploads\/2024\/02\/ar4-1-400x500.jpg 400w, https:\/\/universomola.com\/wp-content\/uploads\/2024\/02\/ar4-1-600x750.jpg 600w, https:\/\/universomola.com\/wp-content\/uploads\/2024\/02\/ar4-1.jpg 640w\" data-sizes=\"(min-width: 2200px) 100vw, (min-width: 872px) 393px, (min-width: 756px) 590px, (min-width: 640px) 756px,\" src=\"data:image\/svg+xml;base64,PHN2ZyB3aWR0aD0iMSIgaGVpZ2h0PSIxIiB4bWxucz0iaHR0cDovL3d3dy53My5vcmcvMjAwMC9zdmciPjwvc3ZnPg==\" \/><\/div><\/div><div class=\"clearfix\"><\/div><\/div><\/div><\/div><\/div><\/div><\/div>","protected":false},"excerpt":{"rendered":"","protected":false},"author":9,"featured_media":0,"parent":0,"menu_order":0,"comment_status":"closed","ping_status":"closed","template":"100-width.php","meta":{"_monsterinsights_skip_tracking":false,"_monsterinsights_sitenote_active":false,"_monsterinsights_sitenote_note":"","_monsterinsights_sitenote_category":0,"footnotes":""},"class_list":["post-34859","page","type-page","status-publish","hentry"],"_links":{"self":[{"href":"https:\/\/universomola.com\/en\/wp-json\/wp\/v2\/pages\/34859","targetHints":{"allow":["GET"]}}],"collection":[{"href":"https:\/\/universomola.com\/en\/wp-json\/wp\/v2\/pages"}],"about":[{"href":"https:\/\/universomola.com\/en\/wp-json\/wp\/v2\/types\/page"}],"author":[{"embeddable":true,"href":"https:\/\/universomola.com\/en\/wp-json\/wp\/v2\/users\/9"}],"replies":[{"embeddable":true,"href":"https:\/\/universomola.com\/en\/wp-json\/wp\/v2\/comments?post=34859"}],"version-history":[{"count":6,"href":"https:\/\/universomola.com\/en\/wp-json\/wp\/v2\/pages\/34859\/revisions"}],"predecessor-version":[{"id":62827,"href":"https:\/\/universomola.com\/en\/wp-json\/wp\/v2\/pages\/34859\/revisions\/62827"}],"wp:attachment":[{"href":"https:\/\/universomola.com\/en\/wp-json\/wp\/v2\/media?parent=34859"}],"curies":[{"name":"wp","href":"https:\/\/api.w.org\/{rel}","templated":true}]}}