{"id":46842,"date":"2023-11-27T08:32:16","date_gmt":"2023-11-27T11:32:16","guid":{"rendered":"https:\/\/universomola.com\/?page_id=46842"},"modified":"2024-02-20T14:23:08","modified_gmt":"2024-02-20T19:23:08","slug":"calandrelli","status":"publish","type":"page","link":"https:\/\/universomola.com\/en\/calandrelli\/","title":{"rendered":"Calandrelli"},"content":{"rendered":"<div class=\"fusion-fullwidth fullwidth-box fusion-builder-row-1 fusion-flex-container has-pattern-background has-mask-background hundred-percent-fullwidth non-hundred-percent-height-scrolling\" style=\"--awb-border-radius-top-left:0px;--awb-border-radius-top-right:0px;--awb-border-radius-bottom-right:0px;--awb-border-radius-bottom-left:0px;--awb-flex-wrap:wrap;\" ><div class=\"fusion-builder-row fusion-row fusion-flex-align-items-center fusion-flex-align-content-flex-start fusion-flex-justify-content-center fusion-flex-content-wrap\" style=\"width:104% !important;max-width:104% !important;margin-left: calc(-4% \/ 2 );margin-right: calc(-4% \/ 2 );\"><div class=\"fusion-layout-column fusion_builder_column fusion-builder-column-0 fusion_builder_column_1_5 1_5 fusion-flex-column fusion-flex-align-self-flex-start\" style=\"--awb-bg-size:cover;--awb-width-large:20%;--awb-margin-top-large:25px;--awb-spacing-right-large:9.6%;--awb-margin-bottom-large:25px;--awb-spacing-left-large:9.6%;--awb-width-medium:100%;--awb-order-medium:0;--awb-spacing-right-medium:1.92%;--awb-spacing-left-medium:1.92%;--awb-width-small:100%;--awb-order-small:0;--awb-spacing-right-small:1.92%;--awb-spacing-left-small:1.92%;\" data-motion-effects=\"[{&quot;type&quot;:&quot;&quot;,&quot;scroll_type&quot;:&quot;transition&quot;,&quot;scroll_direction&quot;:&quot;up&quot;,&quot;transition_speed&quot;:&quot;1&quot;,&quot;fade_type&quot;:&quot;in&quot;,&quot;scale_type&quot;:&quot;up&quot;,&quot;initial_scale&quot;:&quot;1&quot;,&quot;max_scale&quot;:&quot;1.5&quot;,&quot;min_scale&quot;:&quot;0.5&quot;,&quot;initial_rotate&quot;:&quot;0&quot;,&quot;end_rotate&quot;:&quot;30&quot;,&quot;initial_blur&quot;:&quot;0&quot;,&quot;end_blur&quot;:&quot;3&quot;,&quot;start_element&quot;:&quot;top&quot;,&quot;start_viewport&quot;:&quot;bottom&quot;,&quot;end_element&quot;:&quot;bottom&quot;,&quot;end_viewport&quot;:&quot;top&quot;,&quot;mouse_effect&quot;:&quot;track&quot;,&quot;mouse_effect_direction&quot;:&quot;opposite&quot;,&quot;mouse_effect_speed&quot;:&quot;2&quot;,&quot;infinite_animation&quot;:&quot;float&quot;,&quot;infinite_animation_speed&quot;:&quot;2&quot;}]\" data-scroll-devices=\"small-visibility,medium-visibility,large-visibility\"><div class=\"fusion-column-wrapper fusion-column-has-shadow fusion-flex-justify-content-flex-start fusion-content-layout-column\"><div class=\"fusion-text fusion-text-1\"><h4 style=\"text-align: center;\"><strong>Informaci\u00f3n de la Marca<\/strong><\/h4>\n<p style=\"text-align: center;\"><a href=\"https:\/\/m.facebook.com\/p\/Calandrelli-100054458380942\/\">Contacto<\/a><\/p>\n<p style=\"text-align: center;\"><a href=\"https:\/\/caras.perfil.com\/noticias\/caras-like\/calandrelli-diseno-textil-para-un-mundo-mas-sustentable.phtml\">Prensa<\/a><\/p>\n<p style=\"text-align: center;\"><a href=\"https:\/\/www.instagram.com\/essentia.calandrelli\/?hl=es\">Instagram<\/a><\/p>\n<\/div><\/div><\/div><div class=\"fusion-layout-column fusion_builder_column fusion-builder-column-1 fusion_builder_column_4_5 4_5 fusion-flex-column\" style=\"--awb-bg-size:cover;--awb-width-large:80%;--awb-margin-top-large:25px;--awb-spacing-right-large:2.4%;--awb-margin-bottom-large:25px;--awb-spacing-left-large:2.4%;--awb-width-medium:100%;--awb-order-medium:0;--awb-spacing-right-medium:1.92%;--awb-spacing-left-medium:1.92%;--awb-width-small:100%;--awb-order-small:0;--awb-spacing-right-small:1.92%;--awb-spacing-left-small:1.92%;\"><div class=\"fusion-column-wrapper fusion-column-has-shadow fusion-flex-justify-content-flex-start fusion-content-layout-column\"><div class=\"fusion-text fusion-text-2\"><p>El cambio clim\u00e1tico supone , con suma urgencia, una revoluci\u00f3n en el consumo de modo que resulte comprometido y responsable.<\/p>\n<p>CALANDRELLI ofrece dise\u00f1os realizados en telas de fibras naturales: seda, algod\u00f3n , lino, lana, totalmente amigables con el medioambiente y estampas y tintes realizados artesanalmente con vegetales, utilizando procesos que no contaminan el medio, ni el agua que se utiliza, y, respetando el consumo racional de la energ\u00eda.<\/p>\n<p>Se realizan estampas utilizando la t\u00e9cnica de impresi\u00f3n bot\u00e1nica aprovechando las partes de las plantas (hojas, flores, corteza) que nos brindan una fuente de color dejando su impronta que perdura con los lavados,sin da\u00f1arlas. Otros procesos de estampados son mec\u00e1nicos,c\u00f3mo utilizar sellos, t\u00e9cnicas de shibori, pintura a mano sobre la tela, para el que se utilizan tintas fabricadas artesanalmente a base de<br \/>\nvegetales, muchas veces de descarte en la cocina ( c\u00e1scaras, restos de caf\u00e9, carozos, yerba , cortezas.) Y adem\u00e1s indigo y cochinilla.<br \/>\nEl agua que resulta de los lavados no deja elementos t\u00f3xicos, los r\u00edos permanecen limpios y la fauna y flora saludables.<br \/>\nEl impacto medioambiental es casi nulo .<br \/>\nLa marca asume el compromiso con el cuidado del medio ambiente lo que le da la pertenencia<br \/>\nal dise\u00f1o de moda sustentable.<\/p>\n<\/div><div class=\"awb-gallery-wrapper awb-gallery-wrapper-1 button-span-no\" style=\"--more-btn-alignment:center;\"><div style=\"margin:-2px;--awb-aspect-ratio:2 \/ 3;--awb-bordersize:5px;\" class=\"fusion-gallery fusion-gallery-container fusion-grid-4 fusion-columns-total-8 fusion-gallery-layout-grid fusion-gallery-1 has-aspect-ratio\"><div style=\"padding:2.5px;\" class=\"fusion-grid-column fusion-gallery-column fusion-gallery-column-4 hover-type-none\"><div class=\"fusion-gallery-image\"><img decoding=\"async\" data-src=\"https:\/\/universomola.com\/wp-content\/uploads\/2023\/11\/IMG_20201228_113350_291.jpg\" width=\"682\" height=\"852\" alt=\"\" title=\"IMG_20201228_113350_291\" aria-label=\"IMG_20201228_113350_291\" class=\"img-responsive wp-image-46843 lazyload\" data-srcset=\"https:\/\/universomola.com\/wp-content\/uploads\/2023\/11\/IMG_20201228_113350_291-200x250.jpg 200w, https:\/\/universomola.com\/wp-content\/uploads\/2023\/11\/IMG_20201228_113350_291-400x500.jpg 400w, https:\/\/universomola.com\/wp-content\/uploads\/2023\/11\/IMG_20201228_113350_291-600x750.jpg 600w, https:\/\/universomola.com\/wp-content\/uploads\/2023\/11\/IMG_20201228_113350_291.jpg 682w\" data-sizes=\"(min-width: 2200px) 100vw, (min-width: 987px) 299px, (min-width: 872px) 398px, (min-width: 756px) 597px, (min-width: 640px) 756px,\" src=\"data:image\/svg+xml;base64,PHN2ZyB3aWR0aD0iMSIgaGVpZ2h0PSIxIiB4bWxucz0iaHR0cDovL3d3dy53My5vcmcvMjAwMC9zdmciPjwvc3ZnPg==\" style=\"--smush-placeholder-width: 682px; --smush-placeholder-aspect-ratio: 682\/852;\" \/><\/div><\/div><div style=\"padding:2.5px;\" class=\"fusion-grid-column fusion-gallery-column fusion-gallery-column-4 hover-type-none\"><div class=\"fusion-gallery-image\"><img decoding=\"async\" data-src=\"https:\/\/universomola.com\/wp-content\/uploads\/2023\/11\/DSC_4325-scaled.jpg\" width=\"1707\" height=\"2560\" alt=\"\" title=\"DSC_4325\" aria-label=\"DSC_4325\" class=\"img-responsive wp-image-46846 lazyload\" data-srcset=\"https:\/\/universomola.com\/wp-content\/uploads\/2023\/11\/DSC_4325-200x300.jpg 200w, https:\/\/universomola.com\/wp-content\/uploads\/2023\/11\/DSC_4325-scaled.jpg 1707w\" data-sizes=\"(min-width: 2200px) 100vw, (min-width: 987px) 299px, (min-width: 872px) 398px, (min-width: 756px) 597px, (min-width: 640px) 756px,\" src=\"data:image\/svg+xml;base64,PHN2ZyB3aWR0aD0iMSIgaGVpZ2h0PSIxIiB4bWxucz0iaHR0cDovL3d3dy53My5vcmcvMjAwMC9zdmciPjwvc3ZnPg==\" style=\"--smush-placeholder-width: 1707px; --smush-placeholder-aspect-ratio: 1707\/2560;\" \/><\/div><\/div><div style=\"padding:2.5px;\" class=\"fusion-grid-column fusion-gallery-column fusion-gallery-column-4 hover-type-none\"><div class=\"fusion-gallery-image\"><img decoding=\"async\" data-src=\"https:\/\/universomola.com\/wp-content\/uploads\/2023\/11\/IMG_20201217_231637_611.jpg\" width=\"853\" height=\"853\" alt=\"\" title=\"IMG_20201217_231637_611\" aria-label=\"IMG_20201217_231637_611\" class=\"img-responsive wp-image-46845 lazyload\" data-srcset=\"https:\/\/universomola.com\/wp-content\/uploads\/2023\/11\/IMG_20201217_231637_611-200x200.jpg 200w, https:\/\/universomola.com\/wp-content\/uploads\/2023\/11\/IMG_20201217_231637_611-400x400.jpg 400w, https:\/\/universomola.com\/wp-content\/uploads\/2023\/11\/IMG_20201217_231637_611-600x600.jpg 600w, https:\/\/universomola.com\/wp-content\/uploads\/2023\/11\/IMG_20201217_231637_611-800x800.jpg 800w, https:\/\/universomola.com\/wp-content\/uploads\/2023\/11\/IMG_20201217_231637_611.jpg 853w\" data-sizes=\"(min-width: 2200px) 100vw, (min-width: 987px) 299px, (min-width: 872px) 398px, (min-width: 756px) 597px, (min-width: 640px) 756px,\" src=\"data:image\/svg+xml;base64,PHN2ZyB3aWR0aD0iMSIgaGVpZ2h0PSIxIiB4bWxucz0iaHR0cDovL3d3dy53My5vcmcvMjAwMC9zdmciPjwvc3ZnPg==\" style=\"--smush-placeholder-width: 853px; --smush-placeholder-aspect-ratio: 853\/853;\" \/><\/div><\/div><div style=\"padding:2.5px;\" class=\"fusion-grid-column fusion-gallery-column fusion-gallery-column-4 hover-type-none\"><div class=\"fusion-gallery-image\"><img decoding=\"async\" data-src=\"https:\/\/universomola.com\/wp-content\/uploads\/2023\/12\/Screenshot_20231013-0923072.png\" width=\"1073\" height=\"1035\" alt=\"\" title=\"Screenshot_20231013-092307~2\" aria-label=\"Screenshot_20231013-092307~2\" class=\"img-responsive wp-image-50812 lazyload\" data-srcset=\"https:\/\/universomola.com\/wp-content\/uploads\/2023\/12\/Screenshot_20231013-0923072-200x193.png 200w, https:\/\/universomola.com\/wp-content\/uploads\/2023\/12\/Screenshot_20231013-0923072-400x386.png 400w, https:\/\/universomola.com\/wp-content\/uploads\/2023\/12\/Screenshot_20231013-0923072-600x579.png 600w, https:\/\/universomola.com\/wp-content\/uploads\/2023\/12\/Screenshot_20231013-0923072-800x772.png 800w, https:\/\/universomola.com\/wp-content\/uploads\/2023\/12\/Screenshot_20231013-0923072.png 1073w\" data-sizes=\"(min-width: 2200px) 100vw, (min-width: 987px) 299px, (min-width: 872px) 398px, (min-width: 756px) 597px, (min-width: 640px) 756px,\" src=\"data:image\/svg+xml;base64,PHN2ZyB3aWR0aD0iMSIgaGVpZ2h0PSIxIiB4bWxucz0iaHR0cDovL3d3dy53My5vcmcvMjAwMC9zdmciPjwvc3ZnPg==\" style=\"--smush-placeholder-width: 1073px; --smush-placeholder-aspect-ratio: 1073\/1035;\" \/><\/div><\/div><div class=\"clearfix\"><\/div><div style=\"padding:2.5px;\" class=\"fusion-grid-column fusion-gallery-column fusion-gallery-column-4 hover-type-none\"><div class=\"fusion-gallery-image\"><img decoding=\"async\" data-src=\"https:\/\/universomola.com\/wp-content\/uploads\/2023\/12\/Screenshot_20231013-0920342.png\" width=\"1080\" height=\"1054\" alt=\"\" title=\"Screenshot_20231013-092034~2\" aria-label=\"Screenshot_20231013-092034~2\" class=\"img-responsive wp-image-50813 lazyload\" data-srcset=\"https:\/\/universomola.com\/wp-content\/uploads\/2023\/12\/Screenshot_20231013-0920342-200x195.png 200w, https:\/\/universomola.com\/wp-content\/uploads\/2023\/12\/Screenshot_20231013-0920342-400x390.png 400w, https:\/\/universomola.com\/wp-content\/uploads\/2023\/12\/Screenshot_20231013-0920342-600x586.png 600w, https:\/\/universomola.com\/wp-content\/uploads\/2023\/12\/Screenshot_20231013-0920342-800x781.png 800w, https:\/\/universomola.com\/wp-content\/uploads\/2023\/12\/Screenshot_20231013-0920342.png 1080w\" data-sizes=\"(min-width: 2200px) 100vw, (min-width: 987px) 299px, (min-width: 872px) 398px, (min-width: 756px) 597px, (min-width: 640px) 756px,\" src=\"data:image\/svg+xml;base64,PHN2ZyB3aWR0aD0iMSIgaGVpZ2h0PSIxIiB4bWxucz0iaHR0cDovL3d3dy53My5vcmcvMjAwMC9zdmciPjwvc3ZnPg==\" style=\"--smush-placeholder-width: 1080px; --smush-placeholder-aspect-ratio: 1080\/1054;\" \/><\/div><\/div><div style=\"padding:2.5px;\" class=\"fusion-grid-column fusion-gallery-column fusion-gallery-column-4 hover-type-none\"><div class=\"fusion-gallery-image\"><img decoding=\"async\" data-src=\"https:\/\/universomola.com\/wp-content\/uploads\/2023\/12\/Screenshot_20231013-0930162.png\" width=\"1080\" height=\"1333\" alt=\"\" title=\"Screenshot_20231013-093016~2\" aria-label=\"Screenshot_20231013-093016~2\" class=\"img-responsive wp-image-50814 lazyload\" data-srcset=\"https:\/\/universomola.com\/wp-content\/uploads\/2023\/12\/Screenshot_20231013-0930162-200x247.png 200w, https:\/\/universomola.com\/wp-content\/uploads\/2023\/12\/Screenshot_20231013-0930162-400x494.png 400w, https:\/\/universomola.com\/wp-content\/uploads\/2023\/12\/Screenshot_20231013-0930162-600x741.png 600w, https:\/\/universomola.com\/wp-content\/uploads\/2023\/12\/Screenshot_20231013-0930162-800x987.png 800w, https:\/\/universomola.com\/wp-content\/uploads\/2023\/12\/Screenshot_20231013-0930162.png 1080w\" data-sizes=\"(min-width: 2200px) 100vw, (min-width: 987px) 299px, (min-width: 872px) 398px, (min-width: 756px) 597px, (min-width: 640px) 756px,\" src=\"data:image\/svg+xml;base64,PHN2ZyB3aWR0aD0iMSIgaGVpZ2h0PSIxIiB4bWxucz0iaHR0cDovL3d3dy53My5vcmcvMjAwMC9zdmciPjwvc3ZnPg==\" style=\"--smush-placeholder-width: 1080px; --smush-placeholder-aspect-ratio: 1080\/1333;\" \/><\/div><\/div><div style=\"padding:2.5px;\" class=\"fusion-grid-column fusion-gallery-column fusion-gallery-column-4 hover-type-none\"><div class=\"fusion-gallery-image\"><img decoding=\"async\" data-src=\"https:\/\/universomola.com\/wp-content\/uploads\/2023\/12\/Screenshot_20231013-0929212.png\" width=\"1041\" height=\"1074\" alt=\"\" title=\"Screenshot_20231013-092921~2\" aria-label=\"Screenshot_20231013-092921~2\" class=\"img-responsive wp-image-50815 lazyload\" data-srcset=\"https:\/\/universomola.com\/wp-content\/uploads\/2023\/12\/Screenshot_20231013-0929212-200x206.png 200w, https:\/\/universomola.com\/wp-content\/uploads\/2023\/12\/Screenshot_20231013-0929212-400x413.png 400w, https:\/\/universomola.com\/wp-content\/uploads\/2023\/12\/Screenshot_20231013-0929212-600x619.png 600w, https:\/\/universomola.com\/wp-content\/uploads\/2023\/12\/Screenshot_20231013-0929212-800x825.png 800w, https:\/\/universomola.com\/wp-content\/uploads\/2023\/12\/Screenshot_20231013-0929212.png 1041w\" data-sizes=\"(min-width: 2200px) 100vw, (min-width: 987px) 299px, (min-width: 872px) 398px, (min-width: 756px) 597px, (min-width: 640px) 756px,\" src=\"data:image\/svg+xml;base64,PHN2ZyB3aWR0aD0iMSIgaGVpZ2h0PSIxIiB4bWxucz0iaHR0cDovL3d3dy53My5vcmcvMjAwMC9zdmciPjwvc3ZnPg==\" style=\"--smush-placeholder-width: 1041px; --smush-placeholder-aspect-ratio: 1041\/1074;\" \/><\/div><\/div><div style=\"padding:2.5px;\" class=\"fusion-grid-column fusion-gallery-column fusion-gallery-column-4 hover-type-none\"><div class=\"fusion-gallery-image\"><img decoding=\"async\" data-src=\"https:\/\/universomola.com\/wp-content\/uploads\/2023\/12\/Screenshot_20231013-0928332.png\" width=\"1078\" height=\"1328\" alt=\"\" title=\"Screenshot_20231013-092833~2\" aria-label=\"Screenshot_20231013-092833~2\" class=\"img-responsive wp-image-50816 lazyload\" data-srcset=\"https:\/\/universomola.com\/wp-content\/uploads\/2023\/12\/Screenshot_20231013-0928332-200x246.png 200w, https:\/\/universomola.com\/wp-content\/uploads\/2023\/12\/Screenshot_20231013-0928332-400x493.png 400w, https:\/\/universomola.com\/wp-content\/uploads\/2023\/12\/Screenshot_20231013-0928332-600x739.png 600w, https:\/\/universomola.com\/wp-content\/uploads\/2023\/12\/Screenshot_20231013-0928332-800x986.png 800w, https:\/\/universomola.com\/wp-content\/uploads\/2023\/12\/Screenshot_20231013-0928332.png 1078w\" data-sizes=\"(min-width: 2200px) 100vw, (min-width: 987px) 299px, (min-width: 872px) 398px, (min-width: 756px) 597px, (min-width: 640px) 756px,\" src=\"data:image\/svg+xml;base64,PHN2ZyB3aWR0aD0iMSIgaGVpZ2h0PSIxIiB4bWxucz0iaHR0cDovL3d3dy53My5vcmcvMjAwMC9zdmciPjwvc3ZnPg==\" style=\"--smush-placeholder-width: 1078px; --smush-placeholder-aspect-ratio: 1078\/1328;\" \/><\/div><\/div><div class=\"clearfix\"><\/div><\/div><\/div><\/div><\/div><\/div><\/div>","protected":false},"excerpt":{"rendered":"","protected":false},"author":9,"featured_media":0,"parent":0,"menu_order":0,"comment_status":"closed","ping_status":"closed","template":"100-width.php","meta":{"_monsterinsights_skip_tracking":false,"_monsterinsights_sitenote_active":false,"_monsterinsights_sitenote_note":"","_monsterinsights_sitenote_category":0,"footnotes":""},"class_list":["post-46842","page","type-page","status-publish","hentry"],"_links":{"self":[{"href":"https:\/\/universomola.com\/en\/wp-json\/wp\/v2\/pages\/46842","targetHints":{"allow":["GET"]}}],"collection":[{"href":"https:\/\/universomola.com\/en\/wp-json\/wp\/v2\/pages"}],"about":[{"href":"https:\/\/universomola.com\/en\/wp-json\/wp\/v2\/types\/page"}],"author":[{"embeddable":true,"href":"https:\/\/universomola.com\/en\/wp-json\/wp\/v2\/users\/9"}],"replies":[{"embeddable":true,"href":"https:\/\/universomola.com\/en\/wp-json\/wp\/v2\/comments?post=46842"}],"version-history":[{"count":5,"href":"https:\/\/universomola.com\/en\/wp-json\/wp\/v2\/pages\/46842\/revisions"}],"predecessor-version":[{"id":62805,"href":"https:\/\/universomola.com\/en\/wp-json\/wp\/v2\/pages\/46842\/revisions\/62805"}],"wp:attachment":[{"href":"https:\/\/universomola.com\/en\/wp-json\/wp\/v2\/media?parent=46842"}],"curies":[{"name":"wp","href":"https:\/\/api.w.org\/{rel}","templated":true}]}}