{"id":46869,"date":"2023-11-28T08:09:41","date_gmt":"2023-11-28T11:09:41","guid":{"rendered":"https:\/\/universomola.com\/?page_id=46869"},"modified":"2024-02-20T14:34:51","modified_gmt":"2024-02-20T19:34:51","slug":"entrenudos","status":"publish","type":"page","link":"https:\/\/universomola.com\/en\/entrenudos\/","title":{"rendered":"Entrenudos"},"content":{"rendered":"<div class=\"fusion-fullwidth fullwidth-box fusion-builder-row-1 fusion-flex-container has-pattern-background has-mask-background hundred-percent-fullwidth non-hundred-percent-height-scrolling\" style=\"--awb-border-radius-top-left:0px;--awb-border-radius-top-right:0px;--awb-border-radius-bottom-right:0px;--awb-border-radius-bottom-left:0px;--awb-flex-wrap:wrap;\" ><div class=\"fusion-builder-row fusion-row fusion-flex-align-items-flex-start fusion-flex-content-wrap\" style=\"width:104% !important;max-width:104% !important;margin-left: calc(-4% \/ 2 );margin-right: calc(-4% \/ 2 );\"><div class=\"fusion-layout-column fusion_builder_column fusion-builder-column-0 fusion_builder_column_1_5 1_5 fusion-flex-column fusion-flex-align-self-flex-start\" style=\"--awb-bg-size:cover;--awb-width-large:20%;--awb-margin-top-large:25px;--awb-spacing-right-large:9.6%;--awb-margin-bottom-large:25px;--awb-spacing-left-large:9.6%;--awb-width-medium:100%;--awb-order-medium:0;--awb-spacing-right-medium:1.92%;--awb-spacing-left-medium:1.92%;--awb-width-small:100%;--awb-order-small:0;--awb-spacing-right-small:1.92%;--awb-spacing-left-small:1.92%;\" data-motion-effects=\"[{&quot;type&quot;:&quot;&quot;,&quot;scroll_type&quot;:&quot;transition&quot;,&quot;scroll_direction&quot;:&quot;up&quot;,&quot;transition_speed&quot;:&quot;1&quot;,&quot;fade_type&quot;:&quot;in&quot;,&quot;scale_type&quot;:&quot;up&quot;,&quot;initial_scale&quot;:&quot;1&quot;,&quot;max_scale&quot;:&quot;1.5&quot;,&quot;min_scale&quot;:&quot;0.5&quot;,&quot;initial_rotate&quot;:&quot;0&quot;,&quot;end_rotate&quot;:&quot;30&quot;,&quot;initial_blur&quot;:&quot;0&quot;,&quot;end_blur&quot;:&quot;3&quot;,&quot;start_element&quot;:&quot;top&quot;,&quot;start_viewport&quot;:&quot;bottom&quot;,&quot;end_element&quot;:&quot;bottom&quot;,&quot;end_viewport&quot;:&quot;top&quot;,&quot;mouse_effect&quot;:&quot;track&quot;,&quot;mouse_effect_direction&quot;:&quot;opposite&quot;,&quot;mouse_effect_speed&quot;:&quot;2&quot;,&quot;infinite_animation&quot;:&quot;float&quot;,&quot;infinite_animation_speed&quot;:&quot;2&quot;}]\" data-scroll-devices=\"small-visibility,medium-visibility,large-visibility\"><div class=\"fusion-column-wrapper fusion-column-has-shadow fusion-flex-justify-content-flex-start fusion-content-layout-column\"><div class=\"fusion-text fusion-text-1\"><h4 style=\"text-align: center;\"><strong>Informaci\u00f3n de la Marca<\/strong><\/h4>\n<p style=\"text-align: center;\"><a href=\"mailto:entrenudos.store@gmail.com\">Contacto<\/a><\/p>\n<p style=\"text-align: center;\"><a href=\"https:\/\/entrenudos.shopsettings.com\/\">Web<\/a><\/p>\n<p style=\"text-align: center;\"><a href=\"https:\/\/instagram.com\/entrenudos.store\">Instagram<\/a><\/p>\n<\/div><\/div><\/div><div class=\"fusion-layout-column fusion_builder_column fusion-builder-column-1 fusion_builder_column_4_5 4_5 fusion-flex-column\" style=\"--awb-bg-size:cover;--awb-width-large:80%;--awb-margin-top-large:25px;--awb-spacing-right-large:2.4%;--awb-margin-bottom-large:25px;--awb-spacing-left-large:2.4%;--awb-width-medium:100%;--awb-order-medium:0;--awb-spacing-right-medium:1.92%;--awb-spacing-left-medium:1.92%;--awb-width-small:100%;--awb-order-small:0;--awb-spacing-right-small:1.92%;--awb-spacing-left-small:1.92%;\"><div class=\"fusion-column-wrapper fusion-column-has-shadow fusion-flex-justify-content-flex-start fusion-content-layout-column\"><div class=\"fusion-text fusion-text-2\"><p><span style=\"font-weight: 400;\">Entrenudos, \u00abel arte que te empodera\u00bb es una marca que dise\u00f1a y confecciona accesorios de joyer\u00eda, inspirados en el esp\u00edritu libre de la mujer. Nuestras l\u00edneas de producto Alambrismo Tradicional y Upcycling, destacan por sus coloridos, delicados acabados y art\u00edsticas figuras, que contribuyen a potenciar la imagen personal de la mujer, satisfaciendo complementos del buen vestir. Valorizamos las cuentas y piedras de bisuter\u00eda en desuso, a trav\u00e9s del\u00a0 upcycling y t\u00e9cnicas de alambrismo fino, permitiendo transformar estos insumos de la moda r\u00e1pida, en art\u00edsticos dise\u00f1os, coloridos y delicados acabados, que en consecuencia contribuyen a potenciar la imagen personal de la mujer, satisfaciendo complementos del buen vestir.\u00a0<\/span><\/p>\n<p><span style=\"font-weight: 400;\">Entregamos valor gracias a la participaci\u00f3n activa de usuarios que buscan resignificar sus h\u00e1bitos de consumo, a trav\u00e9s de la donaci\u00f3n de bisuter\u00eda que ha cumplido su primera vida \u00fatil, logrando un impacto social positivo. Adem\u00e1s, enriquecemos el patrimonio art\u00edstico de nuestra regi\u00f3n, afianzando los valores culturales que provienen de una herencia tan ancestral como lo es el alambrismo.<\/span><\/p>\n<p><span style=\"font-weight: 400;\">Entrenudos se destaca por ofrecer una experiencia de consumo responsable \u00fanica. Nuestro packaging, confeccionado a partir de saldos textiles, no solo es amigable con el medio ambiente, sino que tambi\u00e9n fomenta la reutilizaci\u00f3n en dise\u00f1os funcionales de estuches. Cada presentaci\u00f3n est\u00e1 pensada para inspirar y elevar la autoestima de nuestros clientes, incorporando frases motivadoras que hacen que cada experiencia sea especial.<\/span><\/p>\n<\/div><div class=\"awb-gallery-wrapper awb-gallery-wrapper-1 button-span-no\" style=\"--more-btn-alignment:center;\"><div style=\"margin:-10px;--awb-aspect-ratio:2 \/ 3;--awb-bordersize:0px;\" class=\"fusion-gallery fusion-gallery-container fusion-grid-2 fusion-columns-total-3 fusion-gallery-layout-masonry fusion-gallery-1 has-aspect-ratio\"><div class=\"fusion-grid-column fusion-gallery-column fusion-gallery-column-2 hover-type-none fusion-grid-sizer\"><\/div><div style=\"padding:10px;\" class=\"fusion-grid-column fusion-gallery-column fusion-gallery-column-2 hover-type-none fusion-element-portrait\"><div class=\"fusion-gallery-image\"><div style=\"background-image:inherit;padding-top:calc((100% + 20px) * 1.6);background-position:;\" class=\"fusion-masonry-element-container lazyload\" data-bg-image=\"url(https:\/\/universomola.com\/wp-content\/uploads\/2023\/12\/20231112_192640-scaled.jpg)\"><img decoding=\"async\" data-src=\"https:\/\/universomola.com\/wp-content\/uploads\/2023\/12\/20231112_192640-scaled.jpg\" width=\"1440\" height=\"2560\" alt=\"\" title=\"20231112_192640\" aria-label=\"20231112_192640\" class=\"img-responsive wp-image-50843 lazyload\" data-srcset=\"https:\/\/universomola.com\/wp-content\/uploads\/2023\/12\/20231112_192640-200x356.jpg 200w, https:\/\/universomola.com\/wp-content\/uploads\/2023\/12\/20231112_192640-400x711.jpg 400w, https:\/\/universomola.com\/wp-content\/uploads\/2023\/12\/20231112_192640-600x1067.jpg 600w, https:\/\/universomola.com\/wp-content\/uploads\/2023\/12\/20231112_192640-800x1422.jpg 800w, https:\/\/universomola.com\/wp-content\/uploads\/2023\/12\/20231112_192640-1200x2133.jpg 1200w, https:\/\/universomola.com\/wp-content\/uploads\/2023\/12\/20231112_192640-scaled.jpg 1440w\" data-sizes=\"(min-width: 2200px) 100vw, (min-width: 756px) 595px, (min-width: 640px) 756px,\" src=\"data:image\/svg+xml;base64,PHN2ZyB3aWR0aD0iMSIgaGVpZ2h0PSIxIiB4bWxucz0iaHR0cDovL3d3dy53My5vcmcvMjAwMC9zdmciPjwvc3ZnPg==\" style=\"--smush-placeholder-width: 1440px; --smush-placeholder-aspect-ratio: 1440\/2560;\" \/><\/div><\/div><\/div><div style=\"padding:10px;\" class=\"fusion-grid-column fusion-gallery-column fusion-gallery-column-2 hover-type-none fusion-element-grid\"><div class=\"fusion-gallery-image\"><div style=\"background-image:inherit;padding-top:calc((100% + 20px) * 0.8 - 10px);background-position:;\" class=\"fusion-masonry-element-container lazyload\" data-bg-image=\"url(https:\/\/universomola.com\/wp-content\/uploads\/2023\/12\/20231112_191856.jpg)\"><img decoding=\"async\" data-src=\"https:\/\/universomola.com\/wp-content\/uploads\/2023\/12\/20231112_191856.jpg\" width=\"\" height=\"\" alt=\"\" title=\"20231112_191856\" aria-label=\"20231112_191856\" class=\"img-responsive wp-image-50844 lazyload\" src=\"data:image\/svg+xml;base64,PHN2ZyB3aWR0aD0iMSIgaGVpZ2h0PSIxIiB4bWxucz0iaHR0cDovL3d3dy53My5vcmcvMjAwMC9zdmciPjwvc3ZnPg==\" style=\"--smush-placeholder-width: 3024px; --smush-placeholder-aspect-ratio: 3024\/3024;\" \/><\/div><\/div><\/div><div style=\"padding:10px;\" class=\"fusion-grid-column fusion-gallery-column fusion-gallery-column-2 hover-type-none fusion-element-grid\"><div class=\"fusion-gallery-image\"><div style=\"background-image:inherit;padding-top:calc((100% + 20px) * 0.8 - 10px);background-position:;\" class=\"fusion-masonry-element-container lazyload\" data-bg-image=\"url(https:\/\/universomola.com\/wp-content\/uploads\/2023\/12\/20231105_151732.jpg)\"><img decoding=\"async\" data-src=\"https:\/\/universomola.com\/wp-content\/uploads\/2023\/12\/20231105_151732.jpg\" width=\"\" height=\"\" alt=\"\" title=\"20231105_151732\" aria-label=\"20231105_151732\" class=\"img-responsive wp-image-50845 lazyload\" src=\"data:image\/svg+xml;base64,PHN2ZyB3aWR0aD0iMSIgaGVpZ2h0PSIxIiB4bWxucz0iaHR0cDovL3d3dy53My5vcmcvMjAwMC9zdmciPjwvc3ZnPg==\" style=\"--smush-placeholder-width: 3024px; --smush-placeholder-aspect-ratio: 3024\/3024;\" \/><\/div><\/div><\/div><\/div><\/div><\/div><\/div><\/div><\/div>","protected":false},"excerpt":{"rendered":"","protected":false},"author":9,"featured_media":0,"parent":0,"menu_order":0,"comment_status":"closed","ping_status":"closed","template":"100-width.php","meta":{"_monsterinsights_skip_tracking":false,"_monsterinsights_sitenote_active":false,"_monsterinsights_sitenote_note":"","_monsterinsights_sitenote_category":0,"footnotes":""},"class_list":["post-46869","page","type-page","status-publish","hentry"],"_links":{"self":[{"href":"https:\/\/universomola.com\/en\/wp-json\/wp\/v2\/pages\/46869","targetHints":{"allow":["GET"]}}],"collection":[{"href":"https:\/\/universomola.com\/en\/wp-json\/wp\/v2\/pages"}],"about":[{"href":"https:\/\/universomola.com\/en\/wp-json\/wp\/v2\/types\/page"}],"author":[{"embeddable":true,"href":"https:\/\/universomola.com\/en\/wp-json\/wp\/v2\/users\/9"}],"replies":[{"embeddable":true,"href":"https:\/\/universomola.com\/en\/wp-json\/wp\/v2\/comments?post=46869"}],"version-history":[{"count":5,"href":"https:\/\/universomola.com\/en\/wp-json\/wp\/v2\/pages\/46869\/revisions"}],"predecessor-version":[{"id":62793,"href":"https:\/\/universomola.com\/en\/wp-json\/wp\/v2\/pages\/46869\/revisions\/62793"}],"wp:attachment":[{"href":"https:\/\/universomola.com\/en\/wp-json\/wp\/v2\/media?parent=46869"}],"curies":[{"name":"wp","href":"https:\/\/api.w.org\/{rel}","templated":true}]}}