{"id":62807,"date":"2024-02-19T23:05:35","date_gmt":"2024-02-20T04:05:35","guid":{"rendered":"https:\/\/universomola.com\/?page_id=62807"},"modified":"2024-02-20T14:35:45","modified_gmt":"2024-02-20T19:35:45","slug":"tejedoras-del-sol","status":"publish","type":"page","link":"https:\/\/universomola.com\/en\/tejedoras-del-sol\/","title":{"rendered":"Tejedoras del Sol"},"content":{"rendered":"<div class=\"fusion-fullwidth fullwidth-box fusion-builder-row-1 fusion-flex-container has-pattern-background has-mask-background hundred-percent-fullwidth non-hundred-percent-height-scrolling\" style=\"--awb-border-radius-top-left:0px;--awb-border-radius-top-right:0px;--awb-border-radius-bottom-right:0px;--awb-border-radius-bottom-left:0px;--awb-flex-wrap:wrap;\" ><div class=\"fusion-builder-row fusion-row fusion-flex-align-items-center fusion-flex-justify-content-center fusion-flex-content-wrap\" style=\"width:104% !important;max-width:104% !important;margin-left: calc(-4% \/ 2 );margin-right: calc(-4% \/ 2 );\"><div class=\"fusion-layout-column fusion_builder_column fusion-builder-column-0 fusion_builder_column_1_5 1_5 fusion-flex-column fusion-flex-align-self-flex-start\" style=\"--awb-bg-size:cover;--awb-width-large:20%;--awb-margin-top-large:25px;--awb-spacing-right-large:9.6%;--awb-margin-bottom-large:25px;--awb-spacing-left-large:9.6%;--awb-width-medium:100%;--awb-order-medium:0;--awb-spacing-right-medium:1.92%;--awb-spacing-left-medium:1.92%;--awb-width-small:100%;--awb-order-small:0;--awb-spacing-right-small:1.92%;--awb-spacing-left-small:1.92%;\" data-motion-effects=\"[{&quot;type&quot;:&quot;&quot;,&quot;scroll_type&quot;:&quot;transition&quot;,&quot;scroll_direction&quot;:&quot;up&quot;,&quot;transition_speed&quot;:&quot;1&quot;,&quot;fade_type&quot;:&quot;in&quot;,&quot;scale_type&quot;:&quot;up&quot;,&quot;initial_scale&quot;:&quot;1&quot;,&quot;max_scale&quot;:&quot;1.5&quot;,&quot;min_scale&quot;:&quot;0.5&quot;,&quot;initial_rotate&quot;:&quot;0&quot;,&quot;end_rotate&quot;:&quot;30&quot;,&quot;initial_blur&quot;:&quot;0&quot;,&quot;end_blur&quot;:&quot;3&quot;,&quot;start_element&quot;:&quot;top&quot;,&quot;start_viewport&quot;:&quot;bottom&quot;,&quot;end_element&quot;:&quot;bottom&quot;,&quot;end_viewport&quot;:&quot;top&quot;,&quot;mouse_effect&quot;:&quot;track&quot;,&quot;mouse_effect_direction&quot;:&quot;opposite&quot;,&quot;mouse_effect_speed&quot;:&quot;2&quot;,&quot;infinite_animation&quot;:&quot;float&quot;,&quot;infinite_animation_speed&quot;:&quot;2&quot;}]\" data-scroll-devices=\"small-visibility,medium-visibility,large-visibility\"><div class=\"fusion-column-wrapper fusion-column-has-shadow fusion-flex-justify-content-flex-start fusion-content-layout-column\"><div class=\"fusion-text fusion-text-1\"><h4 style=\"text-align: center;\"><strong>Informaci\u00f3n de la Marca<\/strong><\/h4>\n<p style=\"text-align: center;\"><a href=\"https:\/\/www.instagram.com\/tejedorasdelsol\/?hl=es-la\">Instagram<\/a><\/p>\n<p style=\"text-align: center;\"><a href=\"https:\/\/www.facebook.com\/p\/Tejedoras-del-Sol-100069805912938\/\">Prensa<\/a><\/p>\n<\/div><\/div><\/div><div class=\"fusion-layout-column fusion_builder_column fusion-builder-column-1 fusion_builder_column_4_5 4_5 fusion-flex-column\" style=\"--awb-bg-size:cover;--awb-width-large:80%;--awb-margin-top-large:25px;--awb-spacing-right-large:2.4%;--awb-margin-bottom-large:25px;--awb-spacing-left-large:2.4%;--awb-width-medium:100%;--awb-order-medium:0;--awb-spacing-right-medium:1.92%;--awb-spacing-left-medium:1.92%;--awb-width-small:100%;--awb-order-small:0;--awb-spacing-right-small:1.92%;--awb-spacing-left-small:1.92%;\"><div class=\"fusion-column-wrapper fusion-column-has-shadow fusion-flex-justify-content-flex-start fusion-content-layout-column\"><div class=\"fusion-text fusion-text-2\"><p><span style=\"font-weight: 400;\">Tejedoras del Sol es un taller dedicado a la investigaci\u00f3n y producci\u00f3n textil que tiene como objetivo la revitalizaci\u00f3n de las t\u00e9cnicas de tejedur\u00eda tradicionales del departamento de Nari\u00f1o al sur de Colombia, como la tejedur\u00eda de guanga (telar vertical) y el tejido de punto. Somos una colectiva conformada por ocho mujeres. Este grupo incluye mujeres ind\u00edgenas, campesinas y j\u00f3venes que viven tanto en el Resguardo Ind\u00edgena de Pastas &#8211; Aldana como en la ciudad de Pasto, en el departamento de Nari\u00f1o &#8211; Colombia.<\/span><\/p>\n<p><span style=\"font-weight: 400;\">Nuestros productos son el resultado de un minucioso proceso de investigaci\u00f3n y creaci\u00f3n, basado en el uso de fibras naturales y diversas t\u00e9cnicas de tinci\u00f3n natural. Se utilizan plantas, flores y semillas para otorgarles color y textura. Somos una opci\u00f3n de moda sostenible con prendas de vestir y accesorios artesanales elaborados de manera consciente y con un profundo respeto por el territorio, las comunidades y nuestros clientes.<\/span><\/p>\n<\/div><div class=\"awb-gallery-wrapper awb-gallery-wrapper-1 button-span-no\" style=\"--more-btn-alignment:center;\"><div style=\"margin:-2px;--awb-aspect-ratio:2 \/ 3;--awb-bordersize:5px;--awb-bordercolor:var(--awb-custom_color_2);\" class=\"fusion-gallery fusion-gallery-container fusion-grid-3 fusion-columns-total-3 fusion-gallery-layout-grid fusion-gallery-1 has-aspect-ratio\"><div style=\"padding:2.5px;\" class=\"fusion-grid-column fusion-gallery-column fusion-gallery-column-3 hover-type-none\"><div class=\"fusion-gallery-image\"><img decoding=\"async\" data-src=\"https:\/\/universomola.com\/wp-content\/uploads\/2024\/02\/Diseno-sin-titulo-18.png\" width=\"1333\" height=\"2000\" alt=\"\" title=\"\" aria-label=\"\" class=\"img-responsive wp-image-62809 lazyload\" data-srcset=\"https:\/\/universomola.com\/wp-content\/uploads\/2024\/02\/Diseno-sin-titulo-18-200x300.png 200w, https:\/\/universomola.com\/wp-content\/uploads\/2024\/02\/Diseno-sin-titulo-18-400x600.png 400w, https:\/\/universomola.com\/wp-content\/uploads\/2024\/02\/Diseno-sin-titulo-18-600x900.png 600w, https:\/\/universomola.com\/wp-content\/uploads\/2024\/02\/Diseno-sin-titulo-18-800x1200.png 800w, https:\/\/universomola.com\/wp-content\/uploads\/2024\/02\/Diseno-sin-titulo-18-1200x1800.png 1200w, https:\/\/universomola.com\/wp-content\/uploads\/2024\/02\/Diseno-sin-titulo-18.png 1333w\" data-sizes=\"(min-width: 2200px) 100vw, (min-width: 872px) 399px, (min-width: 756px) 598px, (min-width: 640px) 756px,\" src=\"data:image\/svg+xml;base64,PHN2ZyB3aWR0aD0iMSIgaGVpZ2h0PSIxIiB4bWxucz0iaHR0cDovL3d3dy53My5vcmcvMjAwMC9zdmciPjwvc3ZnPg==\" style=\"--smush-placeholder-width: 1333px; --smush-placeholder-aspect-ratio: 1333\/2000;\" \/><\/div><\/div><div style=\"padding:2.5px;\" class=\"fusion-grid-column fusion-gallery-column fusion-gallery-column-3 hover-type-none\"><div class=\"fusion-gallery-image\"><img decoding=\"async\" data-src=\"https:\/\/universomola.com\/wp-content\/uploads\/2024\/02\/Diseno-sin-titulo-17.png\" width=\"1333\" height=\"2000\" alt=\"\" title=\"\" aria-label=\"\" class=\"img-responsive wp-image-62808 lazyload\" data-srcset=\"https:\/\/universomola.com\/wp-content\/uploads\/2024\/02\/Diseno-sin-titulo-17-200x300.png 200w, https:\/\/universomola.com\/wp-content\/uploads\/2024\/02\/Diseno-sin-titulo-17-400x600.png 400w, https:\/\/universomola.com\/wp-content\/uploads\/2024\/02\/Diseno-sin-titulo-17-600x900.png 600w, https:\/\/universomola.com\/wp-content\/uploads\/2024\/02\/Diseno-sin-titulo-17-800x1200.png 800w, https:\/\/universomola.com\/wp-content\/uploads\/2024\/02\/Diseno-sin-titulo-17-1200x1800.png 1200w, https:\/\/universomola.com\/wp-content\/uploads\/2024\/02\/Diseno-sin-titulo-17.png 1333w\" data-sizes=\"(min-width: 2200px) 100vw, (min-width: 872px) 399px, (min-width: 756px) 598px, (min-width: 640px) 756px,\" src=\"data:image\/svg+xml;base64,PHN2ZyB3aWR0aD0iMSIgaGVpZ2h0PSIxIiB4bWxucz0iaHR0cDovL3d3dy53My5vcmcvMjAwMC9zdmciPjwvc3ZnPg==\" style=\"--smush-placeholder-width: 1333px; --smush-placeholder-aspect-ratio: 1333\/2000;\" \/><\/div><\/div><div style=\"padding:2.5px;\" class=\"fusion-grid-column fusion-gallery-column fusion-gallery-column-3 hover-type-none\"><div class=\"fusion-gallery-image\"><img decoding=\"async\" data-src=\"https:\/\/universomola.com\/wp-content\/uploads\/2024\/02\/Diseno-sin-titulo-19.png\" width=\"1333\" height=\"2000\" alt=\"\" title=\"\" aria-label=\"\" class=\"img-responsive wp-image-62810 lazyload\" data-srcset=\"https:\/\/universomola.com\/wp-content\/uploads\/2024\/02\/Diseno-sin-titulo-19-200x300.png 200w, https:\/\/universomola.com\/wp-content\/uploads\/2024\/02\/Diseno-sin-titulo-19-400x600.png 400w, https:\/\/universomola.com\/wp-content\/uploads\/2024\/02\/Diseno-sin-titulo-19-600x900.png 600w, https:\/\/universomola.com\/wp-content\/uploads\/2024\/02\/Diseno-sin-titulo-19-800x1200.png 800w, https:\/\/universomola.com\/wp-content\/uploads\/2024\/02\/Diseno-sin-titulo-19-1200x1800.png 1200w, https:\/\/universomola.com\/wp-content\/uploads\/2024\/02\/Diseno-sin-titulo-19.png 1333w\" data-sizes=\"(min-width: 2200px) 100vw, (min-width: 872px) 399px, (min-width: 756px) 598px, (min-width: 640px) 756px,\" src=\"data:image\/svg+xml;base64,PHN2ZyB3aWR0aD0iMSIgaGVpZ2h0PSIxIiB4bWxucz0iaHR0cDovL3d3dy53My5vcmcvMjAwMC9zdmciPjwvc3ZnPg==\" style=\"--smush-placeholder-width: 1333px; --smush-placeholder-aspect-ratio: 1333\/2000;\" \/><\/div><\/div><div class=\"clearfix\"><\/div><\/div><\/div><\/div><\/div><\/div><\/div>","protected":false},"excerpt":{"rendered":"","protected":false},"author":9,"featured_media":0,"parent":0,"menu_order":0,"comment_status":"closed","ping_status":"closed","template":"100-width.php","meta":{"_monsterinsights_skip_tracking":false,"_monsterinsights_sitenote_active":false,"_monsterinsights_sitenote_note":"","_monsterinsights_sitenote_category":0,"footnotes":""},"class_list":["post-62807","page","type-page","status-publish","hentry"],"_links":{"self":[{"href":"https:\/\/universomola.com\/en\/wp-json\/wp\/v2\/pages\/62807","targetHints":{"allow":["GET"]}}],"collection":[{"href":"https:\/\/universomola.com\/en\/wp-json\/wp\/v2\/pages"}],"about":[{"href":"https:\/\/universomola.com\/en\/wp-json\/wp\/v2\/types\/page"}],"author":[{"embeddable":true,"href":"https:\/\/universomola.com\/en\/wp-json\/wp\/v2\/users\/9"}],"replies":[{"embeddable":true,"href":"https:\/\/universomola.com\/en\/wp-json\/wp\/v2\/comments?post=62807"}],"version-history":[{"count":3,"href":"https:\/\/universomola.com\/en\/wp-json\/wp\/v2\/pages\/62807\/revisions"}],"predecessor-version":[{"id":62814,"href":"https:\/\/universomola.com\/en\/wp-json\/wp\/v2\/pages\/62807\/revisions\/62814"}],"wp:attachment":[{"href":"https:\/\/universomola.com\/en\/wp-json\/wp\/v2\/media?parent=62807"}],"curies":[{"name":"wp","href":"https:\/\/api.w.org\/{rel}","templated":true}]}}