{"id":62835,"date":"2024-02-20T09:29:56","date_gmt":"2024-02-20T14:29:56","guid":{"rendered":"https:\/\/universomola.com\/?page_id=62835"},"modified":"2024-02-20T14:41:28","modified_gmt":"2024-02-20T19:41:28","slug":"tenaz","status":"publish","type":"page","link":"https:\/\/universomola.com\/en\/tenaz\/","title":{"rendered":"Tenaz"},"content":{"rendered":"<div class=\"fusion-fullwidth fullwidth-box fusion-builder-row-1 fusion-flex-container has-pattern-background has-mask-background hundred-percent-fullwidth non-hundred-percent-height-scrolling\" style=\"--awb-border-radius-top-left:0px;--awb-border-radius-top-right:0px;--awb-border-radius-bottom-right:0px;--awb-border-radius-bottom-left:0px;--awb-flex-wrap:wrap;\" ><div class=\"fusion-builder-row fusion-row fusion-flex-align-items-flex-start fusion-flex-content-wrap\" style=\"width:104% !important;max-width:104% !important;margin-left: calc(-4% \/ 2 );margin-right: calc(-4% \/ 2 );\"><div class=\"fusion-layout-column fusion_builder_column fusion-builder-column-0 fusion_builder_column_1_5 1_5 fusion-flex-column fusion-flex-align-self-flex-start\" style=\"--awb-bg-size:cover;--awb-width-large:20%;--awb-margin-top-large:25px;--awb-spacing-right-large:9.6%;--awb-margin-bottom-large:25px;--awb-spacing-left-large:9.6%;--awb-width-medium:100%;--awb-order-medium:0;--awb-spacing-right-medium:1.92%;--awb-spacing-left-medium:1.92%;--awb-width-small:100%;--awb-order-small:0;--awb-spacing-right-small:1.92%;--awb-spacing-left-small:1.92%;\" data-motion-effects=\"[{&quot;type&quot;:&quot;&quot;,&quot;scroll_type&quot;:&quot;transition&quot;,&quot;scroll_direction&quot;:&quot;up&quot;,&quot;transition_speed&quot;:&quot;1&quot;,&quot;fade_type&quot;:&quot;in&quot;,&quot;scale_type&quot;:&quot;up&quot;,&quot;initial_scale&quot;:&quot;1&quot;,&quot;max_scale&quot;:&quot;1.5&quot;,&quot;min_scale&quot;:&quot;0.5&quot;,&quot;initial_rotate&quot;:&quot;0&quot;,&quot;end_rotate&quot;:&quot;30&quot;,&quot;initial_blur&quot;:&quot;0&quot;,&quot;end_blur&quot;:&quot;3&quot;,&quot;start_element&quot;:&quot;top&quot;,&quot;start_viewport&quot;:&quot;bottom&quot;,&quot;end_element&quot;:&quot;bottom&quot;,&quot;end_viewport&quot;:&quot;top&quot;,&quot;mouse_effect&quot;:&quot;track&quot;,&quot;mouse_effect_direction&quot;:&quot;opposite&quot;,&quot;mouse_effect_speed&quot;:&quot;2&quot;,&quot;infinite_animation&quot;:&quot;float&quot;,&quot;infinite_animation_speed&quot;:&quot;2&quot;}]\" data-scroll-devices=\"small-visibility,medium-visibility,large-visibility\"><div class=\"fusion-column-wrapper fusion-column-has-shadow fusion-flex-justify-content-flex-start fusion-content-layout-column\"><div class=\"fusion-text fusion-text-1\"><h4 style=\"text-align: center;\"><strong>Informaci\u00f3n de la Marca<\/strong><\/h4>\n<p style=\"text-align: center;\"><a href=\"https:\/\/l.instagram.com\/?u=https%3A%2F%2Fwa.me%2F%2B59899262583&amp;e=AT3A-XaOM1gapwKGb534-_7GoOtiCfmF1HiZbaplQlRrnHkbTH2FeyuesfxrJCBaIGdyoLpyGUanp_3vjw6sbcInU5T63-hxgwn4QYFqu6RFxAaJ9G-2vs8\">Contacto<\/a><\/p>\n<p style=\"text-align: center;\"><a href=\"https:\/\/www.facebook.com\/ByAndreaMesa\/\">Web<\/a><\/p>\n<p style=\"text-align: center;\"><a href=\"https:\/\/www.instagram.com\/tenaz.uy\/\">Instagram<\/a><\/p>\n<\/div><\/div><\/div><div class=\"fusion-layout-column fusion_builder_column fusion-builder-column-1 fusion_builder_column_4_5 4_5 fusion-flex-column fusion-flex-align-self-flex-start\" style=\"--awb-bg-size:cover;--awb-width-large:80%;--awb-margin-top-large:25px;--awb-spacing-right-large:2.4%;--awb-margin-bottom-large:25px;--awb-spacing-left-large:2.4%;--awb-width-medium:100%;--awb-order-medium:0;--awb-spacing-right-medium:1.92%;--awb-spacing-left-medium:1.92%;--awb-width-small:100%;--awb-order-small:0;--awb-spacing-right-small:1.92%;--awb-spacing-left-small:1.92%;\" data-motion-effects=\"[{&quot;type&quot;:&quot;&quot;,&quot;scroll_type&quot;:&quot;transition&quot;,&quot;scroll_direction&quot;:&quot;up&quot;,&quot;transition_speed&quot;:&quot;1&quot;,&quot;fade_type&quot;:&quot;in&quot;,&quot;scale_type&quot;:&quot;up&quot;,&quot;initial_scale&quot;:&quot;1&quot;,&quot;max_scale&quot;:&quot;1.5&quot;,&quot;min_scale&quot;:&quot;0.5&quot;,&quot;initial_rotate&quot;:&quot;0&quot;,&quot;end_rotate&quot;:&quot;30&quot;,&quot;initial_blur&quot;:&quot;0&quot;,&quot;end_blur&quot;:&quot;3&quot;,&quot;start_element&quot;:&quot;top&quot;,&quot;start_viewport&quot;:&quot;bottom&quot;,&quot;end_element&quot;:&quot;bottom&quot;,&quot;end_viewport&quot;:&quot;top&quot;,&quot;mouse_effect&quot;:&quot;track&quot;,&quot;mouse_effect_direction&quot;:&quot;opposite&quot;,&quot;mouse_effect_speed&quot;:&quot;2&quot;,&quot;infinite_animation&quot;:&quot;float&quot;,&quot;infinite_animation_speed&quot;:&quot;2&quot;}]\" data-scroll-devices=\"small-visibility,medium-visibility,large-visibility\"><div class=\"fusion-column-wrapper fusion-column-has-shadow fusion-flex-justify-content-flex-start fusion-content-layout-column\"><div class=\"fusion-text fusion-text-2\"><p><span style=\"font-weight: 400;\">TENAZ es una marca de carteras y accesorios hechos a mano en cuero genuino uruguayo.\u00a0<\/span><\/p>\n<p><span style=\"font-weight: 400;\">Estoy en Punta del este, Uruguay.\u00a0<\/span><\/p>\n<p><span style=\"font-weight: 400;\">Hago productos a pedido (Slow Fashion) logrando as\u00ed disminuir la producci\u00f3n masiva y creando un producto de alta calidad, durabilidad, exclusivo, vers\u00e1til y artesanal.<\/span><\/p>\n<p><span style=\"font-weight: 400;\">El prop\u00f3sito de la marca es lograr alcanzar el LUJO SOSTENIBLE creando piezas atemporales, de alta calidad, para distintos estilos y distintos momentos.\u00a0<\/span><\/p>\n<p><span style=\"font-weight: 400;\">He volcado el conocimiento manual, creativo y est\u00e9tico logrado en mis variadas capacitaciones y experiencias de vida por eso TENAZ.\u00a0<\/span><\/p>\n<p><span style=\"font-weight: 400;\">Lo que me diferencia de la competencia es que son piezas \u00fanicas. Actualmente presentamos una l\u00ednea \u201cLleva Arte contigo\u201d intervenida por un artista local Walter Blanco.<\/span><\/p>\n<p><span style=\"font-weight: 400;\">Llegamos a p\u00fablico general uruguayo, europeo y tambi\u00e9n a empresas.\u00a0<\/span><\/p>\n<p><span style=\"font-weight: 400;\">Me gustar\u00eda crecer para dar trabajo a m\u00e1s personas. <\/span><\/p>\n<\/div><div class=\"awb-gallery-wrapper awb-gallery-wrapper-1 button-span-no\" style=\"--more-btn-alignment:center;\"><div style=\"margin:-2px;--awb-aspect-ratio:2 \/ 3;--awb-bordersize:5px;\" class=\"fusion-gallery fusion-gallery-container fusion-grid-2 fusion-columns-total-3 fusion-gallery-layout-masonry fusion-gallery-1 has-aspect-ratio\"><div class=\"fusion-grid-column fusion-gallery-column fusion-gallery-column-2 hover-type-none fusion-grid-sizer\"><\/div><div style=\"padding:2.5px;\" class=\"fusion-grid-column fusion-gallery-column fusion-gallery-column-2 hover-type-none fusion-element-portrait\"><div class=\"fusion-gallery-image\"><div style=\"background-image:inherit;padding-top:calc((100% + 4px) * 1.6);background-position:;\" class=\"fusion-masonry-element-container lazyload\" data-bg-image=\"url(https:\/\/universomola.com\/wp-content\/uploads\/2024\/02\/tlong.jpg)\"><img decoding=\"async\" data-src=\"https:\/\/universomola.com\/wp-content\/uploads\/2024\/02\/tlong.jpg\" width=\"1013\" height=\"1800\" alt=\"\" title=\"\" aria-label=\"\" class=\"img-responsive wp-image-62838 lazyload\" data-srcset=\"https:\/\/universomola.com\/wp-content\/uploads\/2024\/02\/tlong-200x355.jpg 200w, https:\/\/universomola.com\/wp-content\/uploads\/2024\/02\/tlong-400x711.jpg 400w, https:\/\/universomola.com\/wp-content\/uploads\/2024\/02\/tlong-600x1066.jpg 600w, https:\/\/universomola.com\/wp-content\/uploads\/2024\/02\/tlong-800x1422.jpg 800w, https:\/\/universomola.com\/wp-content\/uploads\/2024\/02\/tlong.jpg 1013w\" data-sizes=\"(min-width: 2200px) 100vw, (min-width: 756px) 599px, (min-width: 640px) 756px,\" src=\"data:image\/svg+xml;base64,PHN2ZyB3aWR0aD0iMSIgaGVpZ2h0PSIxIiB4bWxucz0iaHR0cDovL3d3dy53My5vcmcvMjAwMC9zdmciPjwvc3ZnPg==\" style=\"--smush-placeholder-width: 1013px; --smush-placeholder-aspect-ratio: 1013\/1800;\" \/><\/div><\/div><\/div><div style=\"padding:2.5px;\" class=\"fusion-grid-column fusion-gallery-column fusion-gallery-column-2 hover-type-none fusion-element-grid\"><div class=\"fusion-gallery-image\"><div style=\"background-image:inherit;padding-top:calc((100% + 4px) * 0.8 - 2.5px);background-position:;\" class=\"fusion-masonry-element-container lazyload\" data-bg-image=\"url(https:\/\/universomola.com\/wp-content\/uploads\/2024\/02\/tsh2.jpg)\"><img decoding=\"async\" data-src=\"https:\/\/universomola.com\/wp-content\/uploads\/2024\/02\/tsh2.jpg\" width=\"900\" height=\"900\" alt=\"\" title=\"\" aria-label=\"\" class=\"img-responsive wp-image-62836 lazyload\" data-srcset=\"https:\/\/universomola.com\/wp-content\/uploads\/2024\/02\/tsh2-200x200.jpg 200w, https:\/\/universomola.com\/wp-content\/uploads\/2024\/02\/tsh2-400x400.jpg 400w, https:\/\/universomola.com\/wp-content\/uploads\/2024\/02\/tsh2-600x600.jpg 600w, https:\/\/universomola.com\/wp-content\/uploads\/2024\/02\/tsh2-800x800.jpg 800w, https:\/\/universomola.com\/wp-content\/uploads\/2024\/02\/tsh2.jpg 900w\" data-sizes=\"(min-width: 2200px) 100vw, (min-width: 756px) 599px, (min-width: 640px) 756px,\" src=\"data:image\/svg+xml;base64,PHN2ZyB3aWR0aD0iMSIgaGVpZ2h0PSIxIiB4bWxucz0iaHR0cDovL3d3dy53My5vcmcvMjAwMC9zdmciPjwvc3ZnPg==\" style=\"--smush-placeholder-width: 900px; --smush-placeholder-aspect-ratio: 900\/900;\" \/><\/div><\/div><\/div><div style=\"padding:2.5px;\" class=\"fusion-grid-column fusion-gallery-column fusion-gallery-column-2 hover-type-none fusion-element-grid\"><div class=\"fusion-gallery-image\"><div style=\"background-image:inherit;padding-top:calc((100% + 4px) * 0.8 - 2.5px);background-position:;\" class=\"fusion-masonry-element-container lazyload\" data-bg-image=\"url(https:\/\/universomola.com\/wp-content\/uploads\/2024\/02\/tsh.jpg)\"><img decoding=\"async\" data-src=\"https:\/\/universomola.com\/wp-content\/uploads\/2024\/02\/tsh.jpg\" width=\"900\" height=\"900\" alt=\"\" title=\"\" aria-label=\"\" class=\"img-responsive wp-image-62837 lazyload\" data-srcset=\"https:\/\/universomola.com\/wp-content\/uploads\/2024\/02\/tsh-200x200.jpg 200w, https:\/\/universomola.com\/wp-content\/uploads\/2024\/02\/tsh-400x400.jpg 400w, https:\/\/universomola.com\/wp-content\/uploads\/2024\/02\/tsh-600x600.jpg 600w, https:\/\/universomola.com\/wp-content\/uploads\/2024\/02\/tsh-800x800.jpg 800w, https:\/\/universomola.com\/wp-content\/uploads\/2024\/02\/tsh.jpg 900w\" data-sizes=\"(min-width: 2200px) 100vw, (min-width: 756px) 599px, (min-width: 640px) 756px,\" src=\"data:image\/svg+xml;base64,PHN2ZyB3aWR0aD0iMSIgaGVpZ2h0PSIxIiB4bWxucz0iaHR0cDovL3d3dy53My5vcmcvMjAwMC9zdmciPjwvc3ZnPg==\" style=\"--smush-placeholder-width: 900px; --smush-placeholder-aspect-ratio: 900\/900;\" \/><\/div><\/div><\/div><\/div><\/div><\/div><\/div><\/div><\/div>","protected":false},"excerpt":{"rendered":"","protected":false},"author":9,"featured_media":0,"parent":0,"menu_order":0,"comment_status":"closed","ping_status":"closed","template":"100-width.php","meta":{"_monsterinsights_skip_tracking":false,"_monsterinsights_sitenote_active":false,"_monsterinsights_sitenote_note":"","_monsterinsights_sitenote_category":0,"footnotes":""},"class_list":["post-62835","page","type-page","status-publish","hentry"],"_links":{"self":[{"href":"https:\/\/universomola.com\/en\/wp-json\/wp\/v2\/pages\/62835","targetHints":{"allow":["GET"]}}],"collection":[{"href":"https:\/\/universomola.com\/en\/wp-json\/wp\/v2\/pages"}],"about":[{"href":"https:\/\/universomola.com\/en\/wp-json\/wp\/v2\/types\/page"}],"author":[{"embeddable":true,"href":"https:\/\/universomola.com\/en\/wp-json\/wp\/v2\/users\/9"}],"replies":[{"embeddable":true,"href":"https:\/\/universomola.com\/en\/wp-json\/wp\/v2\/comments?post=62835"}],"version-history":[{"count":5,"href":"https:\/\/universomola.com\/en\/wp-json\/wp\/v2\/pages\/62835\/revisions"}],"predecessor-version":[{"id":62931,"href":"https:\/\/universomola.com\/en\/wp-json\/wp\/v2\/pages\/62835\/revisions\/62931"}],"wp:attachment":[{"href":"https:\/\/universomola.com\/en\/wp-json\/wp\/v2\/media?parent=62835"}],"curies":[{"name":"wp","href":"https:\/\/api.w.org\/{rel}","templated":true}]}}