{"id":62895,"date":"2024-02-20T13:08:35","date_gmt":"2024-02-20T18:08:35","guid":{"rendered":"https:\/\/universomola.com\/?page_id=62895"},"modified":"2024-02-20T13:08:35","modified_gmt":"2024-02-20T18:08:35","slug":"nicteel","status":"publish","type":"page","link":"https:\/\/universomola.com\/en\/nicteel\/","title":{"rendered":"Nicteel"},"content":{"rendered":"<div class=\"fusion-fullwidth fullwidth-box fusion-builder-row-1 fusion-flex-container has-pattern-background has-mask-background hundred-percent-fullwidth non-hundred-percent-height-scrolling\" style=\"--awb-border-radius-top-left:0px;--awb-border-radius-top-right:0px;--awb-border-radius-bottom-right:0px;--awb-border-radius-bottom-left:0px;--awb-flex-wrap:wrap;\" ><div class=\"fusion-builder-row fusion-row fusion-flex-align-items-center fusion-flex-justify-content-center fusion-flex-content-wrap\" style=\"width:104% !important;max-width:104% !important;margin-left: calc(-4% \/ 2 );margin-right: calc(-4% \/ 2 );\"><div class=\"fusion-layout-column fusion_builder_column fusion-builder-column-0 fusion_builder_column_1_5 1_5 fusion-flex-column fusion-flex-align-self-flex-start\" style=\"--awb-bg-size:cover;--awb-width-large:20%;--awb-margin-top-large:25px;--awb-spacing-right-large:9.6%;--awb-margin-bottom-large:25px;--awb-spacing-left-large:9.6%;--awb-width-medium:100%;--awb-order-medium:0;--awb-spacing-right-medium:1.92%;--awb-spacing-left-medium:1.92%;--awb-width-small:100%;--awb-order-small:0;--awb-spacing-right-small:1.92%;--awb-spacing-left-small:1.92%;\"><div class=\"fusion-column-wrapper fusion-column-has-shadow fusion-flex-justify-content-flex-start fusion-content-layout-column\"><div class=\"fusion-text fusion-text-1\"><h4 style=\"text-align: center;\"><strong>Informaci\u00f3n de la Marca<\/strong><\/h4>\n<p style=\"text-align: center;\"><a href=\"https:\/\/www.linkedin.com\/in\/owana-lima-a4b9a41a4\/?originalSubdomain=gt\">Contacto<\/a><\/p>\n<p style=\"text-align: center;\"><a href=\"https:\/\/www.instagram.com\/nicteelfashiongt\/?hl=es-la\">Instagram<\/a><\/p>\n<\/div><\/div><\/div><div class=\"fusion-layout-column fusion_builder_column fusion-builder-column-1 fusion_builder_column_4_5 4_5 fusion-flex-column\" style=\"--awb-bg-size:cover;--awb-width-large:80%;--awb-margin-top-large:25px;--awb-spacing-right-large:2.4%;--awb-margin-bottom-large:25px;--awb-spacing-left-large:2.4%;--awb-width-medium:100%;--awb-order-medium:0;--awb-spacing-right-medium:1.92%;--awb-spacing-left-medium:1.92%;--awb-width-small:100%;--awb-order-small:0;--awb-spacing-right-small:1.92%;--awb-spacing-left-small:1.92%;\"><div class=\"fusion-column-wrapper fusion-column-has-shadow fusion-flex-justify-content-flex-start fusion-content-layout-column\"><div class=\"fusion-text fusion-text-2\"><p>Nicteel (FLORES en el idioma maya kaqchikel), es una marca fundada en 2015 que busca exaltar el potencial creativo y la riqueza cultural de Guatemala a trav\u00e9s de dise\u00f1os \u00fanicos y vanguardistas.<br \/>\nDurante ocho a\u00f1os nuestro dise\u00f1os han aportado\u00a0identidad y orgullo al pueblo Guatemalteco, traspasando las fronteras con dise\u00f1os que exaltan la naturaleza, las tradiciones y la historia de\u00a0nuestro pa\u00eds, a su vez promueve el trabajo e\u00a0incentiva la econom\u00eda local al\u00a0trabajar de la mano de\u00a0artistas artesanos.<\/p>\n<p>El taller artesano de Salcaj\u00e1, Guatemala, tuvo inicios como un centro de creaci\u00f3n local, arraigado en tradiciones textiles ancestrales, a lo largo del tiempo, la habilidad artesanal y la rica herencia cultural atrajeron la atenci\u00f3n, marcando el inicio de un viaje hacia un reconocimiento m\u00e1s all\u00e1 de las fronteras, la transici\u00f3n a las grandes pasarelas de la moda se bas\u00f3 en la fusi\u00f3n de las artesan\u00edas\u00a0aut\u00e9nticas con la tendencia\u00a0contempor\u00e1nea, permitiendo que estas creaciones \u00fanicas conquisten el escenario global, celebrando la diversidad y la maestr\u00eda de Salcaj\u00e1.<\/p>\n<\/div><div class=\"awb-gallery-wrapper awb-gallery-wrapper-1 button-span-no\" style=\"--more-btn-alignment:center;\"><div style=\"margin:-10px;--awb-bordersize:5px;--awb-bordercolor:var(--awb-custom_color_2);\" class=\"fusion-gallery fusion-gallery-container fusion-grid-3 fusion-columns-total-3 fusion-gallery-layout-masonry fusion-gallery-1\"><div class=\"fusion-grid-column fusion-gallery-column fusion-gallery-column-3 hover-type-none fusion-grid-sizer\"><\/div><div style=\"padding:10px;\" class=\"fusion-grid-column fusion-gallery-column fusion-gallery-column-3 hover-type-none fusion-element-portrait\"><div class=\"fusion-gallery-image\"><div style=\"background-image:inherit;padding-top:calc((100% + 20px) * 1.6);background-position:;\" class=\"fusion-masonry-element-container lazyload\" data-bg-image=\"url(https:\/\/universomola.com\/wp-content\/uploads\/2024\/02\/1-2.jpg)\"><img decoding=\"async\" data-src=\"https:\/\/universomola.com\/wp-content\/uploads\/2024\/02\/1-2.jpg\" width=\"522\" height=\"758\" alt=\"\" title=\"\" aria-label=\"\" class=\"img-responsive wp-image-62896 lazyload\" data-srcset=\"https:\/\/universomola.com\/wp-content\/uploads\/2024\/02\/1-2-200x290.jpg 200w, https:\/\/universomola.com\/wp-content\/uploads\/2024\/02\/1-2-400x581.jpg 400w, https:\/\/universomola.com\/wp-content\/uploads\/2024\/02\/1-2.jpg 522w\" data-sizes=\"(min-width: 2200px) 100vw, (min-width: 872px) 393px, (min-width: 756px) 590px, (min-width: 640px) 756px,\" src=\"data:image\/svg+xml;base64,PHN2ZyB3aWR0aD0iMSIgaGVpZ2h0PSIxIiB4bWxucz0iaHR0cDovL3d3dy53My5vcmcvMjAwMC9zdmciPjwvc3ZnPg==\" style=\"--smush-placeholder-width: 522px; --smush-placeholder-aspect-ratio: 522\/758;\" \/><\/div><\/div><\/div><div style=\"padding:10px;\" class=\"fusion-grid-column fusion-gallery-column fusion-gallery-column-3 hover-type-none fusion-element-portrait\"><div class=\"fusion-gallery-image\"><div style=\"background-image:inherit;padding-top:calc((100% + 20px) * 1.6);background-position:;\" class=\"fusion-masonry-element-container lazyload\" data-bg-image=\"url(https:\/\/universomola.com\/wp-content\/uploads\/2024\/02\/2-3.jpg)\"><img decoding=\"async\" data-src=\"https:\/\/universomola.com\/wp-content\/uploads\/2024\/02\/2-3.jpg\" width=\"522\" height=\"758\" alt=\"\" title=\"\" aria-label=\"\" class=\"img-responsive wp-image-62898 lazyload\" data-srcset=\"https:\/\/universomola.com\/wp-content\/uploads\/2024\/02\/2-3-200x290.jpg 200w, https:\/\/universomola.com\/wp-content\/uploads\/2024\/02\/2-3-400x581.jpg 400w, https:\/\/universomola.com\/wp-content\/uploads\/2024\/02\/2-3.jpg 522w\" data-sizes=\"(min-width: 2200px) 100vw, (min-width: 872px) 393px, (min-width: 756px) 590px, (min-width: 640px) 756px,\" src=\"data:image\/svg+xml;base64,PHN2ZyB3aWR0aD0iMSIgaGVpZ2h0PSIxIiB4bWxucz0iaHR0cDovL3d3dy53My5vcmcvMjAwMC9zdmciPjwvc3ZnPg==\" style=\"--smush-placeholder-width: 522px; --smush-placeholder-aspect-ratio: 522\/758;\" \/><\/div><\/div><\/div><div style=\"padding:10px;\" class=\"fusion-grid-column fusion-gallery-column fusion-gallery-column-3 hover-type-none fusion-element-portrait\"><div class=\"fusion-gallery-image\"><div style=\"background-image:inherit;padding-top:calc((100% + 20px) * 1.6);background-position:;\" class=\"fusion-masonry-element-container lazyload\" data-bg-image=\"url(https:\/\/universomola.com\/wp-content\/uploads\/2024\/02\/3-2.jpg)\"><img decoding=\"async\" data-src=\"https:\/\/universomola.com\/wp-content\/uploads\/2024\/02\/3-2.jpg\" width=\"522\" height=\"758\" alt=\"\" title=\"\" aria-label=\"\" class=\"img-responsive wp-image-62897 lazyload\" data-srcset=\"https:\/\/universomola.com\/wp-content\/uploads\/2024\/02\/3-2-200x290.jpg 200w, https:\/\/universomola.com\/wp-content\/uploads\/2024\/02\/3-2-400x581.jpg 400w, https:\/\/universomola.com\/wp-content\/uploads\/2024\/02\/3-2.jpg 522w\" data-sizes=\"(min-width: 2200px) 100vw, (min-width: 872px) 393px, (min-width: 756px) 590px, (min-width: 640px) 756px,\" src=\"data:image\/svg+xml;base64,PHN2ZyB3aWR0aD0iMSIgaGVpZ2h0PSIxIiB4bWxucz0iaHR0cDovL3d3dy53My5vcmcvMjAwMC9zdmciPjwvc3ZnPg==\" style=\"--smush-placeholder-width: 522px; --smush-placeholder-aspect-ratio: 522\/758;\" \/><\/div><\/div><\/div><\/div><\/div><\/div><\/div><\/div><\/div>","protected":false},"excerpt":{"rendered":"","protected":false},"author":9,"featured_media":0,"parent":0,"menu_order":0,"comment_status":"closed","ping_status":"closed","template":"100-width.php","meta":{"_monsterinsights_skip_tracking":false,"_monsterinsights_sitenote_active":false,"_monsterinsights_sitenote_note":"","_monsterinsights_sitenote_category":0,"footnotes":""},"class_list":["post-62895","page","type-page","status-publish","hentry"],"_links":{"self":[{"href":"https:\/\/universomola.com\/en\/wp-json\/wp\/v2\/pages\/62895","targetHints":{"allow":["GET"]}}],"collection":[{"href":"https:\/\/universomola.com\/en\/wp-json\/wp\/v2\/pages"}],"about":[{"href":"https:\/\/universomola.com\/en\/wp-json\/wp\/v2\/types\/page"}],"author":[{"embeddable":true,"href":"https:\/\/universomola.com\/en\/wp-json\/wp\/v2\/users\/9"}],"replies":[{"embeddable":true,"href":"https:\/\/universomola.com\/en\/wp-json\/wp\/v2\/comments?post=62895"}],"version-history":[{"count":1,"href":"https:\/\/universomola.com\/en\/wp-json\/wp\/v2\/pages\/62895\/revisions"}],"predecessor-version":[{"id":62900,"href":"https:\/\/universomola.com\/en\/wp-json\/wp\/v2\/pages\/62895\/revisions\/62900"}],"wp:attachment":[{"href":"https:\/\/universomola.com\/en\/wp-json\/wp\/v2\/media?parent=62895"}],"curies":[{"name":"wp","href":"https:\/\/api.w.org\/{rel}","templated":true}]}}