{"id":64680,"date":"2025-02-13T13:38:53","date_gmt":"2025-02-13T18:38:53","guid":{"rendered":"https:\/\/universomola.com\/?page_id=64680"},"modified":"2025-02-28T17:57:22","modified_gmt":"2025-02-28T22:57:22","slug":"metamorfosis-2025","status":"publish","type":"page","link":"https:\/\/universomola.com\/en\/metamorfosis-2025\/","title":{"rendered":"METAMORFOSIS 2025"},"content":{"rendered":"<p><div class=\"fusion-fullwidth fullwidth-box fusion-builder-row-1 fusion-flex-container has-pattern-background has-mask-background hundred-percent-fullwidth non-hundred-percent-height-scrolling\" style=\"--awb-border-radius-top-left:0px;--awb-border-radius-top-right:0px;--awb-border-radius-bottom-right:0px;--awb-border-radius-bottom-left:0px;--awb-flex-wrap:wrap;\" ><div class=\"fusion-builder-row fusion-row fusion-flex-align-items-flex-start fusion-flex-content-wrap\" style=\"width:104% !important;max-width:104% !important;margin-left: calc(-4% \/ 2 );margin-right: calc(-4% \/ 2 );\"><div class=\"fusion-layout-column fusion_builder_column fusion-builder-column-0 fusion_builder_column_1_1 1_1 fusion-flex-column\" style=\"--awb-bg-size:cover;--awb-width-large:100%;--awb-margin-top-large:25px;--awb-spacing-right-large:1.92%;--awb-margin-bottom-large:25px;--awb-spacing-left-large:1.92%;--awb-width-medium:100%;--awb-order-medium:0;--awb-spacing-right-medium:1.92%;--awb-spacing-left-medium:1.92%;--awb-width-small:100%;--awb-order-small:0;--awb-spacing-right-small:1.92%;--awb-spacing-left-small:1.92%;\"><div class=\"fusion-column-wrapper fusion-column-has-shadow fusion-flex-justify-content-flex-start fusion-content-layout-column\"><div class=\"fusion-image-element\" style=\"--awb-caption-title-font-family:var(--h2_typography-font-family);--awb-caption-title-font-weight:var(--h2_typography-font-weight);--awb-caption-title-font-style:var(--h2_typography-font-style);--awb-caption-title-size:var(--h2_typography-font-size);--awb-caption-title-transform:var(--h2_typography-text-transform);--awb-caption-title-line-height:var(--h2_typography-line-height);--awb-caption-title-letter-spacing:var(--h2_typography-letter-spacing);\"><span class=\"fusion-imageframe imageframe-none imageframe-1 hover-type-none\"><img decoding=\"async\" width=\"1600\" height=\"400\" title=\"Banner Google Forms\" data-src=\"https:\/\/universomola.com\/wp-content\/uploads\/2025\/02\/Banner-Google-Forms.jpg\" alt class=\"img-responsive wp-image-64681 lazyload\" data-srcset=\"https:\/\/universomola.com\/wp-content\/uploads\/2025\/02\/Banner-Google-Forms-200x50.jpg 200w, https:\/\/universomola.com\/wp-content\/uploads\/2025\/02\/Banner-Google-Forms-400x100.jpg 400w, https:\/\/universomola.com\/wp-content\/uploads\/2025\/02\/Banner-Google-Forms-600x150.jpg 600w, https:\/\/universomola.com\/wp-content\/uploads\/2025\/02\/Banner-Google-Forms-800x200.jpg 800w, https:\/\/universomola.com\/wp-content\/uploads\/2025\/02\/Banner-Google-Forms-1200x300.jpg 1200w, https:\/\/universomola.com\/wp-content\/uploads\/2025\/02\/Banner-Google-Forms.jpg 1600w\" data-sizes=\"(max-width: 875px) 100vw, (max-width: 620px) 100vw, 1200px\" src=\"data:image\/svg+xml;base64,PHN2ZyB3aWR0aD0iMSIgaGVpZ2h0PSIxIiB4bWxucz0iaHR0cDovL3d3dy53My5vcmcvMjAwMC9zdmciPjwvc3ZnPg==\" style=\"--smush-placeholder-width: 1600px; --smush-placeholder-aspect-ratio: 1600\/400;\" \/><\/span><\/div><\/div><\/div><\/div><\/div><div class=\"fusion-fullwidth fullwidth-box fusion-builder-row-2 fusion-flex-container has-pattern-background has-mask-background nonhundred-percent-fullwidth non-hundred-percent-height-scrolling\" style=\"--awb-border-radius-top-left:0px;--awb-border-radius-top-right:0px;--awb-border-radius-bottom-right:0px;--awb-border-radius-bottom-left:0px;--awb-flex-wrap:wrap;\" ><div class=\"fusion-builder-row fusion-row fusion-flex-align-items-flex-start fusion-flex-content-wrap\" style=\"max-width:1248px;margin-left: calc(-4% \/ 2 );margin-right: calc(-4% \/ 2 );\"><div class=\"fusion-layout-column fusion_builder_column fusion-builder-column-1 fusion_builder_column_1_1 1_1 fusion-flex-column\" style=\"--awb-bg-size:cover;--awb-width-large:100%;--awb-margin-top-large:25px;--awb-spacing-right-large:1.92%;--awb-margin-bottom-large:25px;--awb-spacing-left-large:1.92%;--awb-width-medium:100%;--awb-order-medium:0;--awb-spacing-right-medium:1.92%;--awb-spacing-left-medium:1.92%;--awb-width-small:100%;--awb-order-small:0;--awb-spacing-right-small:1.92%;--awb-spacing-left-small:1.92%;\"><div class=\"fusion-column-wrapper fusion-column-has-shadow fusion-flex-justify-content-flex-start fusion-content-layout-column\"><div class=\"fusion-text fusion-text-1\" style=\"--awb-content-alignment:center;--awb-font-size:30px;\"><p><span style=\"font-weight: 400;\">Nuevos ciclos de la ropa <\/span><span style=\"font-weight: 400;\">a partir de la reutilizaci\u00f3n de prendas y textiles al final de su vida \u00fatil. <\/span><\/p>\n<\/div><\/div><\/div><div class=\"fusion-layout-column fusion_builder_column fusion-builder-column-2 fusion_builder_column_1_2 1_2 fusion-flex-column fusion-flex-align-self-flex-start\" style=\"--awb-bg-size:cover;--awb-width-large:50%;--awb-margin-top-large:25px;--awb-spacing-right-large:3.84%;--awb-margin-bottom-large:25px;--awb-spacing-left-large:3.84%;--awb-width-medium:100%;--awb-order-medium:0;--awb-spacing-right-medium:1.92%;--awb-spacing-left-medium:1.92%;--awb-width-small:100%;--awb-order-small:0;--awb-spacing-right-small:1.92%;--awb-spacing-left-small:1.92%;\" data-motion-effects=\"[{&quot;type&quot;:&quot;&quot;,&quot;scroll_type&quot;:&quot;transition&quot;,&quot;scroll_direction&quot;:&quot;up&quot;,&quot;transition_speed&quot;:&quot;1&quot;,&quot;fade_type&quot;:&quot;in&quot;,&quot;scale_type&quot;:&quot;up&quot;,&quot;initial_scale&quot;:&quot;1&quot;,&quot;max_scale&quot;:&quot;1.5&quot;,&quot;min_scale&quot;:&quot;0.5&quot;,&quot;initial_rotate&quot;:&quot;0&quot;,&quot;end_rotate&quot;:&quot;30&quot;,&quot;initial_blur&quot;:&quot;0&quot;,&quot;end_blur&quot;:&quot;3&quot;,&quot;start_element&quot;:&quot;top&quot;,&quot;start_viewport&quot;:&quot;bottom&quot;,&quot;end_element&quot;:&quot;bottom&quot;,&quot;end_viewport&quot;:&quot;top&quot;,&quot;mouse_effect&quot;:&quot;track&quot;,&quot;mouse_effect_direction&quot;:&quot;opposite&quot;,&quot;mouse_effect_speed&quot;:&quot;2&quot;,&quot;infinite_animation&quot;:&quot;float&quot;,&quot;infinite_animation_speed&quot;:&quot;2&quot;}]\" data-scroll-devices=\"small-visibility,medium-visibility,large-visibility\"><div class=\"fusion-column-wrapper fusion-column-has-shadow fusion-flex-justify-content-flex-start fusion-content-layout-column\"><div class=\"fusion-image-element\" style=\"--awb-caption-title-font-family:var(--h2_typography-font-family);--awb-caption-title-font-weight:var(--h2_typography-font-weight);--awb-caption-title-font-style:var(--h2_typography-font-style);--awb-caption-title-size:var(--h2_typography-font-size);--awb-caption-title-transform:var(--h2_typography-text-transform);--awb-caption-title-line-height:var(--h2_typography-line-height);--awb-caption-title-letter-spacing:var(--h2_typography-letter-spacing);\"><span class=\"fusion-imageframe imageframe-none imageframe-2 hover-type-none\"><img decoding=\"async\" width=\"1080\" height=\"1350\" title=\"Post 1\" data-src=\"https:\/\/universomola.com\/wp-content\/uploads\/2025\/02\/Post-1.jpg\" alt class=\"img-responsive wp-image-64695 lazyload\" data-srcset=\"https:\/\/universomola.com\/wp-content\/uploads\/2025\/02\/Post-1-200x250.jpg 200w, https:\/\/universomola.com\/wp-content\/uploads\/2025\/02\/Post-1-400x500.jpg 400w, https:\/\/universomola.com\/wp-content\/uploads\/2025\/02\/Post-1-600x750.jpg 600w, https:\/\/universomola.com\/wp-content\/uploads\/2025\/02\/Post-1-800x1000.jpg 800w, https:\/\/universomola.com\/wp-content\/uploads\/2025\/02\/Post-1.jpg 1080w\" data-sizes=\"(max-width: 875px) 100vw, (max-width: 620px) 100vw, 600px\" src=\"data:image\/svg+xml;base64,PHN2ZyB3aWR0aD0iMSIgaGVpZ2h0PSIxIiB4bWxucz0iaHR0cDovL3d3dy53My5vcmcvMjAwMC9zdmciPjwvc3ZnPg==\" style=\"--smush-placeholder-width: 1080px; --smush-placeholder-aspect-ratio: 1080\/1350;\" \/><\/span><\/div><\/div><\/div><div class=\"fusion-layout-column fusion_builder_column fusion-builder-column-3 fusion_builder_column_1_2 1_2 fusion-flex-column\" style=\"--awb-bg-size:cover;--awb-width-large:50%;--awb-margin-top-large:25px;--awb-spacing-right-large:3.84%;--awb-margin-bottom-large:25px;--awb-spacing-left-large:3.84%;--awb-width-medium:100%;--awb-order-medium:0;--awb-spacing-right-medium:1.92%;--awb-spacing-left-medium:1.92%;--awb-width-small:100%;--awb-order-small:0;--awb-spacing-right-small:1.92%;--awb-spacing-left-small:1.92%;\" data-motion-effects=\"[{&quot;type&quot;:&quot;&quot;,&quot;scroll_type&quot;:&quot;transition&quot;,&quot;scroll_direction&quot;:&quot;up&quot;,&quot;transition_speed&quot;:&quot;1&quot;,&quot;fade_type&quot;:&quot;in&quot;,&quot;scale_type&quot;:&quot;up&quot;,&quot;initial_scale&quot;:&quot;1&quot;,&quot;max_scale&quot;:&quot;1.5&quot;,&quot;min_scale&quot;:&quot;0.5&quot;,&quot;initial_rotate&quot;:&quot;0&quot;,&quot;end_rotate&quot;:&quot;30&quot;,&quot;initial_blur&quot;:&quot;0&quot;,&quot;end_blur&quot;:&quot;3&quot;,&quot;start_element&quot;:&quot;top&quot;,&quot;start_viewport&quot;:&quot;bottom&quot;,&quot;end_element&quot;:&quot;bottom&quot;,&quot;end_viewport&quot;:&quot;top&quot;,&quot;mouse_effect&quot;:&quot;track&quot;,&quot;mouse_effect_direction&quot;:&quot;opposite&quot;,&quot;mouse_effect_speed&quot;:&quot;2&quot;,&quot;infinite_animation&quot;:&quot;float&quot;,&quot;infinite_animation_speed&quot;:&quot;2&quot;}]\" data-scroll-devices=\"small-visibility,medium-visibility,large-visibility\"><div class=\"fusion-column-wrapper fusion-column-has-shadow fusion-flex-justify-content-space-evenly fusion-content-layout-column\"><div class=\"fusion-text fusion-text-2\" style=\"--awb-content-alignment:left;\"><p><strong><span style=\"color: #33cccc;\">\u00bfDe qu\u00e9 trata?<\/span><\/strong><\/p>\n<p><span style=\"font-weight: 400;\">Es un concurso de dise\u00f1o de modas a trav\u00e9s de la t\u00e9cnica del <\/span><i><span style=\"font-weight: 400;\">upcycling <\/span><\/i><span style=\"font-weight: 400;\">(suprarreciclaje) enfocado a estudiantes universitarios de M\u00e9xico y vinculando a profesionales y empresas de la industria con desperdicio textil pre-consumo, generando as\u00ed un compromiso ambiental y social de estas, y una soluci\u00f3n a la problem\u00e1tica que comparten.\u00a0<\/span><\/p>\n<p><span style=\"color: #33cccc;\"><b>Objetivos:<\/b><\/span><\/p>\n<ul>\n<li style=\"font-weight: 400;\" aria-level=\"1\"><span style=\"font-weight: 400;\">Introducir herramientas de dise\u00f1o sostenible y regenerativo a las nuevas generaciones de profesionales de M\u00e9xico.<\/span><\/li>\n<li style=\"font-weight: 400;\" aria-level=\"1\"><span style=\"font-weight: 400;\">Amplificar y posicionar el trabajo del movimiento de moda sostenible latinoamericana, Universo MOLA en M\u00e9xico, a trav\u00e9s de la creaci\u00f3n de comunidad y conexiones con la industria local.\u00a0<\/span><\/li>\n<li style=\"font-weight: 400;\" aria-level=\"1\"><span style=\"font-weight: 400;\">Vincular a los nuevos profesionales de la moda mexicana con el mundo laboral y con instancias internacionales que exigen diferentes est\u00e1ndares.\u00a0<\/span><\/li>\n<li style=\"font-weight: 400;\" aria-level=\"1\"><span style=\"font-weight: 400;\">Posicionar a Hussar como colaborador y agente de cambio en temas upcycling en M\u00e9xico.\u00a0\u00a0<\/span><\/li>\n<\/ul>\n<\/div><div class=\"fusion-text fusion-text-3\"><\/div><div style=\"text-align:center;\"><a class=\"fusion-button button-flat fusion-button-default-size button-default fusion-button-default button-1 fusion-button-default-span fusion-button-default-type\" target=\"_self\" href=\" https:\/\/drive.google.com\/file\/d\/1KBvGRfRh8nW3nIpPPCRFQT3O91gc7NXY\/view?usp=share_link\"><span class=\"fusion-button-text\">CONOCE M\u00c1S<\/span><\/a><\/div><\/div><\/div><div class=\"fusion-layout-column fusion_builder_column fusion-builder-column-4 fusion_builder_column_1_2 1_2 fusion-flex-column fusion-flex-align-self-stretch\" style=\"--awb-bg-size:cover;--awb-width-large:50%;--awb-margin-top-large:25px;--awb-spacing-right-large:3.84%;--awb-margin-bottom-large:25px;--awb-spacing-left-large:3.84%;--awb-width-medium:100%;--awb-order-medium:0;--awb-spacing-right-medium:1.92%;--awb-spacing-left-medium:1.92%;--awb-width-small:100%;--awb-order-small:0;--awb-spacing-right-small:1.92%;--awb-spacing-left-small:1.92%;\" data-motion-effects=\"[{&quot;type&quot;:&quot;&quot;,&quot;scroll_type&quot;:&quot;transition&quot;,&quot;scroll_direction&quot;:&quot;up&quot;,&quot;transition_speed&quot;:&quot;1&quot;,&quot;fade_type&quot;:&quot;in&quot;,&quot;scale_type&quot;:&quot;up&quot;,&quot;initial_scale&quot;:&quot;1&quot;,&quot;max_scale&quot;:&quot;1.5&quot;,&quot;min_scale&quot;:&quot;0.5&quot;,&quot;initial_rotate&quot;:&quot;0&quot;,&quot;end_rotate&quot;:&quot;30&quot;,&quot;initial_blur&quot;:&quot;0&quot;,&quot;end_blur&quot;:&quot;3&quot;,&quot;start_element&quot;:&quot;top&quot;,&quot;start_viewport&quot;:&quot;bottom&quot;,&quot;end_element&quot;:&quot;bottom&quot;,&quot;end_viewport&quot;:&quot;top&quot;,&quot;mouse_effect&quot;:&quot;track&quot;,&quot;mouse_effect_direction&quot;:&quot;opposite&quot;,&quot;mouse_effect_speed&quot;:&quot;2&quot;,&quot;infinite_animation&quot;:&quot;float&quot;,&quot;infinite_animation_speed&quot;:&quot;2&quot;}]\" data-scroll-devices=\"small-visibility,medium-visibility,large-visibility\"><div class=\"fusion-column-wrapper fusion-column-has-shadow fusion-flex-justify-content-space-evenly fusion-content-layout-column\"><div class=\"fusion-text fusion-text-4\" style=\"--awb-content-alignment:left;\"><p><strong><span style=\"color: #33cccc;\">\u00bfQui\u00e9n puede participar?<\/span><\/strong><\/p>\n<p><span style=\"font-weight: 400;\">El concurso se encuentra abierto para estudiantes de carreras de dise\u00f1o de modas de universidades y centros de formaci\u00f3n de todo M\u00e9xico, siendo mayores de 18 a\u00f1os y comprometidos a participar de todas las actividades que el concurso lleva adelante.\u00a0<\/span><\/p>\n<p><strong><span style=\"color: #33cccc;\">\u00bfQu\u00e9 necesitas para participar?<\/span><\/strong><\/p>\n<ol>\n<li style=\"font-weight: 400;\" aria-level=\"1\"><span style=\"font-weight: 400;\">P\u00e1rrafo de 300 palabras indicando su inter\u00e9s en participar.<\/span><\/li>\n<li style=\"font-weight: 400;\" aria-level=\"1\"><span style=\"font-weight: 400;\">Datos de contacto al d\u00eda y bien escritos.<\/span><\/li>\n<li style=\"font-weight: 400;\" aria-level=\"1\"><span style=\"font-weight: 400;\">Fotograf\u00eda tipo <\/span><i><span style=\"font-weight: 400;\">headshot.<\/span><\/i><\/li>\n<li style=\"font-weight: 400;\" aria-level=\"1\"><span style=\"font-weight: 400;\">El participante deber\u00e1 preparar un book digital del look a presentar que incluye: concepto, inspiraci\u00f3n, moodboards, proceso de dise\u00f1o, bocetos, entre otros.\u00a0<\/span><\/li>\n<li style=\"font-weight: 400;\" aria-level=\"1\"><span style=\"font-weight: 400;\">El participante deber\u00e1 entregar, tambi\u00e9n, un video horizontal y fotos en donde se muestren detalles, confecci\u00f3n, totalidad del look a presentar, una vez terminado de confeccionar.\u00a0<\/span><\/li>\n<\/ol>\n<\/div><div class=\"fusion-text fusion-text-5\"><\/div><div style=\"text-align:center;\"><a class=\"fusion-button button-flat fusion-button-default-size button-default fusion-button-default button-2 fusion-button-default-span fusion-button-default-type\" target=\"_self\" href=\"https:\/\/docs.google.com\/document\/d\/1BgM8jeOZaDQxT1aetYFZwC0YnaAQI28B0v6uQSWEkfQ\/edit?tab=t.0\"><span class=\"fusion-button-text\">CONOCE LAS BASES<\/span><\/a><\/div><div style=\"text-align:center;\"><a class=\"fusion-button button-flat fusion-button-default-size button-default fusion-button-default button-3 fusion-button-default-span fusion-button-default-type\" target=\"_self\" href=\"https:\/\/forms.gle\/MTfbGRQkQdTaJynDA\"><span class=\"fusion-button-text\">INSCR\u00cdBETE AQU\u00cd<\/span><\/a><\/div><\/div><\/div><div class=\"fusion-layout-column fusion_builder_column fusion-builder-column-5 fusion_builder_column_1_2 1_2 fusion-flex-column\" style=\"--awb-bg-size:cover;--awb-width-large:50%;--awb-margin-top-large:25px;--awb-spacing-right-large:3.84%;--awb-margin-bottom-large:25px;--awb-spacing-left-large:3.84%;--awb-width-medium:100%;--awb-order-medium:0;--awb-spacing-right-medium:1.92%;--awb-spacing-left-medium:1.92%;--awb-width-small:100%;--awb-order-small:0;--awb-spacing-right-small:1.92%;--awb-spacing-left-small:1.92%;\"><div class=\"fusion-column-wrapper fusion-column-has-shadow fusion-flex-justify-content-flex-start fusion-content-layout-column\"><div class=\"fusion-image-element\" style=\"--awb-caption-title-font-family:var(--h2_typography-font-family);--awb-caption-title-font-weight:var(--h2_typography-font-weight);--awb-caption-title-font-style:var(--h2_typography-font-style);--awb-caption-title-size:var(--h2_typography-font-size);--awb-caption-title-transform:var(--h2_typography-text-transform);--awb-caption-title-line-height:var(--h2_typography-line-height);--awb-caption-title-letter-spacing:var(--h2_typography-letter-spacing);\"><span class=\"fusion-imageframe imageframe-none imageframe-3 hover-type-none\"><img decoding=\"async\" width=\"1080\" height=\"1350\" title=\"Post 2\" data-src=\"https:\/\/universomola.com\/wp-content\/uploads\/2025\/02\/Post-2.jpg\" alt class=\"img-responsive wp-image-64700 lazyload\" data-srcset=\"https:\/\/universomola.com\/wp-content\/uploads\/2025\/02\/Post-2-200x250.jpg 200w, https:\/\/universomola.com\/wp-content\/uploads\/2025\/02\/Post-2-400x500.jpg 400w, https:\/\/universomola.com\/wp-content\/uploads\/2025\/02\/Post-2-600x750.jpg 600w, https:\/\/universomola.com\/wp-content\/uploads\/2025\/02\/Post-2-800x1000.jpg 800w, https:\/\/universomola.com\/wp-content\/uploads\/2025\/02\/Post-2.jpg 1080w\" data-sizes=\"(max-width: 875px) 100vw, (max-width: 620px) 100vw, 600px\" src=\"data:image\/svg+xml;base64,PHN2ZyB3aWR0aD0iMSIgaGVpZ2h0PSIxIiB4bWxucz0iaHR0cDovL3d3dy53My5vcmcvMjAwMC9zdmciPjwvc3ZnPg==\" style=\"--smush-placeholder-width: 1080px; --smush-placeholder-aspect-ratio: 1080\/1350;\" \/><\/span><\/div><\/div><\/div><\/div><\/div><div class=\"fusion-fullwidth fullwidth-box fusion-builder-row-3 fusion-flex-container has-pattern-background has-mask-background nonhundred-percent-fullwidth non-hundred-percent-height-scrolling\" style=\"--awb-border-radius-top-left:0px;--awb-border-radius-top-right:0px;--awb-border-radius-bottom-right:0px;--awb-border-radius-bottom-left:0px;--awb-flex-wrap:wrap;\" ><div class=\"fusion-builder-row fusion-row fusion-flex-align-items-flex-start fusion-flex-content-wrap\" style=\"max-width:1248px;margin-left: calc(-4% \/ 2 );margin-right: calc(-4% \/ 2 );\"><div class=\"fusion-layout-column fusion_builder_column fusion-builder-column-6 fusion_builder_column_1_1 1_1 fusion-flex-column\" style=\"--awb-bg-size:cover;--awb-width-large:100%;--awb-margin-top-large:25px;--awb-spacing-right-large:1.92%;--awb-margin-bottom-large:25px;--awb-spacing-left-large:1.92%;--awb-width-medium:100%;--awb-order-medium:0;--awb-spacing-right-medium:1.92%;--awb-spacing-left-medium:1.92%;--awb-width-small:100%;--awb-order-small:0;--awb-spacing-right-small:1.92%;--awb-spacing-left-small:1.92%;\"><div class=\"fusion-column-wrapper fusion-column-has-shadow fusion-flex-justify-content-flex-start fusion-content-layout-column\"><div class=\"fusion-title title fusion-title-1 fusion-title-center fusion-title-text fusion-title-size-one\" style=\"--awb-text-color:var(--awb-color3);\"><div class=\"title-sep-container title-sep-container-left\"><div class=\"title-sep sep-single sep-solid\" style=\"border-color:rgba(40,45,51,0.1);\"><\/div><\/div><span class=\"awb-title-spacer\"><\/span><h1 class=\"fusion-title-heading title-heading-center fusion-responsive-typography-calculated\" style=\"margin:0;--fontSize:80;line-height:1.2;\"><p style=\"text-align: center;\">ALLIES<\/p><\/h1><span class=\"awb-title-spacer\"><\/span><div class=\"title-sep-container title-sep-container-right\"><div class=\"title-sep sep-single sep-solid\" style=\"border-color:rgba(40,45,51,0.1);\"><\/div><\/div><\/div><div class=\"fusion-image-carousel fusion-image-carousel-auto fusion-image-carousel-1 fusion-carousel-border\"><div class=\"awb-carousel awb-swiper awb-swiper-carousel\" data-autoplay=\"no\" data-columns=\"5\" data-itemmargin=\"13\" data-itemwidth=\"180\" data-touchscroll=\"no\" data-imagesize=\"auto\"><div class=\"swiper-wrapper awb-image-carousel-wrapper fusion-flex-align-items-center\"><div class=\"swiper-slide\"><div class=\"fusion-carousel-item-wrapper\"><div class=\"fusion-image-wrapper hover-type-none\"><img decoding=\"async\" width=\"916\" height=\"614\" data-src=\"https:\/\/universomola.com\/wp-content\/uploads\/2025\/02\/Captura-de-pantalla-2025-02-13-a-las-12.12.43.png\" class=\"attachment-full size-full lazyload\" alt=\"\" data-srcset=\"https:\/\/universomola.com\/wp-content\/uploads\/2025\/02\/Captura-de-pantalla-2025-02-13-a-las-12.12.43-200x134.png 200w, https:\/\/universomola.com\/wp-content\/uploads\/2025\/02\/Captura-de-pantalla-2025-02-13-a-las-12.12.43-400x268.png 400w, https:\/\/universomola.com\/wp-content\/uploads\/2025\/02\/Captura-de-pantalla-2025-02-13-a-las-12.12.43-600x402.png 600w, https:\/\/universomola.com\/wp-content\/uploads\/2025\/02\/Captura-de-pantalla-2025-02-13-a-las-12.12.43-800x536.png 800w, https:\/\/universomola.com\/wp-content\/uploads\/2025\/02\/Captura-de-pantalla-2025-02-13-a-las-12.12.43.png 916w\" data-sizes=\"(min-width: 2200px) 100vw, (min-width: 872px) 391px, (min-width: 756px) 587px, (min-width: 640px) 756px,\" src=\"data:image\/svg+xml;base64,PHN2ZyB3aWR0aD0iMSIgaGVpZ2h0PSIxIiB4bWxucz0iaHR0cDovL3d3dy53My5vcmcvMjAwMC9zdmciPjwvc3ZnPg==\" style=\"--smush-placeholder-width: 916px; --smush-placeholder-aspect-ratio: 916\/614;\" \/><\/div><\/div><\/div><div class=\"swiper-slide\"><div class=\"fusion-carousel-item-wrapper\"><div class=\"fusion-image-wrapper hover-type-none\"><img decoding=\"async\" width=\"200\" height=\"198\" data-src=\"https:\/\/universomola.com\/wp-content\/uploads\/2025\/02\/Captura-de-pantalla-2025-02-13-a-las-12.12.24-e1739470878768.png\" class=\"attachment-full size-full lazyload\" alt=\"\" src=\"data:image\/svg+xml;base64,PHN2ZyB3aWR0aD0iMSIgaGVpZ2h0PSIxIiB4bWxucz0iaHR0cDovL3d3dy53My5vcmcvMjAwMC9zdmciPjwvc3ZnPg==\" style=\"--smush-placeholder-width: 200px; --smush-placeholder-aspect-ratio: 200\/198;\" \/><\/div><\/div><\/div><div class=\"swiper-slide\"><div class=\"fusion-carousel-item-wrapper\"><div class=\"fusion-image-wrapper hover-type-none\"><img decoding=\"async\" width=\"886\" height=\"488\" data-src=\"https:\/\/universomola.com\/wp-content\/uploads\/2025\/02\/Captura-de-pantalla-2025-02-13-a-las-12.12.10.png\" class=\"attachment-full size-full lazyload\" alt=\"\" data-srcset=\"https:\/\/universomola.com\/wp-content\/uploads\/2025\/02\/Captura-de-pantalla-2025-02-13-a-las-12.12.10-200x110.png 200w, https:\/\/universomola.com\/wp-content\/uploads\/2025\/02\/Captura-de-pantalla-2025-02-13-a-las-12.12.10-400x220.png 400w, https:\/\/universomola.com\/wp-content\/uploads\/2025\/02\/Captura-de-pantalla-2025-02-13-a-las-12.12.10-600x330.png 600w, https:\/\/universomola.com\/wp-content\/uploads\/2025\/02\/Captura-de-pantalla-2025-02-13-a-las-12.12.10-800x441.png 800w, https:\/\/universomola.com\/wp-content\/uploads\/2025\/02\/Captura-de-pantalla-2025-02-13-a-las-12.12.10.png 886w\" data-sizes=\"(min-width: 2200px) 100vw, (min-width: 872px) 391px, (min-width: 756px) 587px, (min-width: 640px) 756px,\" src=\"data:image\/svg+xml;base64,PHN2ZyB3aWR0aD0iMSIgaGVpZ2h0PSIxIiB4bWxucz0iaHR0cDovL3d3dy53My5vcmcvMjAwMC9zdmciPjwvc3ZnPg==\" style=\"--smush-placeholder-width: 886px; --smush-placeholder-aspect-ratio: 886\/488;\" \/><\/div><\/div><\/div><\/div><div class=\"awb-swiper-button awb-swiper-button-prev\"><i class=\"awb-icon-angle-left\" aria-hidden=\"true\"><\/i><\/div><div class=\"awb-swiper-button awb-swiper-button-next\"><i class=\"awb-icon-angle-right\" aria-hidden=\"true\"><\/i><\/div><\/div><\/div><\/div><\/div><\/div><\/div><\/p>","protected":false},"excerpt":{"rendered":"","protected":false},"author":7,"featured_media":0,"parent":0,"menu_order":0,"comment_status":"closed","ping_status":"closed","template":"100-width.php","meta":{"_monsterinsights_skip_tracking":false,"_monsterinsights_sitenote_active":false,"_monsterinsights_sitenote_note":"","_monsterinsights_sitenote_category":0,"footnotes":""},"class_list":["post-64680","page","type-page","status-publish","hentry"],"_links":{"self":[{"href":"https:\/\/universomola.com\/en\/wp-json\/wp\/v2\/pages\/64680","targetHints":{"allow":["GET"]}}],"collection":[{"href":"https:\/\/universomola.com\/en\/wp-json\/wp\/v2\/pages"}],"about":[{"href":"https:\/\/universomola.com\/en\/wp-json\/wp\/v2\/types\/page"}],"author":[{"embeddable":true,"href":"https:\/\/universomola.com\/en\/wp-json\/wp\/v2\/users\/7"}],"replies":[{"embeddable":true,"href":"https:\/\/universomola.com\/en\/wp-json\/wp\/v2\/comments?post=64680"}],"version-history":[{"count":5,"href":"https:\/\/universomola.com\/en\/wp-json\/wp\/v2\/pages\/64680\/revisions"}],"predecessor-version":[{"id":65016,"href":"https:\/\/universomola.com\/en\/wp-json\/wp\/v2\/pages\/64680\/revisions\/65016"}],"wp:attachment":[{"href":"https:\/\/universomola.com\/en\/wp-json\/wp\/v2\/media?parent=64680"}],"curies":[{"name":"wp","href":"https:\/\/api.w.org\/{rel}","templated":true}]}}