{"id":65081,"date":"2025-03-17T12:29:50","date_gmt":"2025-03-17T17:29:50","guid":{"rendered":"https:\/\/universomola.com\/?page_id=65081"},"modified":"2025-03-18T23:21:55","modified_gmt":"2025-03-19T04:21:55","slug":"viaje-a-europa-2025","status":"publish","type":"page","link":"https:\/\/universomola.com\/en\/viaje-a-europa-2025\/","title":{"rendered":"Viaje a Europa 2025"},"content":{"rendered":"<p><div class=\"fusion-fullwidth fullwidth-box fusion-builder-row-1 fusion-flex-container has-pattern-background has-mask-background hundred-percent-fullwidth non-hundred-percent-height-scrolling\" style=\"--awb-border-radius-top-left:0px;--awb-border-radius-top-right:0px;--awb-border-radius-bottom-right:0px;--awb-border-radius-bottom-left:0px;--awb-flex-wrap:wrap;\" ><div class=\"fusion-builder-row fusion-row fusion-flex-align-items-flex-start fusion-flex-content-wrap\" style=\"width:104% !important;max-width:104% !important;margin-left: calc(-4% \/ 2 );margin-right: calc(-4% \/ 2 );\"><div class=\"fusion-layout-column fusion_builder_column fusion-builder-column-0 fusion_builder_column_1_1 1_1 fusion-flex-column\" style=\"--awb-bg-size:cover;--awb-width-large:100%;--awb-margin-top-large:25px;--awb-spacing-right-large:1.92%;--awb-margin-bottom-large:25px;--awb-spacing-left-large:1.92%;--awb-width-medium:100%;--awb-order-medium:0;--awb-spacing-right-medium:1.92%;--awb-spacing-left-medium:1.92%;--awb-width-small:100%;--awb-order-small:0;--awb-spacing-right-small:1.92%;--awb-spacing-left-small:1.92%;\"><div class=\"fusion-column-wrapper fusion-column-has-shadow fusion-flex-justify-content-flex-start fusion-content-layout-column\"><div class=\"fusion-image-element\" style=\"--awb-caption-title-font-family:var(--h2_typography-font-family);--awb-caption-title-font-weight:var(--h2_typography-font-weight);--awb-caption-title-font-style:var(--h2_typography-font-style);--awb-caption-title-size:var(--h2_typography-font-size);--awb-caption-title-transform:var(--h2_typography-text-transform);--awb-caption-title-line-height:var(--h2_typography-line-height);--awb-caption-title-letter-spacing:var(--h2_typography-letter-spacing);\"><span class=\"fusion-imageframe imageframe-none imageframe-1 hover-type-none\"><img decoding=\"async\" width=\"2667\" height=\"1340\" title=\"BAnnerViaje\" data-src=\"https:\/\/universomola.com\/wp-content\/uploads\/2025\/03\/BAnnerViaje.png\" alt class=\"img-responsive wp-image-65082 lazyload\" data-srcset=\"https:\/\/universomola.com\/wp-content\/uploads\/2025\/03\/BAnnerViaje-200x100.png 200w, https:\/\/universomola.com\/wp-content\/uploads\/2025\/03\/BAnnerViaje-400x201.png 400w, https:\/\/universomola.com\/wp-content\/uploads\/2025\/03\/BAnnerViaje-600x301.png 600w, https:\/\/universomola.com\/wp-content\/uploads\/2025\/03\/BAnnerViaje-800x402.png 800w, https:\/\/universomola.com\/wp-content\/uploads\/2025\/03\/BAnnerViaje-1200x603.png 1200w, https:\/\/universomola.com\/wp-content\/uploads\/2025\/03\/BAnnerViaje.png 2667w\" data-sizes=\"(max-width: 875px) 100vw, (max-width: 620px) 100vw, 1200px\" src=\"data:image\/svg+xml;base64,PHN2ZyB3aWR0aD0iMSIgaGVpZ2h0PSIxIiB4bWxucz0iaHR0cDovL3d3dy53My5vcmcvMjAwMC9zdmciPjwvc3ZnPg==\" style=\"--smush-placeholder-width: 2667px; --smush-placeholder-aspect-ratio: 2667\/1340;\" \/><\/span><\/div><\/div><\/div><\/div><\/div><div class=\"fusion-fullwidth fullwidth-box fusion-builder-row-2 fusion-flex-container has-pattern-background has-mask-background nonhundred-percent-fullwidth non-hundred-percent-height-scrolling\" style=\"--awb-border-radius-top-left:0px;--awb-border-radius-top-right:0px;--awb-border-radius-bottom-right:0px;--awb-border-radius-bottom-left:0px;--awb-flex-wrap:wrap;\" ><div class=\"fusion-builder-row fusion-row fusion-flex-align-items-center fusion-flex-content-wrap\" style=\"max-width:1248px;margin-left: calc(-4% \/ 2 );margin-right: calc(-4% \/ 2 );\"><div class=\"fusion-layout-column fusion_builder_column fusion-builder-column-1 fusion_builder_column_1_2 1_2 fusion-flex-column\" style=\"--awb-bg-size:cover;--awb-width-large:50%;--awb-margin-top-large:25px;--awb-spacing-right-large:3.84%;--awb-margin-bottom-large:25px;--awb-spacing-left-large:3.84%;--awb-width-medium:100%;--awb-order-medium:0;--awb-spacing-right-medium:1.92%;--awb-spacing-left-medium:1.92%;--awb-width-small:100%;--awb-order-small:0;--awb-spacing-right-small:1.92%;--awb-spacing-left-small:1.92%;\"><div class=\"fusion-column-wrapper fusion-column-has-shadow fusion-flex-justify-content-flex-start fusion-content-layout-column\"><div class=\"fusion-image-element\" style=\"--awb-caption-title-font-family:var(--h2_typography-font-family);--awb-caption-title-font-weight:var(--h2_typography-font-weight);--awb-caption-title-font-style:var(--h2_typography-font-style);--awb-caption-title-size:var(--h2_typography-font-size);--awb-caption-title-transform:var(--h2_typography-text-transform);--awb-caption-title-line-height:var(--h2_typography-line-height);--awb-caption-title-letter-spacing:var(--h2_typography-letter-spacing);\"><span class=\"fusion-imageframe imageframe-none imageframe-2 hover-type-none\"><img decoding=\"async\" width=\"1024\" height=\"682\" title=\"photo_2025-03-14 14.12.48\" data-src=\"https:\/\/universomola.com\/wp-content\/uploads\/2025\/03\/photo_2025-03-14-14.12.48-1024x682.jpeg\" alt class=\"img-responsive wp-image-65084 lazyload\" data-srcset=\"https:\/\/universomola.com\/wp-content\/uploads\/2025\/03\/photo_2025-03-14-14.12.48-200x133.jpeg 200w, https:\/\/universomola.com\/wp-content\/uploads\/2025\/03\/photo_2025-03-14-14.12.48-400x267.jpeg 400w, https:\/\/universomola.com\/wp-content\/uploads\/2025\/03\/photo_2025-03-14-14.12.48-600x400.jpeg 600w, https:\/\/universomola.com\/wp-content\/uploads\/2025\/03\/photo_2025-03-14-14.12.48-800x533.jpeg 800w, https:\/\/universomola.com\/wp-content\/uploads\/2025\/03\/photo_2025-03-14-14.12.48-1200x800.jpeg 1200w, https:\/\/universomola.com\/wp-content\/uploads\/2025\/03\/photo_2025-03-14-14.12.48.jpeg 1280w\" data-sizes=\"(max-width: 875px) 100vw, (max-width: 620px) 100vw, 600px\" src=\"data:image\/svg+xml;base64,PHN2ZyB3aWR0aD0iMSIgaGVpZ2h0PSIxIiB4bWxucz0iaHR0cDovL3d3dy53My5vcmcvMjAwMC9zdmciPjwvc3ZnPg==\" style=\"--smush-placeholder-width: 1024px; --smush-placeholder-aspect-ratio: 1024\/682;\" \/><\/span><\/div><\/div><\/div><div class=\"fusion-layout-column fusion_builder_column fusion-builder-column-2 fusion_builder_column_1_2 1_2 fusion-flex-column\" style=\"--awb-bg-size:cover;--awb-width-large:50%;--awb-margin-top-large:25px;--awb-spacing-right-large:3.84%;--awb-margin-bottom-large:25px;--awb-spacing-left-large:3.84%;--awb-width-medium:100%;--awb-order-medium:0;--awb-spacing-right-medium:1.92%;--awb-spacing-left-medium:1.92%;--awb-width-small:100%;--awb-order-small:0;--awb-spacing-right-small:1.92%;--awb-spacing-left-small:1.92%;\"><div class=\"fusion-column-wrapper fusion-column-has-shadow fusion-flex-justify-content-flex-start fusion-content-layout-column\"><div class=\"fusion-text fusion-text-1\"><p class=\"p1\"><span style=\"color: #33cccc;\"><strong>PROPOSAL - FASHION TRAVEL EXPERIENCE<\/strong><\/span><\/p>\n<p class=\"p1\">Una experiencia inmersiva en Barcelona y Mil\u00e1n, en la que los participantes podr\u00e1n vivir y participar, en las sedes de IED y otros puntos de las ciudades, en actividades inspiradoras relacionadas al mundo del dise\u00f1o, la moda, la innovaci\u00f3n y las tendencias con un enfoque sobre la sostenibilidad. La agenda de actividades est\u00e1 dise\u00f1ada y conducida por profesionales del sector que aportan sus conocimientos a trav\u00e9s de su visi\u00f3n hol\u00edstica.<\/p>\n<\/div><div ><a class=\"fusion-button button-flat button-large button-default fusion-button-default button-1 fusion-button-default-span fusion-button-default-type\" target=\"_self\" href=\"https:\/\/drive.google.com\/file\/d\/1B_WFGD9HaB5BYrqmgkT9H4yM1ps1fg9s\/view\"><span class=\"fusion-button-text\">CONOCE LA PROGRAMACI\u00d3N AQU\u00cd<\/span><\/a><\/div><\/div><\/div><\/div><\/div><div class=\"fusion-fullwidth fullwidth-box fusion-builder-row-3 fusion-flex-container has-pattern-background has-mask-background nonhundred-percent-fullwidth non-hundred-percent-height-scrolling\" style=\"--awb-border-radius-top-left:0px;--awb-border-radius-top-right:0px;--awb-border-radius-bottom-right:0px;--awb-border-radius-bottom-left:0px;--awb-flex-wrap:wrap;\" ><div class=\"fusion-builder-row fusion-row fusion-flex-align-items-center fusion-flex-content-wrap\" style=\"max-width:1248px;margin-left: calc(-4% \/ 2 );margin-right: calc(-4% \/ 2 );\"><div class=\"fusion-layout-column fusion_builder_column fusion-builder-column-3 fusion_builder_column_1_2 1_2 fusion-flex-column\" style=\"--awb-bg-size:cover;--awb-width-large:50%;--awb-margin-top-large:25px;--awb-spacing-right-large:3.84%;--awb-margin-bottom-large:25px;--awb-spacing-left-large:3.84%;--awb-width-medium:100%;--awb-order-medium:0;--awb-spacing-right-medium:1.92%;--awb-spacing-left-medium:1.92%;--awb-width-small:100%;--awb-order-small:0;--awb-spacing-right-small:1.92%;--awb-spacing-left-small:1.92%;\"><div class=\"fusion-column-wrapper fusion-column-has-shadow fusion-flex-justify-content-flex-start fusion-content-layout-column\"><div class=\"fusion-text fusion-text-2\"><p class=\"p1\"><span style=\"color: #33cccc;\"><strong>OBJECTIVE<\/strong><\/span><\/p>\n<p class=\"p1\">Participaci\u00f3n en una experiencia formativa organizada por Universo MOLA con la colaboraci\u00f3n acad\u00e9mica de IED.<\/p>\n<\/div><div class=\"fusion-text fusion-text-3\"><p class=\"p1\"><span style=\"color: #33cccc;\"><strong>DATES\/PERIODS<\/strong><\/span><\/p>\n<p class=\"p1\">Entre 9 y 15 de octubre, 2025<\/p>\n<p class=\"p1\"><span style=\"color: #33cccc;\"><strong>STRUCTURE and LOCATION<\/strong><\/span><\/p>\n<p class=\"p1\">9 y 10 de octubre: Barcelona<\/p>\n<p class=\"p1\">14 y 15 de octubre: Mil\u00e1n<\/p>\n<p class=\"p1\"><span style=\"color: #33cccc;\"><strong>IDIOMA:<\/strong><\/span><\/p>\n<p class=\"p1\">English and Spanish<\/p>\n<\/div><div style=\"text-align:center;\"><a class=\"fusion-button button-flat button-large button-default fusion-button-default button-2 fusion-button-default-span fusion-button-default-type\" target=\"_self\" href=\"https:\/\/forms.gle\/x1PyQa8ujz26B3HZ8\"><span class=\"fusion-button-text\">INSCR\u00cdBETE AQU\u00cd<\/span><\/a><\/div><\/div><\/div><div class=\"fusion-layout-column fusion_builder_column fusion-builder-column-4 fusion_builder_column_1_2 1_2 fusion-flex-column\" style=\"--awb-bg-size:cover;--awb-width-large:50%;--awb-margin-top-large:25px;--awb-spacing-right-large:3.84%;--awb-margin-bottom-large:25px;--awb-spacing-left-large:3.84%;--awb-width-medium:100%;--awb-order-medium:0;--awb-spacing-right-medium:1.92%;--awb-spacing-left-medium:1.92%;--awb-width-small:100%;--awb-order-small:0;--awb-spacing-right-small:1.92%;--awb-spacing-left-small:1.92%;\"><div class=\"fusion-column-wrapper fusion-column-has-shadow fusion-flex-justify-content-flex-start fusion-content-layout-column\"><div class=\"fusion-image-element\" style=\"--awb-caption-title-font-family:var(--h2_typography-font-family);--awb-caption-title-font-weight:var(--h2_typography-font-weight);--awb-caption-title-font-style:var(--h2_typography-font-style);--awb-caption-title-size:var(--h2_typography-font-size);--awb-caption-title-transform:var(--h2_typography-text-transform);--awb-caption-title-line-height:var(--h2_typography-line-height);--awb-caption-title-letter-spacing:var(--h2_typography-letter-spacing);\"><span class=\"fusion-imageframe imageframe-none imageframe-3 hover-type-none\"><img decoding=\"async\" width=\"1024\" height=\"682\" title=\"photo_2025-03-14 14.12.58\" data-src=\"https:\/\/universomola.com\/wp-content\/uploads\/2025\/03\/photo_2025-03-14-14.12.58-1024x682.jpeg\" alt class=\"img-responsive wp-image-65087 lazyload\" data-srcset=\"https:\/\/universomola.com\/wp-content\/uploads\/2025\/03\/photo_2025-03-14-14.12.58-200x133.jpeg 200w, https:\/\/universomola.com\/wp-content\/uploads\/2025\/03\/photo_2025-03-14-14.12.58-400x267.jpeg 400w, https:\/\/universomola.com\/wp-content\/uploads\/2025\/03\/photo_2025-03-14-14.12.58-600x400.jpeg 600w, https:\/\/universomola.com\/wp-content\/uploads\/2025\/03\/photo_2025-03-14-14.12.58-800x533.jpeg 800w, https:\/\/universomola.com\/wp-content\/uploads\/2025\/03\/photo_2025-03-14-14.12.58.jpeg 1181w\" data-sizes=\"(max-width: 875px) 100vw, (max-width: 620px) 100vw, 600px\" src=\"data:image\/svg+xml;base64,PHN2ZyB3aWR0aD0iMSIgaGVpZ2h0PSIxIiB4bWxucz0iaHR0cDovL3d3dy53My5vcmcvMjAwMC9zdmciPjwvc3ZnPg==\" style=\"--smush-placeholder-width: 1024px; --smush-placeholder-aspect-ratio: 1024\/682;\" \/><\/span><\/div><\/div><\/div><\/div><\/div><div class=\"fusion-fullwidth fullwidth-box fusion-builder-row-4 fusion-flex-container has-pattern-background has-mask-background nonhundred-percent-fullwidth non-hundred-percent-height-scrolling\" style=\"--awb-border-radius-top-left:0px;--awb-border-radius-top-right:0px;--awb-border-radius-bottom-right:0px;--awb-border-radius-bottom-left:0px;--awb-flex-wrap:wrap;\" ><div class=\"fusion-builder-row fusion-row fusion-flex-align-items-flex-start fusion-flex-content-wrap\" style=\"max-width:1248px;margin-left: calc(-4% \/ 2 );margin-right: calc(-4% \/ 2 );\"><div class=\"fusion-layout-column fusion_builder_column fusion-builder-column-5 fusion_builder_column_1_1 1_1 fusion-flex-column\" style=\"--awb-bg-size:cover;--awb-width-large:100%;--awb-margin-top-large:25px;--awb-spacing-right-large:1.92%;--awb-margin-bottom-large:25px;--awb-spacing-left-large:1.92%;--awb-width-medium:100%;--awb-order-medium:0;--awb-spacing-right-medium:1.92%;--awb-spacing-left-medium:1.92%;--awb-width-small:100%;--awb-order-small:0;--awb-spacing-right-small:1.92%;--awb-spacing-left-small:1.92%;\"><div class=\"fusion-column-wrapper fusion-column-has-shadow fusion-flex-justify-content-flex-start fusion-content-layout-column\"><div class=\"fusion-image-element\" style=\"text-align:center;--awb-caption-title-font-family:var(--h2_typography-font-family);--awb-caption-title-font-weight:var(--h2_typography-font-weight);--awb-caption-title-font-style:var(--h2_typography-font-style);--awb-caption-title-size:var(--h2_typography-font-size);--awb-caption-title-transform:var(--h2_typography-text-transform);--awb-caption-title-line-height:var(--h2_typography-line-height);--awb-caption-title-letter-spacing:var(--h2_typography-letter-spacing);\"><span class=\"fusion-imageframe imageframe-none imageframe-4 hover-type-none\"><img decoding=\"async\" width=\"2829\" height=\"1011\" title=\"ITINERARIO VIAJE\" data-src=\"https:\/\/universomola.com\/wp-content\/uploads\/2025\/03\/ITINERARIO-VIAJE.png\" alt class=\"img-responsive wp-image-65091 lazyload\" data-srcset=\"https:\/\/universomola.com\/wp-content\/uploads\/2025\/03\/ITINERARIO-VIAJE-200x71.png 200w, https:\/\/universomola.com\/wp-content\/uploads\/2025\/03\/ITINERARIO-VIAJE-400x143.png 400w, https:\/\/universomola.com\/wp-content\/uploads\/2025\/03\/ITINERARIO-VIAJE-600x214.png 600w, https:\/\/universomola.com\/wp-content\/uploads\/2025\/03\/ITINERARIO-VIAJE-800x286.png 800w, https:\/\/universomola.com\/wp-content\/uploads\/2025\/03\/ITINERARIO-VIAJE-1200x429.png 1200w, https:\/\/universomola.com\/wp-content\/uploads\/2025\/03\/ITINERARIO-VIAJE.png 2829w\" data-sizes=\"(max-width: 875px) 100vw, (max-width: 620px) 100vw, 1200px\" src=\"data:image\/svg+xml;base64,PHN2ZyB3aWR0aD0iMSIgaGVpZ2h0PSIxIiB4bWxucz0iaHR0cDovL3d3dy53My5vcmcvMjAwMC9zdmciPjwvc3ZnPg==\" style=\"--smush-placeholder-width: 2829px; --smush-placeholder-aspect-ratio: 2829\/1011;\" \/><\/span><\/div><\/div><\/div><\/div><\/div><div class=\"fusion-fullwidth fullwidth-box fusion-builder-row-5 fusion-flex-container has-pattern-background has-mask-background hundred-percent-fullwidth non-hundred-percent-height-scrolling\" style=\"--awb-border-radius-top-left:0px;--awb-border-radius-top-right:0px;--awb-border-radius-bottom-right:0px;--awb-border-radius-bottom-left:0px;--awb-flex-wrap:wrap;\" ><div class=\"fusion-builder-row fusion-row fusion-flex-align-items-center fusion-flex-justify-content-center fusion-flex-content-wrap\" style=\"width:104% !important;max-width:104% !important;margin-left: calc(-4% \/ 2 );margin-right: calc(-4% \/ 2 );\"><div class=\"fusion-layout-column fusion_builder_column fusion-builder-column-6 fusion_builder_column_1_1 1_1 fusion-flex-column\" style=\"--awb-bg-size:cover;--awb-width-large:100%;--awb-margin-top-large:25px;--awb-spacing-right-large:1.92%;--awb-margin-bottom-large:25px;--awb-spacing-left-large:1.92%;--awb-width-medium:100%;--awb-order-medium:0;--awb-spacing-right-medium:1.92%;--awb-spacing-left-medium:1.92%;--awb-width-small:100%;--awb-order-small:0;--awb-spacing-right-small:1.92%;--awb-spacing-left-small:1.92%;\" data-motion-effects=\"[{&quot;type&quot;:&quot;&quot;,&quot;scroll_type&quot;:&quot;transition&quot;,&quot;scroll_direction&quot;:&quot;up&quot;,&quot;transition_speed&quot;:&quot;1&quot;,&quot;fade_type&quot;:&quot;in&quot;,&quot;scale_type&quot;:&quot;up&quot;,&quot;initial_scale&quot;:&quot;1&quot;,&quot;max_scale&quot;:&quot;1.5&quot;,&quot;min_scale&quot;:&quot;0.5&quot;,&quot;initial_rotate&quot;:&quot;0&quot;,&quot;end_rotate&quot;:&quot;30&quot;,&quot;initial_blur&quot;:&quot;0&quot;,&quot;end_blur&quot;:&quot;3&quot;,&quot;start_element&quot;:&quot;top&quot;,&quot;start_viewport&quot;:&quot;bottom&quot;,&quot;end_element&quot;:&quot;bottom&quot;,&quot;end_viewport&quot;:&quot;top&quot;,&quot;mouse_effect&quot;:&quot;track&quot;,&quot;mouse_effect_direction&quot;:&quot;opposite&quot;,&quot;mouse_effect_speed&quot;:&quot;2&quot;,&quot;infinite_animation&quot;:&quot;float&quot;,&quot;infinite_animation_speed&quot;:&quot;2&quot;}]\" data-scroll-devices=\"small-visibility,medium-visibility,large-visibility\"><div class=\"fusion-column-wrapper fusion-column-has-shadow fusion-flex-justify-content-center fusion-content-layout-column\"><div class=\"fusion-image-element\" style=\"text-align:center;--awb-caption-title-font-family:var(--h2_typography-font-family);--awb-caption-title-font-weight:var(--h2_typography-font-weight);--awb-caption-title-font-style:var(--h2_typography-font-style);--awb-caption-title-size:var(--h2_typography-font-size);--awb-caption-title-transform:var(--h2_typography-text-transform);--awb-caption-title-line-height:var(--h2_typography-line-height);--awb-caption-title-letter-spacing:var(--h2_typography-letter-spacing);\"><span class=\"fusion-imageframe imageframe-none imageframe-5 hover-type-none\"><img decoding=\"async\" width=\"1024\" height=\"435\" title=\"Precio\" data-src=\"https:\/\/universomola.com\/wp-content\/uploads\/2025\/03\/Precio-1024x435.png\" alt class=\"img-responsive wp-image-65090 lazyload\" data-srcset=\"https:\/\/universomola.com\/wp-content\/uploads\/2025\/03\/Precio-200x85.png 200w, https:\/\/universomola.com\/wp-content\/uploads\/2025\/03\/Precio-400x170.png 400w, https:\/\/universomola.com\/wp-content\/uploads\/2025\/03\/Precio-600x255.png 600w, https:\/\/universomola.com\/wp-content\/uploads\/2025\/03\/Precio-800x340.png 800w, https:\/\/universomola.com\/wp-content\/uploads\/2025\/03\/Precio-1200x510.png 1200w\" data-sizes=\"(max-width: 875px) 100vw, (max-width: 620px) 100vw, 1200px\" src=\"data:image\/svg+xml;base64,PHN2ZyB3aWR0aD0iMSIgaGVpZ2h0PSIxIiB4bWxucz0iaHR0cDovL3d3dy53My5vcmcvMjAwMC9zdmciPjwvc3ZnPg==\" style=\"--smush-placeholder-width: 1024px; --smush-placeholder-aspect-ratio: 1024\/435;\" \/><\/span><\/div><\/div><\/div><\/div><\/div><\/p>","protected":false},"excerpt":{"rendered":"","protected":false},"author":7,"featured_media":0,"parent":0,"menu_order":0,"comment_status":"closed","ping_status":"closed","template":"100-width.php","meta":{"_monsterinsights_skip_tracking":false,"_monsterinsights_sitenote_active":false,"_monsterinsights_sitenote_note":"","_monsterinsights_sitenote_category":0,"footnotes":""},"class_list":["post-65081","page","type-page","status-publish","hentry"],"_links":{"self":[{"href":"https:\/\/universomola.com\/en\/wp-json\/wp\/v2\/pages\/65081","targetHints":{"allow":["GET"]}}],"collection":[{"href":"https:\/\/universomola.com\/en\/wp-json\/wp\/v2\/pages"}],"about":[{"href":"https:\/\/universomola.com\/en\/wp-json\/wp\/v2\/types\/page"}],"author":[{"embeddable":true,"href":"https:\/\/universomola.com\/en\/wp-json\/wp\/v2\/users\/7"}],"replies":[{"embeddable":true,"href":"https:\/\/universomola.com\/en\/wp-json\/wp\/v2\/comments?post=65081"}],"version-history":[{"count":5,"href":"https:\/\/universomola.com\/en\/wp-json\/wp\/v2\/pages\/65081\/revisions"}],"predecessor-version":[{"id":65107,"href":"https:\/\/universomola.com\/en\/wp-json\/wp\/v2\/pages\/65081\/revisions\/65107"}],"wp:attachment":[{"href":"https:\/\/universomola.com\/en\/wp-json\/wp\/v2\/media?parent=65081"}],"curies":[{"name":"wp","href":"https:\/\/api.w.org\/{rel}","templated":true}]}}