{"id":65587,"date":"2025-07-24T11:42:55","date_gmt":"2025-07-24T16:42:55","guid":{"rendered":"https:\/\/universomola.com\/?page_id=65587"},"modified":"2025-07-24T12:07:42","modified_gmt":"2025-07-24T17:07:42","slug":"webinar-con-diva-lomas","status":"publish","type":"page","link":"https:\/\/universomola.com\/en\/mola-educa\/webinar-con-diva-lomas\/","title":{"rendered":"Webinar con Diva Lomas"},"content":{"rendered":"<div class=\"fusion-fullwidth fullwidth-box fusion-builder-row-1 fusion-flex-container nonhundred-percent-fullwidth non-hundred-percent-height-scrolling\" style=\"--awb-border-radius-top-left:0px;--awb-border-radius-top-right:0px;--awb-border-radius-bottom-right:0px;--awb-border-radius-bottom-left:0px;--awb-flex-wrap:wrap;\" ><div class=\"fusion-builder-row fusion-row fusion-flex-align-items-flex-start fusion-flex-content-wrap\" style=\"max-width:1248px;margin-left: calc(-4% \/ 2 );margin-right: calc(-4% \/ 2 );\"><div class=\"fusion-layout-column fusion_builder_column fusion-builder-column-0 fusion_builder_column_1_4 1_4 fusion-flex-column\" style=\"--awb-bg-size:cover;--awb-width-large:25%;--awb-margin-top-large:25px;--awb-spacing-right-large:7.68%;--awb-margin-bottom-large:25px;--awb-spacing-left-large:7.68%;--awb-width-medium:100%;--awb-order-medium:0;--awb-spacing-right-medium:1.92%;--awb-spacing-left-medium:1.92%;--awb-width-small:100%;--awb-order-small:0;--awb-spacing-right-small:1.92%;--awb-spacing-left-small:1.92%;\"><div class=\"fusion-column-wrapper fusion-column-has-shadow fusion-flex-justify-content-flex-start fusion-content-layout-column\"><div class=\"fusion-separator fusion-full-width-sep\" style=\"align-self: center;margin-left: auto;margin-right: auto;width:100%;\"><\/div><div class=\"fusion-image-element fusion-no-medium-visibility\" style=\"--awb-caption-title-font-family:var(--h2_typography-font-family);--awb-caption-title-font-weight:var(--h2_typography-font-weight);--awb-caption-title-font-style:var(--h2_typography-font-style);--awb-caption-title-size:var(--h2_typography-font-size);--awb-caption-title-transform:var(--h2_typography-text-transform);--awb-caption-title-line-height:var(--h2_typography-line-height);--awb-caption-title-letter-spacing:var(--h2_typography-letter-spacing);\"><span class=\"fusion-imageframe imageframe-none imageframe-1 hover-type-zoomin\"><img decoding=\"async\" width=\"1024\" height=\"1280\" title=\"4902415254252793524\" data-src=\"https:\/\/universomola.com\/wp-content\/uploads\/2025\/07\/4902415254252793524.jpg\" alt class=\"img-responsive wp-image-65588 lazyload\" data-srcset=\"https:\/\/universomola.com\/wp-content\/uploads\/2025\/07\/4902415254252793524-200x250.jpg 200w, https:\/\/universomola.com\/wp-content\/uploads\/2025\/07\/4902415254252793524-400x500.jpg 400w, https:\/\/universomola.com\/wp-content\/uploads\/2025\/07\/4902415254252793524-600x750.jpg 600w, https:\/\/universomola.com\/wp-content\/uploads\/2025\/07\/4902415254252793524-800x1000.jpg 800w, https:\/\/universomola.com\/wp-content\/uploads\/2025\/07\/4902415254252793524.jpg 1024w\" data-sizes=\"(max-width: 875px) 100vw, (max-width: 620px) 100vw, 400px\" src=\"data:image\/svg+xml;base64,PHN2ZyB3aWR0aD0iMSIgaGVpZ2h0PSIxIiB4bWxucz0iaHR0cDovL3d3dy53My5vcmcvMjAwMC9zdmciPjwvc3ZnPg==\" style=\"--smush-placeholder-width: 1024px; --smush-placeholder-aspect-ratio: 1024\/1280;\" \/><\/span><\/div><\/div><\/div><div class=\"fusion-layout-column fusion_builder_column fusion-builder-column-1 fusion-flex-column\" style=\"--awb-bg-size:cover;--awb-width-large:70.39%;--awb-margin-top-large:25px;--awb-spacing-right-large:2.7276601790027%;--awb-margin-bottom-large:25px;--awb-spacing-left-large:2.7276601790027%;--awb-width-medium:100%;--awb-order-medium:0;--awb-spacing-right-medium:1.92%;--awb-spacing-left-medium:1.92%;--awb-width-small:100%;--awb-order-small:0;--awb-spacing-right-small:1.92%;--awb-spacing-left-small:1.92%;\"><div class=\"fusion-column-wrapper fusion-column-has-shadow fusion-flex-justify-content-flex-start fusion-content-layout-column\"><div class=\"fusion-text fusion-text-1\" style=\"--awb-text-font-family:Arial, Helvetica, sans-serif;--awb-text-font-style:normal;--awb-text-font-weight:400;\"><h3 class=\"style-scope ytd-watch-metadata\" style=\"--fontsize: 28; line-height: 1.26; text-align: left;\" data-fontsize=\"28\" data-lineheight=\"35.28px\"><strong><span style=\"vertical-align: inherit;\"><span style=\"vertical-align: inherit;\">TU IMAGEN HABLA. <\/span><\/span><\/strong><span style=\"vertical-align: inherit;\"><span style=\"vertical-align: inherit;\"><span style=\"vertical-align: inherit;\"><span style=\"vertical-align: inherit;\">\u00bfYA SABES LO QUE EST\u00c1 DICIENDO DE TI?<\/span><\/span><\/span><\/span><\/h3>\n<h4 class=\"fusion-responsive-typography-calculated\" style=\"text-align: center; --fontsize: 22; line-height: 1.34; --minfontsize: 22;\" data-fontsize=\"22\" data-lineheight=\"29.48px\"><\/h4>\n<\/div><div class=\"fusion-text fusion-text-2\"><p style=\"text-align: justify; color: #000000;\">Desc\u00fabrelo en el webinar exclusivo con Diva Lomas, experta en imagen, branding personal, donde a trav\u00e9s de su experiencia, explicar\u00e1 c\u00f3mo alinear tu imagen personal y visual con el prop\u00f3sito que te mueve.<\/p>\n<\/div><ul style=\"--awb-line-height:23.8px;--awb-icon-width:23.8px;--awb-icon-height:23.8px;--awb-icon-margin:9.8px;--awb-content-margin:33.6px;\" class=\"fusion-checklist fusion-checklist-1 fusion-checklist-default type-icons\"><li class=\"fusion-li-item\" style=\"\"><span class=\"icon-wrapper circle-no\"><i class=\"fusion-li-icon fa-calendar-check fas\" aria-hidden=\"true\"><\/i><\/span><div class=\"fusion-li-item-content\">\n<p><strong>30 de julio<\/strong> 3:00 P.M (CDMX) 4:00 P.M (COL) 6:00 P.M (ARG)<\/p>\n<\/div><\/li><\/ul><div class=\"fusion-separator fusion-full-width-sep\" style=\"align-self: center;margin-left: auto;margin-right: auto;flex-grow:8;margin-top:20px;margin-bottom:20px;width:100%;\"><div class=\"fusion-separator-border sep-single sep-solid\" style=\"--awb-height:20px;--awb-amount:20px;border-color:rgba(40,45,51,0.1);border-top-width:1px;\"><\/div><\/div><div ><a class=\"fusion-button button-flat fusion-button-default-size button-default fusion-button-default button-1 fusion-button-default-span fusion-button-default-type\" target=\"_self\" href=\"https:\/\/us06web.zoom.us\/meeting\/register\/GPSPpBS-SDSKeZJOF6UgbQ#\/registration\"><span class=\"fusion-button-text\">INSCR\u00cdBETE AQU\u00cd<\/span><\/a><\/div><\/div><\/div><\/div><\/div>","protected":false},"excerpt":{"rendered":"","protected":false},"author":7,"featured_media":0,"parent":9477,"menu_order":0,"comment_status":"closed","ping_status":"closed","template":"","meta":{"_monsterinsights_skip_tracking":false,"_monsterinsights_sitenote_active":false,"_monsterinsights_sitenote_note":"","_monsterinsights_sitenote_category":0,"footnotes":""},"class_list":["post-65587","page","type-page","status-publish","hentry"],"_links":{"self":[{"href":"https:\/\/universomola.com\/en\/wp-json\/wp\/v2\/pages\/65587","targetHints":{"allow":["GET"]}}],"collection":[{"href":"https:\/\/universomola.com\/en\/wp-json\/wp\/v2\/pages"}],"about":[{"href":"https:\/\/universomola.com\/en\/wp-json\/wp\/v2\/types\/page"}],"author":[{"embeddable":true,"href":"https:\/\/universomola.com\/en\/wp-json\/wp\/v2\/users\/7"}],"replies":[{"embeddable":true,"href":"https:\/\/universomola.com\/en\/wp-json\/wp\/v2\/comments?post=65587"}],"version-history":[{"count":6,"href":"https:\/\/universomola.com\/en\/wp-json\/wp\/v2\/pages\/65587\/revisions"}],"predecessor-version":[{"id":65604,"href":"https:\/\/universomola.com\/en\/wp-json\/wp\/v2\/pages\/65587\/revisions\/65604"}],"up":[{"embeddable":true,"href":"https:\/\/universomola.com\/en\/wp-json\/wp\/v2\/pages\/9477"}],"wp:attachment":[{"href":"https:\/\/universomola.com\/en\/wp-json\/wp\/v2\/media?parent=65587"}],"curies":[{"name":"wp","href":"https:\/\/api.w.org\/{rel}","templated":true}]}}